{"id":4483,"date":"2012-12-06T11:51:38","date_gmt":"2012-12-06T08:51:38","guid":{"rendered":"https:\/\/editura-unibuc.ro\/?p=4483"},"modified":"2025-08-07T11:24:24","modified_gmt":"2025-08-07T08:24:24","slug":"spectrochemical-methods-of-analysis-a-laboratory-guide","status":"publish","type":"product","link":"https:\/\/editura-unibuc.ro\/en\/spectrochemical-methods-of-analysis-a-laboratory-guide\/","title":{"rendered":"SPECTROCHEMICAL METHODS OF ANALYSIS \u2013 A LABORATORY GUIDE"},"content":{"rendered":"<p>The present \u201cLaboratory Guide\u201d is dedicated to the students of the Faculty of Chemistry as well as to all them which are interested in learning and applying the basic principles of UV\/VIS and IR spectrochemical methods. (Prezentul \u201eCaiet de laborator\u201d este destinat studen\u021bilor Facult\u0103\u021bii de Chimie, dar \u0219i tuturor celor care sunt interesa\u021bi \u00een a \u00eenv\u0103\u021ba \u0219i aplica principiile de baz\u0103 ale metodelor spectrochimice in UV\/VIS \u0219i IR).<\/p>\n","protected":false},"excerpt":{"rendered":"<p>The present \u201cLaboratory Guide\u201d is dedicated to the students of the Faculty of Chemistry as well as to all them which are interested in learning and applying the basic principles of UV\/VIS and IR spectrochemical methods. (Prezentul \u201eCaiet de laborator\u201d este destinat studen\u021bilor Facult\u0103\u021bii de Chimie, dar \u0219i tuturor celor care sunt interesa\u021bi \u00een a [&hellip;]<\/p>\n","protected":false},"featured_media":8997,"comment_status":"open","ping_status":"closed","template":"","meta":[],"product_brand":[],"product_cat":[982,983],"product_tag":[907],"class_list":{"0":"post-4483","1":"product","2":"type-product","3":"status-publish","4":"has-post-thumbnail","6":"product_cat-stiinte-exacte","7":"product_cat-chimie","8":"product_tag-chimie","10":"first","11":"outofstock","12":"shipping-taxable","13":"purchasable","14":"product-type-simple"},"_links":{"self":[{"href":"https:\/\/editura-unibuc.ro\/en\/wp-json\/wp\/v2\/product\/4483","targetHints":{"allow":["GET"]}}],"collection":[{"href":"https:\/\/editura-unibuc.ro\/en\/wp-json\/wp\/v2\/product"}],"about":[{"href":"https:\/\/editura-unibuc.ro\/en\/wp-json\/wp\/v2\/types\/product"}],"replies":[{"embeddable":true,"href":"https:\/\/editura-unibuc.ro\/en\/wp-json\/wp\/v2\/comments?post=4483"}],"wp:featuredmedia":[{"embeddable":true,"href":"https:\/\/editura-unibuc.ro\/en\/wp-json\/wp\/v2\/media\/8997"}],"wp:attachment":[{"href":"https:\/\/editura-unibuc.ro\/en\/wp-json\/wp\/v2\/media?parent=4483"}],"wp:term":[{"taxonomy":"product_brand","embeddable":true,"href":"https:\/\/editura-unibuc.ro\/en\/wp-json\/wp\/v2\/product_brand?post=4483"},{"taxonomy":"product_cat","embeddable":true,"href":"https:\/\/editura-unibuc.ro\/en\/wp-json\/wp\/v2\/product_cat?post=4483"},{"taxonomy":"product_tag","embeddable":true,"href":"https:\/\/editura-unibuc.ro\/en\/wp-json\/wp\/v2\/product_tag?post=4483"}],"curies":[{"name":"wp","href":"https:\/\/api.w.org\/{rel}","templated":true}]}}