{"id":4496,"date":"2012-12-06T12:41:38","date_gmt":"2012-12-06T10:41:38","guid":{"rendered":"https:\/\/editura-unibuc.ro\/?p=4496"},"modified":"2023-09-29T11:03:57","modified_gmt":"2023-09-29T08:03:57","slug":"fizica-starii-solide-transportul-electronilor-magnetismul-si-supraconductibilitatea-partea-i-ii","status":"publish","type":"product","link":"https:\/\/editura-unibuc.ro\/en\/fizica-starii-solide-transportul-electronilor-magnetismul-si-supraconductibilitatea-partea-i-ii\/","title":{"rendered":"SOLID STATE PHYSICS. ELECTRONS TRANSPORT, MAGNETISM AND SUPERCONDUCTION. PART I"},"content":{"rendered":"<p>Cartea de fa\u021b\u0103 cuprinde cursul extins predat de c\u0103tre autor studen\u021bilor din anul al IV-lea de la Facultatea de Fizic\u0103 a Universit\u0103\u021bii din Bucure\u0219ti, mai \u00eent\u00e2i \u00een rom\u00e2ne\u0219te \u0219i ulterior \u00een limbile englez\u0103 \u0219i francez\u0103. Sunt de asemenea inserate \u0219i unele probleme predate de c\u0103tre autor studen\u021bilor de la Masterat \u0219i \u0218coala Doctoral\u0103.<\/p>\n<p>Cartea cuprinde 5 capitole. \u00cen primul capitol, intitulat ,,Semiconductorii\u201d, se prezint\u0103 principalele propriet\u0103\u021bi ale semiconductorilor: parametrii caracteristici, electroni \u0219i goluri, excitonii \u0219i polaronii. \u00cen capitolul al II-lea, intitulat ,,Transportul electronilor\u201d, se prezint\u0103 ecua\u021bia cinetic\u0103 a lui Boltzmann, timpul de relaxare a purt\u0103torilor de sarcin\u0103, efecte galvanomagnetice, termoelectrice \u0219i termomagnetice, magnetorezisten\u021ba gigantic\u0103, efectul Hall cuantic, efectul Aharonov-Bohm, percola\u021bia etc. Capitolul al III-lea este dedicat Electronicii. Pe l\u00e2ng\u0103 dispozitivele semiconductoare consacrate (jonc\u021biunea p-n, heterojonc\u021biuni, dioda metalsemiconductor, tranzistorul bipolar, tranzistorul MOS) sunt prezentate \u0219i dispozitivele actuale, cum ar fi punctul cuantic, tranzistorul cu un singur electron, nanotubul de carbon. Capitolul al IV-lea este dedicat fenomenelor magnetice: paramagnetismul, diamagnetismul, feromagnetismul, ferimagnetismul, antiferomagnetismul, comutatorul bipolar de spin, rezonan\u021ba electronic\u0103 de spin, rezonan\u021ba magnetic\u0103 nuclear\u0103, efectul Moesbauer etc. Capitolul al V-lea este dedicat supraconductibilit\u0103\u021bii: parametrii caracteristici (lungimea de coeren\u021b\u0103 a perechilor \u0219i ad\u00e2ncimea de p\u0103trundere a c\u00e2mpului magnetic), dispozitive Josephson \u0219i interferometrul cuantic, supraconductori cu temperatura critic\u0103 \u00eenalt\u0103.<\/p>\n","protected":false},"excerpt":{"rendered":"<p>Cartea de fa\u021b\u0103 cuprinde cursul extins predat de c\u0103tre autor studen\u021bilor din anul al IV-lea de la Facultatea de Fizic\u0103 a Universit\u0103\u021bii din Bucure\u0219ti, mai \u00eent\u00e2i \u00een rom\u00e2ne\u0219te \u0219i ulterior \u00een limbile englez\u0103 \u0219i francez\u0103. Sunt de asemenea inserate \u0219i unele probleme predate de c\u0103tre autor studen\u021bilor de la Masterat \u0219i \u0218coala Doctoral\u0103. Cartea cuprinde [&hellip;]<\/p>\n","protected":false},"featured_media":8992,"comment_status":"open","ping_status":"closed","template":"","meta":[],"product_brand":[],"product_cat":[982,984],"product_tag":[908],"class_list":{"0":"post-4496","1":"product","2":"type-product","3":"status-publish","4":"has-post-thumbnail","6":"product_cat-stiinte-exacte","7":"product_cat-fizica","8":"product_tag-fizica","10":"first","11":"outofstock","12":"shipping-taxable","13":"purchasable","14":"product-type-simple"},"_links":{"self":[{"href":"https:\/\/editura-unibuc.ro\/en\/wp-json\/wp\/v2\/product\/4496","targetHints":{"allow":["GET"]}}],"collection":[{"href":"https:\/\/editura-unibuc.ro\/en\/wp-json\/wp\/v2\/product"}],"about":[{"href":"https:\/\/editura-unibuc.ro\/en\/wp-json\/wp\/v2\/types\/product"}],"replies":[{"embeddable":true,"href":"https:\/\/editura-unibuc.ro\/en\/wp-json\/wp\/v2\/comments?post=4496"}],"wp:featuredmedia":[{"embeddable":true,"href":"https:\/\/editura-unibuc.ro\/en\/wp-json\/wp\/v2\/media\/8992"}],"wp:attachment":[{"href":"https:\/\/editura-unibuc.ro\/en\/wp-json\/wp\/v2\/media?parent=4496"}],"wp:term":[{"taxonomy":"product_brand","embeddable":true,"href":"https:\/\/editura-unibuc.ro\/en\/wp-json\/wp\/v2\/product_brand?post=4496"},{"taxonomy":"product_cat","embeddable":true,"href":"https:\/\/editura-unibuc.ro\/en\/wp-json\/wp\/v2\/product_cat?post=4496"},{"taxonomy":"product_tag","embeddable":true,"href":"https:\/\/editura-unibuc.ro\/en\/wp-json\/wp\/v2\/product_tag?post=4496"}],"curies":[{"name":"wp","href":"https:\/\/api.w.org\/{rel}","templated":true}]}}