{"id":4526,"date":"2012-12-07T13:15:39","date_gmt":"2012-12-07T10:15:39","guid":{"rendered":"https:\/\/editura-unibuc.ro\/?p=4526"},"modified":"2024-05-13T12:39:26","modified_gmt":"2024-05-13T09:39:26","slug":"limba-romana-directii-actuale-in-cercetarea-lingvistica-i-gramatica-fonetica-si-fonologie-istoria-limbii-romane-filologie","status":"publish","type":"product","link":"https:\/\/editura-unibuc.ro\/en\/limba-romana-directii-actuale-in-cercetarea-lingvistica-i-gramatica-fonetica-si-fonologie-istoria-limbii-romane-filologie\/","title":{"rendered":"ROMANIAN LANGUAGE. NEW DIRECTIONS IN LINGUISTIC RESEARCH. I GRAMMAR, PHONETICS, PHONOLOGY, HISTORY OF ROMANIAN LANGUAGE, PHILOLOGY. PROCEEDINGS OF THE 11TH INTERNATIONAL COLLOQUIUM OF THE LINGUISTICS DEPARTMENT (BUCHAREST, DECEMBER 9-10, 2011)"},"content":{"rendered":"<p>\u00cen acest al doilea volum al comunic\u0103rilor Departamentului de Lingvistic\u0103 (Catedra de Limba Rom\u00e2n\u0103) al Facult\u0103\u021bii de Litere, Universitatea Bucure\u0219ti, reg\u0103sim articole despre tipurile de termeni, terminologii, cuvinte \u0219i sensuri noi, abord\u0103ri recente \u0219i inovatoare \u00een domenii precum: onomastica, limbajul economic, meteorologic, argoul adolescen\u021bilor, precum \u0219i articole mai teoretice. Sec\u021biunea de stilistic\u0103, pragmatic\u0103, retoric\u0103 \u0219i argumentare prezint\u0103 studii relevante privind poezia lui Lucian Blaga, Tudor Arghezi, caracteristici lingvistice ale mediului online al\u0103turi de c\u00e2teva lucr\u0103ri de natur\u0103 conceptual\u0103.<\/p>\n","protected":false},"excerpt":{"rendered":"<p>\u00cen acest al doilea volum al comunic\u0103rilor Departamentului de Lingvistic\u0103 (Catedra de Limba Rom\u00e2n\u0103) al Facult\u0103\u021bii de Litere, Universitatea Bucure\u0219ti, reg\u0103sim articole despre tipurile de termeni, terminologii, cuvinte \u0219i sensuri noi, abord\u0103ri recente \u0219i inovatoare \u00een domenii precum: onomastica, limbajul economic, meteorologic, argoul adolescen\u021bilor, precum \u0219i articole mai teoretice. Sec\u021biunea de stilistic\u0103, pragmatic\u0103, retoric\u0103 \u0219i [&hellip;]<\/p>\n","protected":false},"featured_media":8983,"comment_status":"open","ping_status":"closed","template":"","meta":[],"product_brand":[],"product_cat":[1464,979],"product_tag":[895,925],"class_list":{"0":"post-4526","1":"product","2":"type-product","3":"status-publish","4":"has-post-thumbnail","6":"product_cat-filologie","7":"product_cat-limba-romana","8":"product_tag-lingvistica","9":"product_tag-romana","11":"first","12":"outofstock","13":"shipping-taxable","14":"purchasable","15":"product-type-simple"},"_links":{"self":[{"href":"https:\/\/editura-unibuc.ro\/en\/wp-json\/wp\/v2\/product\/4526","targetHints":{"allow":["GET"]}}],"collection":[{"href":"https:\/\/editura-unibuc.ro\/en\/wp-json\/wp\/v2\/product"}],"about":[{"href":"https:\/\/editura-unibuc.ro\/en\/wp-json\/wp\/v2\/types\/product"}],"replies":[{"embeddable":true,"href":"https:\/\/editura-unibuc.ro\/en\/wp-json\/wp\/v2\/comments?post=4526"}],"wp:featuredmedia":[{"embeddable":true,"href":"https:\/\/editura-unibuc.ro\/en\/wp-json\/wp\/v2\/media\/8983"}],"wp:attachment":[{"href":"https:\/\/editura-unibuc.ro\/en\/wp-json\/wp\/v2\/media?parent=4526"}],"wp:term":[{"taxonomy":"product_brand","embeddable":true,"href":"https:\/\/editura-unibuc.ro\/en\/wp-json\/wp\/v2\/product_brand?post=4526"},{"taxonomy":"product_cat","embeddable":true,"href":"https:\/\/editura-unibuc.ro\/en\/wp-json\/wp\/v2\/product_cat?post=4526"},{"taxonomy":"product_tag","embeddable":true,"href":"https:\/\/editura-unibuc.ro\/en\/wp-json\/wp\/v2\/product_tag?post=4526"}],"curies":[{"name":"wp","href":"https:\/\/api.w.org\/{rel}","templated":true}]}}