{"id":45281,"date":"2024-04-16T12:05:04","date_gmt":"2024-04-16T09:05:04","guid":{"rendered":"https:\/\/editura-unibuc.ro\/?post_type=product&#038;p=45281"},"modified":"2025-09-17T11:19:03","modified_gmt":"2025-09-17T08:19:03","slug":"a-formacao-continua-em-didatica-do-plnm-contributos-para-uma-proposta-em-regime-de-elearning-destinada-aos-leitores-camoes-i-p","status":"publish","type":"product","link":"https:\/\/editura-unibuc.ro\/en\/a-formacao-continua-em-didatica-do-plnm-contributos-para-uma-proposta-em-regime-de-elearning-destinada-aos-leitores-camoes-i-p\/","title":{"rendered":"A FORMA\u00c7\u00c3O CONT\u00cdNUA EM DID\u00c1TICA DO PLNM: CONTRIBUTOS PARA UMA PROPOSTA EM REGIME DE eLearning DESTINADA AOS LEITORES CAM\u00d5ES, I.P."},"content":{"rendered":"","protected":false},"excerpt":{"rendered":"<hr \/>\n<p><strong><a href=\"https:\/\/books.google.ro\/books\/about?id=_CEMEQAAQBAJ&amp;redir_esc=y\" target=\"_blank\" rel=\"noopener\"><img decoding=\"async\" src=\"https:\/\/editura-unibuc.ro\/wp-content\/uploads\/2025\/04\/goo.png\" \/>Google Books<\/a><\/strong><br \/>&nbsp;<\/p>\n<hr \/>\n<p>Portuguese as a Foreign Language (PFL) learning and teaching, a project enjoying remarkable (inter)national expansion, appeals to Didactics&#8217; core mission: to draw on the interaction between theorists and teachers, in order to study subjects in specific educational settings and contribute to the building of dynamic, meaningful and context-based knowledge. Bearing in mind, on the one hand, the importance of said discipline in the Continuing Education (CE) of teachers; having, on the other hand, recognized the absence of academic research based upon the work of the Cam\u00f5es Institute for Cooperation and Language, I.P. (Cam\u00f5 es, I.P.) Teachers and Readers, as well as a lack of proposals for the scientific and pedagogical updating of their practices, on this book we offer our contribution to the field, based on the edification of the DidacticTriptych.<\/p>\n","protected":false},"featured_media":46108,"comment_status":"open","ping_status":"closed","template":"","meta":[],"product_brand":[],"product_cat":[3823,1531,853,1464,980],"product_tag":[2029],"class_list":{"0":"post-45281","1":"product","2":"type-product","3":"status-publish","4":"has-post-thumbnail","6":"product_cat-stiinte-umane","7":"product_cat-colectii","8":"product_cat-colectia-didactica-magna","9":"product_cat-filologie","10":"product_cat-limbi-romanice-clasice-si-orientale","11":"product_tag-limba-portugheza","13":"first","14":"outofstock","15":"shipping-taxable","16":"purchasable","17":"product-type-simple"},"_links":{"self":[{"href":"https:\/\/editura-unibuc.ro\/en\/wp-json\/wp\/v2\/product\/45281","targetHints":{"allow":["GET"]}}],"collection":[{"href":"https:\/\/editura-unibuc.ro\/en\/wp-json\/wp\/v2\/product"}],"about":[{"href":"https:\/\/editura-unibuc.ro\/en\/wp-json\/wp\/v2\/types\/product"}],"replies":[{"embeddable":true,"href":"https:\/\/editura-unibuc.ro\/en\/wp-json\/wp\/v2\/comments?post=45281"}],"wp:featuredmedia":[{"embeddable":true,"href":"https:\/\/editura-unibuc.ro\/en\/wp-json\/wp\/v2\/media\/46108"}],"wp:attachment":[{"href":"https:\/\/editura-unibuc.ro\/en\/wp-json\/wp\/v2\/media?parent=45281"}],"wp:term":[{"taxonomy":"product_brand","embeddable":true,"href":"https:\/\/editura-unibuc.ro\/en\/wp-json\/wp\/v2\/product_brand?post=45281"},{"taxonomy":"product_cat","embeddable":true,"href":"https:\/\/editura-unibuc.ro\/en\/wp-json\/wp\/v2\/product_cat?post=45281"},{"taxonomy":"product_tag","embeddable":true,"href":"https:\/\/editura-unibuc.ro\/en\/wp-json\/wp\/v2\/product_tag?post=45281"}],"curies":[{"name":"wp","href":"https:\/\/api.w.org\/{rel}","templated":true}]}}