{"id":4534,"date":"2012-12-07T13:29:36","date_gmt":"2012-12-07T11:29:36","guid":{"rendered":"https:\/\/editura-unibuc.ro\/?p=4534"},"modified":"2024-07-22T11:45:40","modified_gmt":"2024-07-22T08:45:40","slug":"limba-si-literatura-romana-noi-abordari-si-cercetari-didactice","status":"publish","type":"product","link":"https:\/\/editura-unibuc.ro\/en\/limba-si-literatura-romana-noi-abordari-si-cercetari-didactice\/","title":{"rendered":"ROMANIAN LANGUAGE AND LITERATURE. NEW APPROACHES AND DIDACTICAL RESEARCH. PROCEEDINGS OF THE 10TH AND THE 11TH INTERNATIONAL COLLOQUIUMS OF THE LINGUISTICS DEPARTMENT (BUCHAREST, DECEMBER 3-4, 2010 AND DECEMBER 9-10, 2011)"},"content":{"rendered":"<p>Volumul reune\u0219te comunic\u0103ri prezentate \u00een cadrul a dou\u0103 colocvii ale Departamentului de Lingvistic\u0103 din cadrul Facult\u0103\u021bii de Litere a Universit\u0103\u021bii din Bucure\u0219ti, desf\u0103\u0219urate \u00een luna decembrie a anului 2010, respectiv 2011. Structura este tematic\u0103, autorii lucr\u0103rilor abord\u00e2nd dimensiuni precum didactica lecturii, iar mai apoi didactica limbii \u0219i a comunic\u0103rii \u0219i predarea limbii rom\u00e2ne ca limb\u0103 str\u0103in\u0103. Lucr\u0103rile cuprinse \u00een volum propun perspective didactice moderne, au o \u021binut\u0103 \u0219tiin\u021bific\u0103 elevat\u0103 \u0219i pot provoca reflec\u021bia teoretic\u0103 \u0219i, deopotriv\u0103, experimentarea unor demersuri \u0219i strategii noi. (Florentina S\u00e2mih\u0103ian)<\/p>\n","protected":false},"excerpt":{"rendered":"<p>Volumul reune\u0219te comunic\u0103ri prezentate \u00een cadrul a dou\u0103 colocvii ale Departamentului de Lingvistic\u0103 din cadrul Facult\u0103\u021bii de Litere a Universit\u0103\u021bii din Bucure\u0219ti, desf\u0103\u0219urate \u00een luna decembrie a anului 2010, respectiv 2011. Structura este tematic\u0103, autorii lucr\u0103rilor abord\u00e2nd dimensiuni precum didactica lecturii, iar mai apoi didactica limbii \u0219i a comunic\u0103rii \u0219i predarea limbii rom\u00e2ne ca limb\u0103 [&hellip;]<\/p>\n","protected":false},"featured_media":8984,"comment_status":"open","ping_status":"closed","template":"","meta":[],"product_brand":[],"product_cat":[3906,1464,979,1469],"product_tag":[895,919,925],"class_list":{"0":"post-4534","1":"product","2":"type-product","3":"status-publish","4":"has-post-thumbnail","6":"product_cat-lucrari-congrese","7":"product_cat-filologie","8":"product_cat-limba-romana","9":"product_cat-periodice","10":"product_tag-lingvistica","11":"product_tag-literatura","12":"product_tag-romana","14":"first","15":"outofstock","16":"shipping-taxable","17":"purchasable","18":"product-type-simple"},"_links":{"self":[{"href":"https:\/\/editura-unibuc.ro\/en\/wp-json\/wp\/v2\/product\/4534","targetHints":{"allow":["GET"]}}],"collection":[{"href":"https:\/\/editura-unibuc.ro\/en\/wp-json\/wp\/v2\/product"}],"about":[{"href":"https:\/\/editura-unibuc.ro\/en\/wp-json\/wp\/v2\/types\/product"}],"replies":[{"embeddable":true,"href":"https:\/\/editura-unibuc.ro\/en\/wp-json\/wp\/v2\/comments?post=4534"}],"wp:featuredmedia":[{"embeddable":true,"href":"https:\/\/editura-unibuc.ro\/en\/wp-json\/wp\/v2\/media\/8984"}],"wp:attachment":[{"href":"https:\/\/editura-unibuc.ro\/en\/wp-json\/wp\/v2\/media?parent=4534"}],"wp:term":[{"taxonomy":"product_brand","embeddable":true,"href":"https:\/\/editura-unibuc.ro\/en\/wp-json\/wp\/v2\/product_brand?post=4534"},{"taxonomy":"product_cat","embeddable":true,"href":"https:\/\/editura-unibuc.ro\/en\/wp-json\/wp\/v2\/product_cat?post=4534"},{"taxonomy":"product_tag","embeddable":true,"href":"https:\/\/editura-unibuc.ro\/en\/wp-json\/wp\/v2\/product_tag?post=4534"}],"curies":[{"name":"wp","href":"https:\/\/api.w.org\/{rel}","templated":true}]}}