{"id":46113,"date":"2024-06-04T09:52:07","date_gmt":"2024-06-04T06:52:07","guid":{"rendered":"https:\/\/editura-unibuc.ro\/?post_type=product&#038;p=46113"},"modified":"2025-05-08T12:56:51","modified_gmt":"2025-05-08T09:56:51","slug":"idei-in-proprietate-o-introducere-in-etica-drepturilor-de-autor","status":"publish","type":"product","link":"https:\/\/editura-unibuc.ro\/en\/idei-in-proprietate-o-introducere-in-etica-drepturilor-de-autor\/","title":{"rendered":"IDEI \u00ceN PROPRIETATE. O INTRODUCERE \u00ceN ETICA DREPTURILOR DE AUTOR"},"content":{"rendered":"","protected":false},"excerpt":{"rendered":"<hr \/>\n<p><strong><a href=\"https:\/\/books.google.ro\/books\/about?id=cNENEQAAQBAJ&#038;redir_esc=y\" target=\"_blank\" rel=\"noopener\"><img decoding=\"async\" src=\"https:\/\/editura-unibuc.ro\/wp-content\/uploads\/2025\/04\/goo.png\" \/>Google Books<\/a><\/strong><br \/>&nbsp;<\/p>\n<hr \/>\n<p><strong>Digital version available on <a href=\"https:\/\/play.google.com\/store\/books\/details?id=0h4tEQAAQBAJ\" rel=\"noopener\" target=\"_blank\"><img decoding=\"async\" src=\"https:\/\/editura-unibuc.ro\/wp-content\/uploads\/2024\/03\/gp.jpg\">Google Play<\/a><\/p>\n<p><\/strong><\/p>\n<p>Tema propriet\u0103\u021bii intelectuale \u0219i a drepturilor de autor nu este str\u0103in\u0103 contextului cultural rom\u00e2nesc. De pild\u0103, \u00een ultimii ani, nenum\u0103ra\u021bi exper\u021bi \u0219i experte din zona \u0219tiin\u021belor juridice au tratat diverse implica\u021bii legale ale acestui tip special de proprietate. Pentru opinia public\u0103, tema a fost p\u00e2n\u0103 acum una interesant\u0103 mai degrab\u0103 prin prisma a dou\u0103 implica\u021bii provocatoare: pirateria (mai pu\u021bin, ce-i drept), plagiatul \u0219i, mai recent, statutul operelor create cu ajutorul Inteligen\u021bei Artificiale Generative.<br \/>\nP\u00e2n\u0103 \u00een acest moment, nu a existat \u00eens\u0103 un proiect editorial unitar \u0219i coerent care s\u0103 trateze problema drepturilor de autor din perspectiva filosofiei morale. De\u0219i departe de a fi exhaustiv\u0103, cercetarea de fa\u021b\u0103 \u0219i-a propus, \u00eentr-o abordare interdisciplinar\u0103 din care nu lipsesc, printre altele, economia \u0219i istoria, s\u0103 pun\u0103 bazele tocmai unei asemenea sarcini. Cartea poate fi citit\u0103 \u00een cel pu\u021bin dou\u0103 chei de lectur\u0103. Prima este una descriptiv\u0103: ofer\u0103 celor care vor parcurge aceste pagini o sistematizare, prezentare \u0219i analiz\u0103 detaliat\u0103 a principalelor argumente \u0219i contraargumente ale dreptului moral al autorilor de orice fel la propriile crea\u021bii.<br \/>\nPe de cealalt\u0103 parte, cercetarea aceasta nu ascunde deloc o pozi\u021bie normativ\u0103 adoptat\u0103 explicit. Una dintre tezele mele este aceea c\u0103 avem temeiuri puternice s\u0103 fim cel pu\u021bin sceptici at\u00e2t fa\u021b\u0103 de intui\u021biile noastre morale comune, c\u00e2t \u0219i fa\u021b\u0103 de principalele pozi\u021bii teoretice care sus\u021bin un regim robust al drepturilor de autor.<\/p>\n","protected":false},"featured_media":46211,"comment_status":"open","ping_status":"closed","template":"","meta":[],"product_brand":[],"product_cat":[3823,1531,2530,994],"product_tag":[3970,3410],"class_list":{"0":"post-46113","1":"product","2":"type-product","3":"status-publish","4":"has-post-thumbnail","6":"product_cat-stiinte-umane","7":"product_cat-colectii","8":"product_cat-filosofie-practica","9":"product_cat-filosofie","10":"product_tag-drepturi-de-autor","11":"product_tag-proprietate-intelectuala","13":"first","14":"instock","15":"shipping-taxable","16":"purchasable","17":"product-type-simple"},"_links":{"self":[{"href":"https:\/\/editura-unibuc.ro\/en\/wp-json\/wp\/v2\/product\/46113","targetHints":{"allow":["GET"]}}],"collection":[{"href":"https:\/\/editura-unibuc.ro\/en\/wp-json\/wp\/v2\/product"}],"about":[{"href":"https:\/\/editura-unibuc.ro\/en\/wp-json\/wp\/v2\/types\/product"}],"replies":[{"embeddable":true,"href":"https:\/\/editura-unibuc.ro\/en\/wp-json\/wp\/v2\/comments?post=46113"}],"wp:featuredmedia":[{"embeddable":true,"href":"https:\/\/editura-unibuc.ro\/en\/wp-json\/wp\/v2\/media\/46211"}],"wp:attachment":[{"href":"https:\/\/editura-unibuc.ro\/en\/wp-json\/wp\/v2\/media?parent=46113"}],"wp:term":[{"taxonomy":"product_brand","embeddable":true,"href":"https:\/\/editura-unibuc.ro\/en\/wp-json\/wp\/v2\/product_brand?post=46113"},{"taxonomy":"product_cat","embeddable":true,"href":"https:\/\/editura-unibuc.ro\/en\/wp-json\/wp\/v2\/product_cat?post=46113"},{"taxonomy":"product_tag","embeddable":true,"href":"https:\/\/editura-unibuc.ro\/en\/wp-json\/wp\/v2\/product_tag?post=46113"}],"curies":[{"name":"wp","href":"https:\/\/api.w.org\/{rel}","templated":true}]}}