{"id":46440,"date":"2024-07-03T10:19:43","date_gmt":"2024-07-03T07:19:43","guid":{"rendered":"https:\/\/editura-unibuc.ro\/?post_type=product&#038;p=46440"},"modified":"2025-04-28T14:11:00","modified_gmt":"2025-04-28T11:11:00","slug":"bine-ati-venit-in-romania-ghid-introductiv-pentru-profesorii-de-limba-romana-care-lucreaza-cu-elevii-din-familii-de-refugiatieditia-a-2-a-revizuita","status":"publish","type":"product","link":"https:\/\/editura-unibuc.ro\/en\/bine-ati-venit-in-romania-ghid-introductiv-pentru-profesorii-de-limba-romana-care-lucreaza-cu-elevii-din-familii-de-refugiatieditia-a-2-a-revizuita\/","title":{"rendered":"BINE A\u021aI VENIT \u00ceN ROM\u00c2NIA! GHID INTRODUCTIV PENTRU PROFESORII DE LIMBA ROM\u00c2N\u0102 CARE LUCREAZ\u0102 CU ELEVII DIN FAMILII DE REFUGIA\u021aI<br\/>vol. 1<br\/>edi\u021bia a 2-a, revizuit\u0103"},"content":{"rendered":"","protected":false},"excerpt":{"rendered":"<hr \/>\n<p><strong><a href=\"https:\/\/books.google.ro\/books\/about?id=sOoREQAAQBAJ&#038;redir_esc=y\" target=\"_blank\" rel=\"noopener\"><img decoding=\"async\" src=\"https:\/\/editura-unibuc.ro\/wp-content\/uploads\/2025\/04\/goo.png\" \/>Google Books<\/a><\/strong><br \/>&nbsp;<\/p>\n<hr \/>\n<p>Acest manual a fost atent revizuit \u0219i, mai ales, substan\u021bial \u00eembog\u0103\u021bit, pentru a r\u0103spunde c\u00e2t mai bine nevoilor cursan\u021bilor str\u0103ini \u0219i ale profesorilor care predau RLS. Am inclus, uneori implicit, alteori explicit, metode didactice \u0219i pedagogice contemporane, asigur\u00e2nd c\u0103 fiecare lec\u021bie, dincolo de con\u021binutul informa\u021bional, este interactiv\u0103 \u0219i accesibil\u0103. Abordarea noastr\u0103 se bazeaz\u0103 pe convingerea c\u0103 \u00eenv\u0103\u021barea limbii rom\u00e2ne ca limb\u0103 str\u0103in\u0103 trebuie s\u0103 fie o experien\u021b\u0103 complet\u0103 \u0219i, totodat\u0103, pl\u0103cut\u0103. Astfel, am propus o gam\u0103 variat\u0103 de exerci\u021bii \u0219i activit\u0103\u021bi (individuale, \u00een perechi, \u00een grupuri mai mici sau mai mari), dialoguri din via\u021ba de zi cu zi, precum \u0219i aspecte ce \u021bin de cultura \u0219i civiliza\u021bia spa\u021biului rom\u00e2nesc.<br \/>\nEdi\u021bia de fa\u021b\u0103 aduce \u00eembun\u0103t\u0103\u021biri semnificative \u00een privin\u021ba explica\u021biilor gramaticale, a<br \/>\nsec\u021biunilor privind vocabularul \u0219i a activit\u0103\u021bilor didactice. Aceste \u00eembun\u0103t\u0103\u021biri au scopul de a facilita o \u00een\u021belegere mai profund\u0103 a morfosintaxei \u0219i a semanticii rom\u00e2ne\u0219ti, oferind totodat\u0103 contexte variate de utilizare. \u00cen plus, am inclus \u0219i resurse digitale \u0219i tehnologice moderne, ceea ce d\u0103 ocazia cursan\u021bilor s\u0103 studieze \u0219i s\u0103 exerseze \u0219i \u00een afara s\u0103lii de curs.<\/p>\n","protected":false},"featured_media":46444,"comment_status":"open","ping_status":"closed","template":"","meta":[],"product_brand":[],"product_cat":[991,997],"product_tag":[3237,1041],"class_list":{"0":"post-46440","1":"product","2":"type-product","3":"status-publish","4":"has-post-thumbnail","6":"product_cat-stiinte-sociale","7":"product_cat-psihologie-stiintele-educatiei-si-pedagogie","8":"product_tag-pedagogie-moderna","9":"product_tag-psihopedagogie","11":"first","12":"instock","13":"downloadable","14":"shipping-taxable","15":"product-type-simple"},"_links":{"self":[{"href":"https:\/\/editura-unibuc.ro\/en\/wp-json\/wp\/v2\/product\/46440","targetHints":{"allow":["GET"]}}],"collection":[{"href":"https:\/\/editura-unibuc.ro\/en\/wp-json\/wp\/v2\/product"}],"about":[{"href":"https:\/\/editura-unibuc.ro\/en\/wp-json\/wp\/v2\/types\/product"}],"replies":[{"embeddable":true,"href":"https:\/\/editura-unibuc.ro\/en\/wp-json\/wp\/v2\/comments?post=46440"}],"wp:featuredmedia":[{"embeddable":true,"href":"https:\/\/editura-unibuc.ro\/en\/wp-json\/wp\/v2\/media\/46444"}],"wp:attachment":[{"href":"https:\/\/editura-unibuc.ro\/en\/wp-json\/wp\/v2\/media?parent=46440"}],"wp:term":[{"taxonomy":"product_brand","embeddable":true,"href":"https:\/\/editura-unibuc.ro\/en\/wp-json\/wp\/v2\/product_brand?post=46440"},{"taxonomy":"product_cat","embeddable":true,"href":"https:\/\/editura-unibuc.ro\/en\/wp-json\/wp\/v2\/product_cat?post=46440"},{"taxonomy":"product_tag","embeddable":true,"href":"https:\/\/editura-unibuc.ro\/en\/wp-json\/wp\/v2\/product_tag?post=46440"}],"curies":[{"name":"wp","href":"https:\/\/api.w.org\/{rel}","templated":true}]}}