{"id":46571,"date":"2024-07-15T10:57:24","date_gmt":"2024-07-15T07:57:24","guid":{"rendered":"https:\/\/editura-unibuc.ro\/?post_type=product&#038;p=46571"},"modified":"2024-07-17T10:46:17","modified_gmt":"2024-07-17T07:46:17","slug":"international-scientific-conferenceeducation-sport-and-healthjournal-of-abstracts","status":"publish","type":"product","link":"https:\/\/editura-unibuc.ro\/en\/international-scientific-conferenceeducation-sport-and-healthjournal-of-abstracts\/","title":{"rendered":"INTERNATIONAL SCIENTIFIC CONFERENCE<br\/>\u201cEDUCATION, SPORT AND HEALTH\u201d<br\/>Journal of Abstracts"},"content":{"rendered":"","protected":false},"excerpt":{"rendered":"<p>Under Aegis of the:<br \/>\nF\u00c9D\u00c9RATION INTERNATIONALE D&#8217;\u00c9DUCATION PHYSIQUE ET SPORTIVE<br \/>\nINTERNATIONAL SCIENTIFIC CONFERENCE<br \/>\n\u201cEDUCATION, SPORT AND HEALTH\u201d<br \/>\nBucharest, May 31st, 2024<br \/>\nJournal of Abstracts<\/p>\n","protected":false},"featured_media":46573,"comment_status":"open","ping_status":"closed","template":"","meta":[],"product_brand":[],"product_cat":[993],"product_tag":[],"class_list":{"0":"post-46571","1":"product","2":"type-product","3":"status-publish","4":"has-post-thumbnail","6":"product_cat-educatie-fizica-si-sport","8":"first","9":"instock","10":"downloadable","11":"shipping-taxable","12":"product-type-simple"},"_links":{"self":[{"href":"https:\/\/editura-unibuc.ro\/en\/wp-json\/wp\/v2\/product\/46571","targetHints":{"allow":["GET"]}}],"collection":[{"href":"https:\/\/editura-unibuc.ro\/en\/wp-json\/wp\/v2\/product"}],"about":[{"href":"https:\/\/editura-unibuc.ro\/en\/wp-json\/wp\/v2\/types\/product"}],"replies":[{"embeddable":true,"href":"https:\/\/editura-unibuc.ro\/en\/wp-json\/wp\/v2\/comments?post=46571"}],"wp:featuredmedia":[{"embeddable":true,"href":"https:\/\/editura-unibuc.ro\/en\/wp-json\/wp\/v2\/media\/46573"}],"wp:attachment":[{"href":"https:\/\/editura-unibuc.ro\/en\/wp-json\/wp\/v2\/media?parent=46571"}],"wp:term":[{"taxonomy":"product_brand","embeddable":true,"href":"https:\/\/editura-unibuc.ro\/en\/wp-json\/wp\/v2\/product_brand?post=46571"},{"taxonomy":"product_cat","embeddable":true,"href":"https:\/\/editura-unibuc.ro\/en\/wp-json\/wp\/v2\/product_cat?post=46571"},{"taxonomy":"product_tag","embeddable":true,"href":"https:\/\/editura-unibuc.ro\/en\/wp-json\/wp\/v2\/product_tag?post=46571"}],"curies":[{"name":"wp","href":"https:\/\/api.w.org\/{rel}","templated":true}]}}