{"id":46597,"date":"2024-07-17T09:46:31","date_gmt":"2024-07-17T06:46:31","guid":{"rendered":"https:\/\/editura-unibuc.ro\/?post_type=product&#038;p=46597"},"modified":"2025-09-17T11:05:43","modified_gmt":"2025-09-17T08:05:43","slug":"rls-pls-manual-de-limba-romana-ca-limba-straina-pentru-nivelul-a1","status":"publish","type":"product","link":"https:\/\/editura-unibuc.ro\/en\/rls-pls-manual-de-limba-romana-ca-limba-straina-pentru-nivelul-a1\/","title":{"rendered":"RLS, pls !<BR\/>  MANUAL DE LIMBA ROM\u00c2N\u0102 CA LIMB\u0102 STR\u0102IN\u0102 PENTRU NIVELUL A1"},"content":{"rendered":"<p><a href=\"https:\/\/editura-unibuc.ro\/arhiva-audio-rls-pls\/\">DOWNLOAD AUDIO MEDIA<\/a><\/p>","protected":false},"excerpt":{"rendered":"<hr \/>\n<p><strong><a href=\"https:\/\/books.google.ro\/books\/about?id=LHYVEQAAQBAJ&#038;redir_esc=y\" target=\"_blank\" rel=\"noopener\"><img decoding=\"async\" src=\"https:\/\/editura-unibuc.ro\/wp-content\/uploads\/2025\/04\/goo.png\" \/>Google Books<\/a><\/strong><br \/>&nbsp;<br \/>\n<strong>Digital version available on <a href=\"https:\/\/play.google.com\/store\/books\/details?id=UB4tEQAAQBAJ\" rel=\"noopener\" target=\"_blank\"><img decoding=\"async\" src=\"https:\/\/editura-unibuc.ro\/wp-content\/uploads\/2024\/03\/gp.jpg\">Google Play<\/a><\/p>\n<p><\/strong><\/p>\n<hr \/>\n<p style=\"text-align: left;\">Monica Vasileanu, a passionate and experienced teacher and linguist, fills a gap in the type of Romanian as a foreign language (RLS) textbooks available, drawing on years of teaching both at the Preparatory Year and (especially) at the Summer Courses of Romanian Language, Culture and Civilization of the University of Bucharest. This textbook is the first in a series designed to cover all proficiency levels.<br \/>\n<em>Start your Romanian language adventure today with RLS, pls! (Level A1)<\/em><\/p>\n","protected":false},"featured_media":46598,"comment_status":"open","ping_status":"closed","template":"","meta":[],"product_brand":[],"product_cat":[3957,3958,3823,979],"product_tag":[3341],"class_list":{"0":"post-46597","1":"product","2":"type-product","3":"status-publish","4":"has-post-thumbnail","6":"product_cat-manuale","7":"product_cat-rls","8":"product_cat-stiinte-umane","9":"product_cat-limba-romana","10":"product_tag-limba-romana-ca-limba-straina","12":"first","13":"instock","14":"shipping-taxable","15":"purchasable","16":"product-type-simple"},"_links":{"self":[{"href":"https:\/\/editura-unibuc.ro\/en\/wp-json\/wp\/v2\/product\/46597","targetHints":{"allow":["GET"]}}],"collection":[{"href":"https:\/\/editura-unibuc.ro\/en\/wp-json\/wp\/v2\/product"}],"about":[{"href":"https:\/\/editura-unibuc.ro\/en\/wp-json\/wp\/v2\/types\/product"}],"replies":[{"embeddable":true,"href":"https:\/\/editura-unibuc.ro\/en\/wp-json\/wp\/v2\/comments?post=46597"}],"wp:featuredmedia":[{"embeddable":true,"href":"https:\/\/editura-unibuc.ro\/en\/wp-json\/wp\/v2\/media\/46598"}],"wp:attachment":[{"href":"https:\/\/editura-unibuc.ro\/en\/wp-json\/wp\/v2\/media?parent=46597"}],"wp:term":[{"taxonomy":"product_brand","embeddable":true,"href":"https:\/\/editura-unibuc.ro\/en\/wp-json\/wp\/v2\/product_brand?post=46597"},{"taxonomy":"product_cat","embeddable":true,"href":"https:\/\/editura-unibuc.ro\/en\/wp-json\/wp\/v2\/product_cat?post=46597"},{"taxonomy":"product_tag","embeddable":true,"href":"https:\/\/editura-unibuc.ro\/en\/wp-json\/wp\/v2\/product_tag?post=46597"}],"curies":[{"name":"wp","href":"https:\/\/api.w.org\/{rel}","templated":true}]}}