{"id":46681,"date":"2024-07-23T12:27:05","date_gmt":"2024-07-23T09:27:05","guid":{"rendered":"https:\/\/editura-unibuc.ro\/?post_type=product&#038;p=46681"},"modified":"2025-09-17T10:56:05","modified_gmt":"2025-09-17T07:56:05","slug":"culturi-identitati-interferente","status":"publish","type":"product","link":"https:\/\/editura-unibuc.ro\/en\/culturi-identitati-interferente\/","title":{"rendered":"CULTURI, IDENTIT\u0102\u0162I, INTERFEREN\u0162E"},"content":{"rendered":"","protected":false},"excerpt":{"rendered":"<hr \/>\n<p><strong><a href=\"https:\/\/books.google.ro\/books\/about?id=UT0gEQAAQBAJ&#038;redir_esc=y\" target=\"_blank\" rel=\"noopener\"><img decoding=\"async\" src=\"https:\/\/editura-unibuc.ro\/wp-content\/uploads\/2025\/04\/goo.png\" \/>Google Books<\/a><\/strong><br \/>&nbsp;<\/p>\n<hr \/>\n<p>This volume brings together the articles of colleagues from the Department of Hungarology, Jewish and Romani Studies of the Faculty of Foreign Languages \u200b\u200band Literatures, presented at the conference Intercultural Piano, held between October 23-25, 2019, in \u015eumuleu Ciuc.<br \/>\nThe variety of topics addressed offers the reader the opportunity to consult various cultural perspectives brought together, as this volume celebrates the diversity and multiculturalism manifested by the three specializations within the department, making an important contribution to the scientific community, through the wide range of topics addressed, but also through the novelty of the perspectives, the articles being able to be received in broader contexts, both in the country and abroad, especially through the international character of the three cultures: Hungarian, Jewish and Romani.<\/p>\n","protected":false},"featured_media":47082,"comment_status":"open","ping_status":"closed","template":"","meta":[],"product_brand":[],"product_cat":[3823,1464,980],"product_tag":[3908,1228,2901],"class_list":{"0":"post-46681","1":"product","2":"type-product","3":"status-publish","4":"has-post-thumbnail","6":"product_cat-stiinte-umane","7":"product_cat-filologie","8":"product_cat-limbi-romanice-clasice-si-orientale","9":"product_tag-ebraica","10":"product_tag-limba-maghiara","11":"product_tag-limba-rromani","13":"first","14":"instock","15":"shipping-taxable","16":"purchasable","17":"product-type-simple"},"_links":{"self":[{"href":"https:\/\/editura-unibuc.ro\/en\/wp-json\/wp\/v2\/product\/46681","targetHints":{"allow":["GET"]}}],"collection":[{"href":"https:\/\/editura-unibuc.ro\/en\/wp-json\/wp\/v2\/product"}],"about":[{"href":"https:\/\/editura-unibuc.ro\/en\/wp-json\/wp\/v2\/types\/product"}],"replies":[{"embeddable":true,"href":"https:\/\/editura-unibuc.ro\/en\/wp-json\/wp\/v2\/comments?post=46681"}],"wp:featuredmedia":[{"embeddable":true,"href":"https:\/\/editura-unibuc.ro\/en\/wp-json\/wp\/v2\/media\/47082"}],"wp:attachment":[{"href":"https:\/\/editura-unibuc.ro\/en\/wp-json\/wp\/v2\/media?parent=46681"}],"wp:term":[{"taxonomy":"product_brand","embeddable":true,"href":"https:\/\/editura-unibuc.ro\/en\/wp-json\/wp\/v2\/product_brand?post=46681"},{"taxonomy":"product_cat","embeddable":true,"href":"https:\/\/editura-unibuc.ro\/en\/wp-json\/wp\/v2\/product_cat?post=46681"},{"taxonomy":"product_tag","embeddable":true,"href":"https:\/\/editura-unibuc.ro\/en\/wp-json\/wp\/v2\/product_tag?post=46681"}],"curies":[{"name":"wp","href":"https:\/\/api.w.org\/{rel}","templated":true}]}}