{"id":46747,"date":"2024-07-29T14:06:03","date_gmt":"2024-07-29T11:06:03","guid":{"rendered":"https:\/\/editura-unibuc.ro\/?post_type=product&#038;p=46747"},"modified":"2025-09-17T10:55:16","modified_gmt":"2025-09-17T07:55:16","slug":"istoriografia-romana-recentacurente-tendinte-aspecte-institutionale","status":"publish","type":"product","link":"https:\/\/editura-unibuc.ro\/en\/istoriografia-romana-recentacurente-tendinte-aspecte-institutionale\/","title":{"rendered":"ISTORIOGRAFIA ROM\u00c2N\u0102 RECENT\u0102<br\/>CURENTE, TENDIN\u021aE, ASPECTE INSTITU\u021aIONALE"},"content":{"rendered":"","protected":false},"excerpt":{"rendered":"<hr \/>\n<p><strong><a href=\"https:\/\/books.google.ro\/books\/about?id=KT0gEQAAQBAJ&#038;redir_esc=y\" target=\"_blank\" rel=\"noopener\"><img decoding=\"async\" src=\"https:\/\/editura-unibuc.ro\/wp-content\/uploads\/2025\/04\/goo.png\" \/>Google Books<\/a><\/strong><br \/>&nbsp;<\/p>\n<hr \/>\n<p>Systematic reflection on the specificity of one&#8217;s own activity has become an element of progress in the historiography of the last half century. The coordinators of this volume propose a new attempt at assessment, likely to highlight both the achievements and the shortcomings to be covered in the near future. At the same time, through the diversity of themes, opinions and styles of the chapters that form it, this book illustrates the primordial respect for the pluralism of recent Romanian historiography.<\/p>\n","protected":false},"featured_media":47081,"comment_status":"open","ping_status":"closed","template":"","meta":[],"product_brand":[],"product_cat":[991,995],"product_tag":[2229],"class_list":{"0":"post-46747","1":"product","2":"type-product","3":"status-publish","4":"has-post-thumbnail","6":"product_cat-stiinte-sociale","7":"product_cat-istorie-stiinte-politice","8":"product_tag-istoriografie","10":"first","11":"instock","12":"shipping-taxable","13":"purchasable","14":"product-type-simple"},"_links":{"self":[{"href":"https:\/\/editura-unibuc.ro\/en\/wp-json\/wp\/v2\/product\/46747","targetHints":{"allow":["GET"]}}],"collection":[{"href":"https:\/\/editura-unibuc.ro\/en\/wp-json\/wp\/v2\/product"}],"about":[{"href":"https:\/\/editura-unibuc.ro\/en\/wp-json\/wp\/v2\/types\/product"}],"replies":[{"embeddable":true,"href":"https:\/\/editura-unibuc.ro\/en\/wp-json\/wp\/v2\/comments?post=46747"}],"wp:featuredmedia":[{"embeddable":true,"href":"https:\/\/editura-unibuc.ro\/en\/wp-json\/wp\/v2\/media\/47081"}],"wp:attachment":[{"href":"https:\/\/editura-unibuc.ro\/en\/wp-json\/wp\/v2\/media?parent=46747"}],"wp:term":[{"taxonomy":"product_brand","embeddable":true,"href":"https:\/\/editura-unibuc.ro\/en\/wp-json\/wp\/v2\/product_brand?post=46747"},{"taxonomy":"product_cat","embeddable":true,"href":"https:\/\/editura-unibuc.ro\/en\/wp-json\/wp\/v2\/product_cat?post=46747"},{"taxonomy":"product_tag","embeddable":true,"href":"https:\/\/editura-unibuc.ro\/en\/wp-json\/wp\/v2\/product_tag?post=46747"}],"curies":[{"name":"wp","href":"https:\/\/api.w.org\/{rel}","templated":true}]}}