{"id":47269,"date":"2024-09-24T10:34:31","date_gmt":"2024-09-24T07:34:31","guid":{"rendered":"https:\/\/editura-unibuc.ro\/?post_type=product&#038;p=47269"},"modified":"2025-09-17T10:37:47","modified_gmt":"2025-09-17T07:37:47","slug":"die-ubersetzung-der-funktionsverbgefuge-aus-der-deutschen-in-die-rumanische-sprache-im-juristischen-bereichtraducerea-constructiilor-cu-verb-suport-din-limba-germana-in-limba-romana-in-domeniul-jurid","status":"publish","type":"product","link":"https:\/\/editura-unibuc.ro\/en\/die-ubersetzung-der-funktionsverbgefuge-aus-der-deutschen-in-die-rumanische-sprache-im-juristischen-bereichtraducerea-constructiilor-cu-verb-suport-din-limba-germana-in-limba-romana-in-domeniul-jurid\/","title":{"rendered":"DIE \u00dcBERSETZUNG DER FUNKTIONSVERBGEF\u00dcGE AUS DER DEUTSCHEN IN DIE RUM\u00c4NISCHE SPRACHE IM JURISTISCHEN BEREICH<br\/>(traducerea construc\u0163iilor cu verb-suport din limba german\u0103 \u00een limba rom\u00e2n\u0103 \u00een domeniul juridic)"},"content":{"rendered":"","protected":false},"excerpt":{"rendered":"<hr \/>\n<p><strong><a href=\"https:\/\/books.google.ro\/books\/about?id=F8ojEQAAQBAJ&#038;redir_esc=y\" target=\"_blank\" rel=\"noopener\"><img decoding=\"async\" src=\"https:\/\/editura-unibuc.ro\/wp-content\/uploads\/2025\/04\/goo.png\" \/>Google Books<\/a><\/strong><br \/>&nbsp;<\/p>\n<p><strong>Digital version available on <a href=\"https:\/\/play.google.com\/store\/books\/details?id=oh4tEQAAQBAJ\" rel=\"noopener\" target=\"_blank\"><img decoding=\"async\" src=\"https:\/\/editura-unibuc.ro\/wp-content\/uploads\/2024\/03\/gp.jpg\">Google Play<\/a><\/p>\n<p><\/strong><\/p>\n<hr \/>\n<p>This work, a more in-depth, further investigation into the nature of functional verb structures already addressed in my master&#8217;s thesis, focuses on the translation possibilities of such constructions from German into Romanian. One area that features numerous linguistic structures in this category is legal, and because their translation presents considerable difficulties, they are the subject of this study. The term &#8220;functional verb structure&#8221; is thus defined, its characteristics and subclasses are explained, and possible translation variants into Romanian are proposed.<\/p>\n","protected":false},"featured_media":47271,"comment_status":"open","ping_status":"closed","template":"","meta":[],"product_brand":[],"product_cat":[3823,3907,1531,1464,978],"product_tag":[3980],"class_list":{"0":"post-47269","1":"product","2":"type-product","3":"status-publish","4":"has-post-thumbnail","6":"product_cat-stiinte-umane","7":"product_cat-traducere-si-interpretare","8":"product_cat-colectii","9":"product_cat-filologie","10":"product_cat-germanic-languages","11":"product_tag-limbaj-juridic","13":"first","14":"instock","15":"shipping-taxable","16":"purchasable","17":"product-type-simple"},"_links":{"self":[{"href":"https:\/\/editura-unibuc.ro\/en\/wp-json\/wp\/v2\/product\/47269","targetHints":{"allow":["GET"]}}],"collection":[{"href":"https:\/\/editura-unibuc.ro\/en\/wp-json\/wp\/v2\/product"}],"about":[{"href":"https:\/\/editura-unibuc.ro\/en\/wp-json\/wp\/v2\/types\/product"}],"replies":[{"embeddable":true,"href":"https:\/\/editura-unibuc.ro\/en\/wp-json\/wp\/v2\/comments?post=47269"}],"wp:featuredmedia":[{"embeddable":true,"href":"https:\/\/editura-unibuc.ro\/en\/wp-json\/wp\/v2\/media\/47271"}],"wp:attachment":[{"href":"https:\/\/editura-unibuc.ro\/en\/wp-json\/wp\/v2\/media?parent=47269"}],"wp:term":[{"taxonomy":"product_brand","embeddable":true,"href":"https:\/\/editura-unibuc.ro\/en\/wp-json\/wp\/v2\/product_brand?post=47269"},{"taxonomy":"product_cat","embeddable":true,"href":"https:\/\/editura-unibuc.ro\/en\/wp-json\/wp\/v2\/product_cat?post=47269"},{"taxonomy":"product_tag","embeddable":true,"href":"https:\/\/editura-unibuc.ro\/en\/wp-json\/wp\/v2\/product_tag?post=47269"}],"curies":[{"name":"wp","href":"https:\/\/api.w.org\/{rel}","templated":true}]}}