{"id":4729,"date":"2012-12-11T15:05:35","date_gmt":"2012-12-11T12:05:35","guid":{"rendered":"https:\/\/editura-unibuc.ro\/?p=4729"},"modified":"2025-08-06T11:38:28","modified_gmt":"2025-08-06T08:38:28","slug":"czeslaw-milosz-un-gulliver-al-secolului-al-xx-lea","status":"publish","type":"product","link":"https:\/\/editura-unibuc.ro\/en\/czeslaw-milosz-un-gulliver-al-secolului-al-xx-lea\/","title":{"rendered":"CZES\u0141AW MI\u0141OSZ \u2013 A XXth CENTURY GULLIVER"},"content":{"rendered":"<p>Volumul de fa\u021b\u0103, sugestiv intitulat Czes\u0142aw Mi\u0142osz \u2013 un Gulliver al secolului al XX-lea, reune\u0219te trei interviuri \u0219i 14 studii critice. Destinat studen\u021bilor, masteranzilor, cadrelor didactice de la sec\u021bia de slavistic\u0103, precum \u0219i speciali\u0219tilor interesa\u021bi de literatura comparat\u0103 \u0219i istoria ideilor, volumul reprezint\u0103 \u00eenc\u0103 un pas pe calea cunoa\u0219terii \u0219i aprofund\u0103rii operei unui mare umanist. Apari\u021bia prezentului volum se bucur\u0103 de sprijinul Institutului Polonez din Bucure\u0219ti.<\/p>\n","protected":false},"excerpt":{"rendered":"<p>Volumul de fa\u021b\u0103, sugestiv intitulat Czes\u0142aw Mi\u0142osz \u2013 un Gulliver al secolului al XX-lea, reune\u0219te trei interviuri \u0219i 14 studii critice. Destinat studen\u021bilor, masteranzilor, cadrelor didactice de la sec\u021bia de slavistic\u0103, precum \u0219i speciali\u0219tilor interesa\u021bi de literatura comparat\u0103 \u0219i istoria ideilor, volumul reprezint\u0103 \u00eenc\u0103 un pas pe calea cunoa\u0219terii \u0219i aprofund\u0103rii operei unui mare umanist. [&hellip;]<\/p>\n","protected":false},"featured_media":8971,"comment_status":"open","ping_status":"closed","template":"","meta":[],"product_brand":[],"product_cat":[1464,981],"product_tag":[918,919,1301],"class_list":{"0":"post-4729","1":"product","2":"type-product","3":"status-publish","4":"has-post-thumbnail","6":"product_cat-filologie","7":"product_cat-limbi-slave","8":"product_tag-critica-literara","9":"product_tag-literatura","10":"product_tag-poloneza","12":"first","13":"outofstock","14":"shipping-taxable","15":"purchasable","16":"product-type-simple"},"_links":{"self":[{"href":"https:\/\/editura-unibuc.ro\/en\/wp-json\/wp\/v2\/product\/4729","targetHints":{"allow":["GET"]}}],"collection":[{"href":"https:\/\/editura-unibuc.ro\/en\/wp-json\/wp\/v2\/product"}],"about":[{"href":"https:\/\/editura-unibuc.ro\/en\/wp-json\/wp\/v2\/types\/product"}],"replies":[{"embeddable":true,"href":"https:\/\/editura-unibuc.ro\/en\/wp-json\/wp\/v2\/comments?post=4729"}],"wp:featuredmedia":[{"embeddable":true,"href":"https:\/\/editura-unibuc.ro\/en\/wp-json\/wp\/v2\/media\/8971"}],"wp:attachment":[{"href":"https:\/\/editura-unibuc.ro\/en\/wp-json\/wp\/v2\/media?parent=4729"}],"wp:term":[{"taxonomy":"product_brand","embeddable":true,"href":"https:\/\/editura-unibuc.ro\/en\/wp-json\/wp\/v2\/product_brand?post=4729"},{"taxonomy":"product_cat","embeddable":true,"href":"https:\/\/editura-unibuc.ro\/en\/wp-json\/wp\/v2\/product_cat?post=4729"},{"taxonomy":"product_tag","embeddable":true,"href":"https:\/\/editura-unibuc.ro\/en\/wp-json\/wp\/v2\/product_tag?post=4729"}],"curies":[{"name":"wp","href":"https:\/\/api.w.org\/{rel}","templated":true}]}}