{"id":47306,"date":"2024-09-26T14:54:10","date_gmt":"2024-09-26T11:54:10","guid":{"rendered":"https:\/\/editura-unibuc.ro\/?post_type=product&#038;p=47306"},"modified":"2025-09-04T13:43:05","modified_gmt":"2025-09-04T10:43:05","slug":"cadrul-de-referinta-privind-excelenta-profesionala-bazata-pe-pedagogii-inovative-si-incluzive-si-guvernanta-anticipativa-antreprenoriala-si-agila","status":"publish","type":"product","link":"https:\/\/editura-unibuc.ro\/en\/cadrul-de-referinta-privind-excelenta-profesionala-bazata-pe-pedagogii-inovative-si-incluzive-si-guvernanta-anticipativa-antreprenoriala-si-agila\/","title":{"rendered":"CADRU DE REFERIN\u021a\u0102 PRIVIND EXCELEN\u021aA PROFESIONAL\u0102 BAZAT\u0102 PE PEDAGOGII INOVATIVE \u0218I INCLUZIVE \u0218I GUVERNAN\u021a\u0102 ANTICIPATIV\u0102, ANTREPRENORIAL\u0102 \u0218I AGIL\u0102"},"content":{"rendered":"","protected":false},"excerpt":{"rendered":"<hr \/>\n<p><strong><a href=\"https:\/\/books.google.ro\/books\/about?id=I2klEQAAQBAJ&amp;redir_esc=y\" target=\"_blank\" rel=\"noopener\"><img decoding=\"async\" src=\"https:\/\/editura-unibuc.ro\/wp-content\/uploads\/2025\/04\/goo.png\" \/>Google Books<\/a><\/strong><br \/>&nbsp;<\/p>\n<hr \/>\n<p>This document provides a comprehensive approach to how innovative and inclusive pedagogies can be integrated into vocational education and training (VET) systems. The volume includes descriptions of key concepts, principles and relationships in the field of innovative and inclusive pedagogies. A methodology is proposed for assessing the specific learning and training needs of learners at risk, as well as a methodology for selecting innovative and inclusive pedagogies.<br \/>\nThe volume also includes elements related to anticipatory, entrepreneurial and agile governance. A well-founded theoretical and applied report on governance is presented, providing a clear methodology for selecting and evaluating practices in this area. Quantitative and qualitative indicators are used to measure the effectiveness of governance, and the proposed VET governance matrix aims to generate excellence through inclusion, thus promoting a more adaptable and inclusive education system.<br \/>\nThe framework has broad applicability, and can be used by researchers, policy makers, VET managers and curriculum developers to inform and improve educational practices. The proposed structure provides an opportunity for developing innovative educational programs, evaluating and improving governance and inclusive practices in vocational education, thus supporting excellence and adaptability in the VET system.<\/p>\n","protected":false},"featured_media":47334,"comment_status":"open","ping_status":"closed","template":"","meta":[],"product_brand":[],"product_cat":[2687,991,997],"product_tag":[],"class_list":{"0":"post-47306","1":"product","2":"type-product","3":"status-publish","4":"has-post-thumbnail","6":"product_cat-stiintele-educatiei","7":"product_cat-stiinte-sociale","8":"product_cat-psihologie-stiintele-educatiei-si-pedagogie","10":"first","11":"instock","12":"shipping-taxable","13":"purchasable","14":"product-type-simple"},"_links":{"self":[{"href":"https:\/\/editura-unibuc.ro\/en\/wp-json\/wp\/v2\/product\/47306","targetHints":{"allow":["GET"]}}],"collection":[{"href":"https:\/\/editura-unibuc.ro\/en\/wp-json\/wp\/v2\/product"}],"about":[{"href":"https:\/\/editura-unibuc.ro\/en\/wp-json\/wp\/v2\/types\/product"}],"replies":[{"embeddable":true,"href":"https:\/\/editura-unibuc.ro\/en\/wp-json\/wp\/v2\/comments?post=47306"}],"wp:featuredmedia":[{"embeddable":true,"href":"https:\/\/editura-unibuc.ro\/en\/wp-json\/wp\/v2\/media\/47334"}],"wp:attachment":[{"href":"https:\/\/editura-unibuc.ro\/en\/wp-json\/wp\/v2\/media?parent=47306"}],"wp:term":[{"taxonomy":"product_brand","embeddable":true,"href":"https:\/\/editura-unibuc.ro\/en\/wp-json\/wp\/v2\/product_brand?post=47306"},{"taxonomy":"product_cat","embeddable":true,"href":"https:\/\/editura-unibuc.ro\/en\/wp-json\/wp\/v2\/product_cat?post=47306"},{"taxonomy":"product_tag","embeddable":true,"href":"https:\/\/editura-unibuc.ro\/en\/wp-json\/wp\/v2\/product_tag?post=47306"}],"curies":[{"name":"wp","href":"https:\/\/api.w.org\/{rel}","templated":true}]}}