{"id":4740,"date":"2012-12-11T15:20:54","date_gmt":"2012-12-11T12:20:54","guid":{"rendered":"https:\/\/editura-unibuc.ro\/?p=4740"},"modified":"2025-03-13T12:20:53","modified_gmt":"2025-03-13T10:20:53","slug":"romanoslavica-serie-noua-vol-xlviii-nr-3","status":"publish","type":"product","link":"https:\/\/editura-unibuc.ro\/en\/romanoslavica-serie-noua-vol-xlviii-nr-3\/","title":{"rendered":"ROMANOSLAVICA New Series, vol. XLVIII, Issue no. 3"},"content":{"rendered":"<p>Volumul, dedicat profesorului Tiberiu Pleter la cea de-a 80-a aniversare, cuprinde articole din aria lingvistic\u0103 slav\u0103 \u0219i rom\u00e2n\u0103 semnate de autori cunoscu\u021bi \u00een mediul academic al studiilor de slavistic\u0103: Dagmar Maria Anoca (Numele personajelor din literatura slovac\u0103 \u00een slijba umorului), Constantin Geamba\u0219u (Literatura polon\u0103 \u00een Rom\u00e2nia. \u00cencercare de bilan\u021b), Mariana Mangiulea (C\u00e2teva \u00eensemn\u0103ri pe marginea Dic\u021bionarului de cuvinte recente \u00een limba bulgar\u0103&#8230;), Octavia Nedelcu (Literatura s\u00e2rb\u0103 din Rom\u00e2nia. Repere definitorii)<\/p>\n","protected":false},"excerpt":{"rendered":"<p>Volumul, dedicat profesorului Tiberiu Pleter la cea de-a 80-a aniversare, cuprinde articole din aria lingvistic\u0103 slav\u0103 \u0219i rom\u00e2n\u0103 semnate de autori cunoscu\u021bi \u00een mediul academic al studiilor de slavistic\u0103: Dagmar Maria Anoca (Numele personajelor din literatura slovac\u0103 \u00een slijba umorului), Constantin Geamba\u0219u (Literatura polon\u0103 \u00een Rom\u00e2nia. \u00cencercare de bilan\u021b), Mariana Mangiulea (C\u00e2teva \u00eensemn\u0103ri pe marginea [&hellip;]<\/p>\n","protected":false},"featured_media":8964,"comment_status":"open","ping_status":"closed","template":"","meta":[],"product_brand":[],"product_cat":[3823,1464,981,1469],"product_tag":[925,922],"class_list":{"0":"post-4740","1":"product","2":"type-product","3":"status-publish","4":"has-post-thumbnail","6":"product_cat-stiinte-umane","7":"product_cat-filologie","8":"product_cat-limbi-slave","9":"product_cat-periodice","10":"product_tag-romana","11":"product_tag-slave","13":"first","14":"instock","15":"shipping-taxable","16":"purchasable","17":"product-type-simple"},"_links":{"self":[{"href":"https:\/\/editura-unibuc.ro\/en\/wp-json\/wp\/v2\/product\/4740","targetHints":{"allow":["GET"]}}],"collection":[{"href":"https:\/\/editura-unibuc.ro\/en\/wp-json\/wp\/v2\/product"}],"about":[{"href":"https:\/\/editura-unibuc.ro\/en\/wp-json\/wp\/v2\/types\/product"}],"replies":[{"embeddable":true,"href":"https:\/\/editura-unibuc.ro\/en\/wp-json\/wp\/v2\/comments?post=4740"}],"wp:featuredmedia":[{"embeddable":true,"href":"https:\/\/editura-unibuc.ro\/en\/wp-json\/wp\/v2\/media\/8964"}],"wp:attachment":[{"href":"https:\/\/editura-unibuc.ro\/en\/wp-json\/wp\/v2\/media?parent=4740"}],"wp:term":[{"taxonomy":"product_brand","embeddable":true,"href":"https:\/\/editura-unibuc.ro\/en\/wp-json\/wp\/v2\/product_brand?post=4740"},{"taxonomy":"product_cat","embeddable":true,"href":"https:\/\/editura-unibuc.ro\/en\/wp-json\/wp\/v2\/product_cat?post=4740"},{"taxonomy":"product_tag","embeddable":true,"href":"https:\/\/editura-unibuc.ro\/en\/wp-json\/wp\/v2\/product_tag?post=4740"}],"curies":[{"name":"wp","href":"https:\/\/api.w.org\/{rel}","templated":true}]}}