{"id":4748,"date":"2012-12-13T11:08:56","date_gmt":"2012-12-13T08:08:56","guid":{"rendered":"https:\/\/editura-unibuc.ro\/?p=4748"},"modified":"2025-08-07T10:22:17","modified_gmt":"2025-08-07T07:22:17","slug":"prelucrarea-si-transmiterea-optica-a-informatiei","status":"publish","type":"product","link":"https:\/\/editura-unibuc.ro\/en\/prelucrarea-si-transmiterea-optica-a-informatiei\/","title":{"rendered":"INFORMATION PROCESSING AND OPTIC CONVEYANCE"},"content":{"rendered":"<p>Prelucrarea \u0219i Transmiterea Optic\u0103 a Informa\u021biei sunt dou\u0103 domenii ale Opticii Moderne cu o dinamic\u0103 de dezvoltare spectaculoas\u0103 \u0219i care marcheaz\u0103 prin aplica\u021biile lor profilul tehnologic al acestui \u00eenceput de secol. Setul de lucr\u0103ri prezentat \u00een aceast\u0103 culegere este destinat introducerii no\u021biunilor \u0219i montajelor experimentale de baz\u0103 \u00een aceste domenii. Lucr\u0103rile func\u021bioneaz\u0103 \u00een Laboratorul de Prelucrare \u0219i Transmitere Optic\u0103 a Informa\u021biei al Facult\u0103\u021bii de Fizic\u0103 a Universit\u0103\u021bii din Bucure\u0219ti \u0219i deservesc cursul cu acela\u0219i nume din programa de masterat a direc\u021biei de specializare Optic\u0103-Spectroscopie\u2013Plasm\u0103\u2013Laseri.<br \/>\nAceast\u0103 culegere de lucr\u0103ri face corp unitar cu monografiile Optic\u0103 Coerent\u0103 (Ed. Acad. Rom., 2002) \u0219i Ob\u021binerea \u0219i propagarea fasciculelor laser (Ed. Acad. Rom., 2003), complet\u00e2ndu-le cu o abordare experimental\u0103 a aceleia\u0219i problematici.<\/p>\n","protected":false},"excerpt":{"rendered":"<p>Prelucrarea \u0219i Transmiterea Optic\u0103 a Informa\u021biei sunt dou\u0103 domenii ale Opticii Moderne cu o dinamic\u0103 de dezvoltare spectaculoas\u0103 \u0219i care marcheaz\u0103 prin aplica\u021biile lor profilul tehnologic al acestui \u00eenceput de secol. Setul de lucr\u0103ri prezentat \u00een aceast\u0103 culegere este destinat introducerii no\u021biunilor \u0219i montajelor experimentale de baz\u0103 \u00een aceste domenii. Lucr\u0103rile func\u021bioneaz\u0103 \u00een Laboratorul de [&hellip;]<\/p>\n","protected":false},"featured_media":8958,"comment_status":"open","ping_status":"closed","template":"","meta":[],"product_brand":[],"product_cat":[982,984],"product_tag":[908],"class_list":{"0":"post-4748","1":"product","2":"type-product","3":"status-publish","4":"has-post-thumbnail","6":"product_cat-stiinte-exacte","7":"product_cat-fizica","8":"product_tag-fizica","10":"first","11":"outofstock","12":"shipping-taxable","13":"purchasable","14":"product-type-simple"},"_links":{"self":[{"href":"https:\/\/editura-unibuc.ro\/en\/wp-json\/wp\/v2\/product\/4748","targetHints":{"allow":["GET"]}}],"collection":[{"href":"https:\/\/editura-unibuc.ro\/en\/wp-json\/wp\/v2\/product"}],"about":[{"href":"https:\/\/editura-unibuc.ro\/en\/wp-json\/wp\/v2\/types\/product"}],"replies":[{"embeddable":true,"href":"https:\/\/editura-unibuc.ro\/en\/wp-json\/wp\/v2\/comments?post=4748"}],"wp:featuredmedia":[{"embeddable":true,"href":"https:\/\/editura-unibuc.ro\/en\/wp-json\/wp\/v2\/media\/8958"}],"wp:attachment":[{"href":"https:\/\/editura-unibuc.ro\/en\/wp-json\/wp\/v2\/media?parent=4748"}],"wp:term":[{"taxonomy":"product_brand","embeddable":true,"href":"https:\/\/editura-unibuc.ro\/en\/wp-json\/wp\/v2\/product_brand?post=4748"},{"taxonomy":"product_cat","embeddable":true,"href":"https:\/\/editura-unibuc.ro\/en\/wp-json\/wp\/v2\/product_cat?post=4748"},{"taxonomy":"product_tag","embeddable":true,"href":"https:\/\/editura-unibuc.ro\/en\/wp-json\/wp\/v2\/product_tag?post=4748"}],"curies":[{"name":"wp","href":"https:\/\/api.w.org\/{rel}","templated":true}]}}