{"id":48000,"date":"2024-11-07T09:48:43","date_gmt":"2024-11-07T07:48:43","guid":{"rendered":"https:\/\/editura-unibuc.ro\/?post_type=product&#038;p=48000"},"modified":"2025-09-04T11:58:00","modified_gmt":"2025-09-04T08:58:00","slug":"fixarea-constrangerii-de-nearticulare-a-substantivului-dupa-prepozitii-in-limba-romanastudiu-diacronic","status":"publish","type":"product","link":"https:\/\/editura-unibuc.ro\/en\/fixarea-constrangerii-de-nearticulare-a-substantivului-dupa-prepozitii-in-limba-romanastudiu-diacronic\/","title":{"rendered":"FIXAREA CONSTR\u00c2NGERII DE NEARTICULARE A SUBSTANTIVULUI DUP\u0102 PREPOZI\u021aII \u00ceN LIMBA ROM\u00c2N\u0102<br\/>studiu diacronic"},"content":{"rendered":"","protected":false},"excerpt":{"rendered":"<hr \/>\n<p><strong><a href=\"https:\/\/books.google.ro\/books\/about?id=3xg2EQAAQBAJ&#038;redir_esc=y\" target=\"_blank\" rel=\"noopener\"><img decoding=\"async\" src=\"https:\/\/editura-unibuc.ro\/wp-content\/uploads\/2025\/04\/goo.png\" \/>Google Books<\/a><\/strong><br \/>&nbsp;<\/p>\n<hr \/>\n<p>The paper is a diachronic research dedicated to the constraint of the non-articulation of the noun after prepositions with accusative regime, in the absence of subordinates, based on a corpus that includes 30 Old Romanian texts, varied in typology and covering both periods of this old stage of the language (1500\u20131640, respectively 1640\u20131780).<\/p>\n","protected":false},"featured_media":48340,"comment_status":"open","ping_status":"closed","template":"","meta":[],"product_brand":[],"product_cat":[3823,2756,979],"product_tag":[],"class_list":{"0":"post-48000","1":"product","2":"type-product","3":"status-publish","4":"has-post-thumbnail","6":"product_cat-stiinte-umane","7":"product_cat-lingvistica-lingua","8":"product_cat-limba-romana","10":"first","11":"instock","12":"shipping-taxable","13":"purchasable","14":"product-type-simple"},"_links":{"self":[{"href":"https:\/\/editura-unibuc.ro\/en\/wp-json\/wp\/v2\/product\/48000","targetHints":{"allow":["GET"]}}],"collection":[{"href":"https:\/\/editura-unibuc.ro\/en\/wp-json\/wp\/v2\/product"}],"about":[{"href":"https:\/\/editura-unibuc.ro\/en\/wp-json\/wp\/v2\/types\/product"}],"replies":[{"embeddable":true,"href":"https:\/\/editura-unibuc.ro\/en\/wp-json\/wp\/v2\/comments?post=48000"}],"wp:featuredmedia":[{"embeddable":true,"href":"https:\/\/editura-unibuc.ro\/en\/wp-json\/wp\/v2\/media\/48340"}],"wp:attachment":[{"href":"https:\/\/editura-unibuc.ro\/en\/wp-json\/wp\/v2\/media?parent=48000"}],"wp:term":[{"taxonomy":"product_brand","embeddable":true,"href":"https:\/\/editura-unibuc.ro\/en\/wp-json\/wp\/v2\/product_brand?post=48000"},{"taxonomy":"product_cat","embeddable":true,"href":"https:\/\/editura-unibuc.ro\/en\/wp-json\/wp\/v2\/product_cat?post=48000"},{"taxonomy":"product_tag","embeddable":true,"href":"https:\/\/editura-unibuc.ro\/en\/wp-json\/wp\/v2\/product_tag?post=48000"}],"curies":[{"name":"wp","href":"https:\/\/api.w.org\/{rel}","templated":true}]}}