{"id":48212,"date":"2024-11-21T14:10:46","date_gmt":"2024-11-21T12:10:46","guid":{"rendered":"https:\/\/editura-unibuc.ro\/?post_type=product&#038;p=48212"},"modified":"2025-09-04T11:54:35","modified_gmt":"2025-09-04T08:54:35","slug":"recuperarea-tulburarilor-de-statica-vertebrala-la-elevicolaborarea-dintre-scoala-si-parinti","status":"publish","type":"product","link":"https:\/\/editura-unibuc.ro\/en\/recuperarea-tulburarilor-de-statica-vertebrala-la-elevicolaborarea-dintre-scoala-si-parinti\/","title":{"rendered":"RECUPERAREA TULBUR\u0102RILOR DE STATIC\u0102 VERTEBRAL\u0102 LA ELEVI<br\/>COLABORAREA DINTRE \u0218COAL\u0102 \u0218I P\u0102RIN\u021aI"},"content":{"rendered":"","protected":false},"excerpt":{"rendered":"<hr \/>\n<p><strong><a href=\"https:\/\/books.google.ro\/books\/about?id=G9c4EQAAQBAJ&#038;redir_esc=y\" target=\"_blank\" rel=\"noopener\"><img decoding=\"async\" src=\"https:\/\/editura-unibuc.ro\/wp-content\/uploads\/2025\/04\/goo.png\" \/>Google Books<\/a><\/strong><br \/>&nbsp;<br \/>\n<strong>Digital version available on <a href=\"https:\/\/play.google.com\/store\/books\/details?id=cANUEQAAQBAJ\" rel=\"noopener\" target=\"_blank\"><img decoding=\"async\" src=\"https:\/\/editura-unibuc.ro\/wp-content\/uploads\/2024\/03\/gp.jpg\">Google Play<\/a><\/p>\n<p><\/strong><\/p>\n<hr \/>\n<p>Effective communication, coupled with the joint effort of specialists from special schools (physiotherapists, doctors, psychologists, etc.), parents, and obviously, students, is a sine qua non condition for the success of treatment in spinal static disorders (SSD).<\/p>\n","protected":false},"featured_media":48601,"comment_status":"open","ping_status":"closed","template":"","meta":[],"product_brand":[],"product_cat":[993,1466],"product_tag":[1302],"class_list":{"0":"post-48212","1":"product","2":"type-product","3":"status-publish","4":"has-post-thumbnail","6":"product_cat-educatie-fizica-si-sport","7":"product_cat-stiinte-ale-naturii","8":"product_tag-kinetoterapie","10":"first","11":"instock","12":"shipping-taxable","13":"purchasable","14":"product-type-simple"},"_links":{"self":[{"href":"https:\/\/editura-unibuc.ro\/en\/wp-json\/wp\/v2\/product\/48212","targetHints":{"allow":["GET"]}}],"collection":[{"href":"https:\/\/editura-unibuc.ro\/en\/wp-json\/wp\/v2\/product"}],"about":[{"href":"https:\/\/editura-unibuc.ro\/en\/wp-json\/wp\/v2\/types\/product"}],"replies":[{"embeddable":true,"href":"https:\/\/editura-unibuc.ro\/en\/wp-json\/wp\/v2\/comments?post=48212"}],"wp:featuredmedia":[{"embeddable":true,"href":"https:\/\/editura-unibuc.ro\/en\/wp-json\/wp\/v2\/media\/48601"}],"wp:attachment":[{"href":"https:\/\/editura-unibuc.ro\/en\/wp-json\/wp\/v2\/media?parent=48212"}],"wp:term":[{"taxonomy":"product_brand","embeddable":true,"href":"https:\/\/editura-unibuc.ro\/en\/wp-json\/wp\/v2\/product_brand?post=48212"},{"taxonomy":"product_cat","embeddable":true,"href":"https:\/\/editura-unibuc.ro\/en\/wp-json\/wp\/v2\/product_cat?post=48212"},{"taxonomy":"product_tag","embeddable":true,"href":"https:\/\/editura-unibuc.ro\/en\/wp-json\/wp\/v2\/product_tag?post=48212"}],"curies":[{"name":"wp","href":"https:\/\/api.w.org\/{rel}","templated":true}]}}