{"id":48475,"date":"2024-12-11T10:50:07","date_gmt":"2024-12-11T08:50:07","guid":{"rendered":"https:\/\/editura-unibuc.ro\/?post_type=product&#038;p=48475"},"modified":"2025-09-03T12:04:56","modified_gmt":"2025-09-03T09:04:56","slug":"limba-romana-la-nivel-dialectal-pe-baza-alrr-sinteza","status":"publish","type":"product","link":"https:\/\/editura-unibuc.ro\/en\/limba-romana-la-nivel-dialectal-pe-baza-alrr-sinteza\/","title":{"rendered":"LIMBA ROM\u00c2N\u0102 LA NIVEL DIALECTAL PE BAZA ALRR. SINTEZ\u0102"},"content":{"rendered":"","protected":false},"excerpt":{"rendered":"<hr \/>\n<p><strong><a href=\"https:\/\/books.google.ro\/books\/about?id=b7M3EQAAQBAJ&amp;redir_esc=y\" target=\"_blank\" rel=\"noopener\"><img decoding=\"async\" src=\"https:\/\/editura-unibuc.ro\/wp-content\/uploads\/2025\/04\/goo.png\" \/>Google Books<\/a><\/strong><br \/>&nbsp;<\/p>\n<hr \/>\n<p>This volume of linguistic commentaries is the fruit of the experience accumulated over many years by the members of the author team in the elaboration of important works on dialectology and linguistic geography. The authors of the commentaries in this volume have used modern methods and techniques of interpretation such as motivational linguistics, relating the terms to the reality they reflect. The linguistic maps follow important phenomena at the phonetic, morphological and lexical level such as the palatalization of labials, the treatment of affricates, the iotacization of verbs, the formation of words. They highlight the dialectal bipartition of the Romanian language, into two large areas, the southeastern (the Wallachian subdialect) and the northwestern, in the latter delimiting the Moldovan, Banat, Cri\u0219ean and Maramure\u0219 subdialects. Also, at the lexical level, previous findings regarding the conservative character of the northwestern dialects, where the Latin element is better preserved, are confirmed.<br \/>\nThe Romanian Linguistic Atlas by Region. Synthesis (ALRR. Synthesis) is a document of the Romanian language spoken today, produced in synchrony based on extensive field research, a fact that guarantees the originality and authenticity of the dialectal linguistic material.<\/p>\n","protected":false},"featured_media":48517,"comment_status":"open","ping_status":"closed","template":"","meta":[],"product_brand":[],"product_cat":[3823,1531,2756,979],"product_tag":[3994],"class_list":{"0":"post-48475","1":"product","2":"type-product","3":"status-publish","4":"has-post-thumbnail","6":"product_cat-stiinte-umane","7":"product_cat-colectii","8":"product_cat-lingvistica-lingua","9":"product_cat-limba-romana","10":"product_tag-alrr-sinteza","12":"first","13":"instock","14":"shipping-taxable","15":"purchasable","16":"product-type-simple"},"_links":{"self":[{"href":"https:\/\/editura-unibuc.ro\/en\/wp-json\/wp\/v2\/product\/48475","targetHints":{"allow":["GET"]}}],"collection":[{"href":"https:\/\/editura-unibuc.ro\/en\/wp-json\/wp\/v2\/product"}],"about":[{"href":"https:\/\/editura-unibuc.ro\/en\/wp-json\/wp\/v2\/types\/product"}],"replies":[{"embeddable":true,"href":"https:\/\/editura-unibuc.ro\/en\/wp-json\/wp\/v2\/comments?post=48475"}],"wp:featuredmedia":[{"embeddable":true,"href":"https:\/\/editura-unibuc.ro\/en\/wp-json\/wp\/v2\/media\/48517"}],"wp:attachment":[{"href":"https:\/\/editura-unibuc.ro\/en\/wp-json\/wp\/v2\/media?parent=48475"}],"wp:term":[{"taxonomy":"product_brand","embeddable":true,"href":"https:\/\/editura-unibuc.ro\/en\/wp-json\/wp\/v2\/product_brand?post=48475"},{"taxonomy":"product_cat","embeddable":true,"href":"https:\/\/editura-unibuc.ro\/en\/wp-json\/wp\/v2\/product_cat?post=48475"},{"taxonomy":"product_tag","embeddable":true,"href":"https:\/\/editura-unibuc.ro\/en\/wp-json\/wp\/v2\/product_tag?post=48475"}],"curies":[{"name":"wp","href":"https:\/\/api.w.org\/{rel}","templated":true}]}}