{"id":4856,"date":"2012-12-17T13:34:35","date_gmt":"2012-12-17T10:34:35","guid":{"rendered":"https:\/\/editura-unibuc.ro\/?p=4856"},"modified":"2016-12-22T11:15:02","modified_gmt":"2016-12-22T09:15:02","slug":"mecanica-si-acustica-probleme-rezolvate-editia-a-ii-a-revizuita-si-adaugita","status":"publish","type":"product","link":"https:\/\/editura-unibuc.ro\/en\/mecanica-si-acustica-probleme-rezolvate-editia-a-ii-a-revizuita-si-adaugita\/","title":{"rendered":"MECHANICS AND ACOUSTICS. SOLVED PROBLEMS. SECOND EDITION \u2013 REVISED AND ENLARGED"},"content":{"rendered":"<p>\u201eActuala a II-a edi\u021bie a c\u0103r\u021bii noastre de probleme rezolvate prezint\u0103 \u00eembun\u0103t\u0103\u021biri considerabile de con\u021binut \u0219i form\u0103 fa\u021b\u0103 de edi\u021bia anterioar\u0103. Astfel, tehnoredactarea a fost realizat\u0103 cu Editorul de Texte Word \u2013 Microsoft, iar ecua\u021biile \u0219i formulele cu Microsoft Equation Editor. Prin ad\u0103ugarea la mai multe capitole a unui num\u0103r de 25 de probleme rezolvate noi, am extins gradul de accesibilitate al lucr\u0103rii noastre. Introducerea \u00een partea final\u0103 a unui capitol metodic, cuprinz\u00e2nd un num\u0103r considerabil de \u00eentreb\u0103ri de fizic\u0103 (200), precum \u0219i maxime \u0219i citate celebre din toate timpurile (250), are rolul de a contribui la formarea unei culturi generale de fizic\u0103, at\u00e2t de necesare unui fizician \u00een formare. Autorii \u00ee\u0219i exprim\u0103 speran\u021ba c\u0103 lucrarea de fa\u021b\u0103 va contribui la o mai bun\u0103 \u00eensu\u0219ire \u0219i aprofundare a cuno\u0219tin\u021belor de mecanic\u0103 fizic\u0103 \u0219i acustic\u0103, de c\u0103tre studen\u021bii facult\u0103\u021bii noastre \u0219i nu numai. Observa\u021biile \u0219i sugestiile constructive f\u0103cute asupra con\u021binutului lucr\u0103rii noastre, vor fi luate \u00een considerare, \u00een eventualitatea realiz\u0103rii unei edi\u021bii viitoare\u201d. (Autorii)<\/p>\n","protected":false},"excerpt":{"rendered":"<p>\u201eActuala a II-a edi\u021bie a c\u0103r\u021bii noastre de probleme rezolvate prezint\u0103 \u00eembun\u0103t\u0103\u021biri considerabile de con\u021binut \u0219i form\u0103 fa\u021b\u0103 de edi\u021bia anterioar\u0103. Astfel, tehnoredactarea a fost realizat\u0103 cu Editorul de Texte Word \u2013 Microsoft, iar ecua\u021biile \u0219i formulele cu Microsoft Equation Editor. Prin ad\u0103ugarea la mai multe capitole a unui num\u0103r de 25 de probleme rezolvate [&hellip;]<\/p>\n","protected":false},"featured_media":8928,"comment_status":"open","ping_status":"closed","template":"","meta":[],"product_brand":[],"product_cat":[982,984],"product_tag":[908],"class_list":{"0":"post-4856","1":"product","2":"type-product","3":"status-publish","4":"has-post-thumbnail","6":"product_cat-stiinte-exacte","7":"product_cat-fizica","8":"product_tag-fizica","10":"first","11":"outofstock","12":"shipping-taxable","13":"purchasable","14":"product-type-simple"},"_links":{"self":[{"href":"https:\/\/editura-unibuc.ro\/en\/wp-json\/wp\/v2\/product\/4856","targetHints":{"allow":["GET"]}}],"collection":[{"href":"https:\/\/editura-unibuc.ro\/en\/wp-json\/wp\/v2\/product"}],"about":[{"href":"https:\/\/editura-unibuc.ro\/en\/wp-json\/wp\/v2\/types\/product"}],"replies":[{"embeddable":true,"href":"https:\/\/editura-unibuc.ro\/en\/wp-json\/wp\/v2\/comments?post=4856"}],"wp:featuredmedia":[{"embeddable":true,"href":"https:\/\/editura-unibuc.ro\/en\/wp-json\/wp\/v2\/media\/8928"}],"wp:attachment":[{"href":"https:\/\/editura-unibuc.ro\/en\/wp-json\/wp\/v2\/media?parent=4856"}],"wp:term":[{"taxonomy":"product_brand","embeddable":true,"href":"https:\/\/editura-unibuc.ro\/en\/wp-json\/wp\/v2\/product_brand?post=4856"},{"taxonomy":"product_cat","embeddable":true,"href":"https:\/\/editura-unibuc.ro\/en\/wp-json\/wp\/v2\/product_cat?post=4856"},{"taxonomy":"product_tag","embeddable":true,"href":"https:\/\/editura-unibuc.ro\/en\/wp-json\/wp\/v2\/product_tag?post=4856"}],"curies":[{"name":"wp","href":"https:\/\/api.w.org\/{rel}","templated":true}]}}