{"id":4862,"date":"2012-12-17T14:38:55","date_gmt":"2012-12-17T11:38:55","guid":{"rendered":"https:\/\/editura-unibuc.ro\/?p=4862"},"modified":"2015-03-13T15:43:18","modified_gmt":"2015-03-13T13:43:18","slug":"modelarea-sistemelor-software-visio-uml","status":"publish","type":"product","link":"https:\/\/editura-unibuc.ro\/en\/modelarea-sistemelor-software-visio-uml\/","title":{"rendered":"SOFTWARE SYSTEMS MODELLING \u2013VISIO, UML"},"content":{"rendered":"<p>Cartea \u00ee\u0219i propune s\u0103 fie o lucrare de referin\u021b\u0103 pentru \u00eensu\u0219irea tehnicii de modelare a sistemelor software, c\u00e2t \u0219i pentru \u00eensu\u0219irea limbajului de modelare Unified Modeling Language (UML), folosit pentru reprezentarea solu\u021biilor sistemelor modelate \u0219i utilizat prin programul Microsoft Office Visio. Pe m\u0103sur\u0103 ce lumea devine tot mai complex\u0103, sistemele informatice, la r\u00e2ndul lor, trebuie s\u0103-\u0219i amplifice complexitatea. Realizarea de sisteme de complexitate medie sau mare a impus apari\u021bia de metode de analiz\u0103 \u0219i de proiectare, av\u00e2nd ca scop final crearea unui model al sistemului. Specificarea acestui model se realizeaz\u0103 prin intermediul unui limbaj vizual, compus dintr-un set de simboluri grafice \u0219i de adnot\u0103ri textuale. Odat\u0103 cu evolu\u021bia modelului orientat pe obiecte, au ap\u0103rut mai multe metode de analiz\u0103 \u0219i de proiectare, fiecare dintre acestea introduc\u00e2nd nota\u021bii grafice sau formale particulare.<\/p>\n","protected":false},"excerpt":{"rendered":"<p>Cartea \u00ee\u0219i propune s\u0103 fie o lucrare de referin\u021b\u0103 pentru \u00eensu\u0219irea tehnicii de modelare a sistemelor software, c\u00e2t \u0219i pentru \u00eensu\u0219irea limbajului de modelare Unified Modeling Language (UML), folosit pentru reprezentarea solu\u021biilor sistemelor modelate \u0219i utilizat prin programul Microsoft Office Visio. Pe m\u0103sur\u0103 ce lumea devine tot mai complex\u0103, sistemele informatice, la r\u00e2ndul lor, trebuie [&hellip;]<\/p>\n","protected":false},"featured_media":0,"comment_status":"open","ping_status":"closed","template":"","meta":[],"product_brand":[],"product_cat":[982,985],"product_tag":[899],"class_list":{"0":"post-4862","1":"product","2":"type-product","3":"status-publish","5":"product_cat-stiinte-exacte","6":"product_cat-informatica","7":"product_tag-informatica","9":"first","10":"outofstock","11":"shipping-taxable","12":"product-type-simple"},"_links":{"self":[{"href":"https:\/\/editura-unibuc.ro\/en\/wp-json\/wp\/v2\/product\/4862","targetHints":{"allow":["GET"]}}],"collection":[{"href":"https:\/\/editura-unibuc.ro\/en\/wp-json\/wp\/v2\/product"}],"about":[{"href":"https:\/\/editura-unibuc.ro\/en\/wp-json\/wp\/v2\/types\/product"}],"replies":[{"embeddable":true,"href":"https:\/\/editura-unibuc.ro\/en\/wp-json\/wp\/v2\/comments?post=4862"}],"wp:attachment":[{"href":"https:\/\/editura-unibuc.ro\/en\/wp-json\/wp\/v2\/media?parent=4862"}],"wp:term":[{"taxonomy":"product_brand","embeddable":true,"href":"https:\/\/editura-unibuc.ro\/en\/wp-json\/wp\/v2\/product_brand?post=4862"},{"taxonomy":"product_cat","embeddable":true,"href":"https:\/\/editura-unibuc.ro\/en\/wp-json\/wp\/v2\/product_cat?post=4862"},{"taxonomy":"product_tag","embeddable":true,"href":"https:\/\/editura-unibuc.ro\/en\/wp-json\/wp\/v2\/product_tag?post=4862"}],"curies":[{"name":"wp","href":"https:\/\/api.w.org\/{rel}","templated":true}]}}