{"id":49273,"date":"2025-02-04T11:41:35","date_gmt":"2025-02-04T09:41:35","guid":{"rendered":"https:\/\/editura-unibuc.ro\/?post_type=product&#038;p=49273"},"modified":"2025-09-02T11:07:31","modified_gmt":"2025-09-02T08:07:31","slug":"o-istorie-cu-scriitori-si-critici-literari","status":"publish","type":"product","link":"https:\/\/editura-unibuc.ro\/en\/o-istorie-cu-scriitori-si-critici-literari\/","title":{"rendered":"O ISTORIE CU SCRIITORI \u0218I CRITICI LITERARI"},"content":{"rendered":"","protected":false},"excerpt":{"rendered":"<hr \/>\n<p><strong><a href=\"https:\/\/books.google.ro\/books\/about?id=LAlREQAAQBAJ&#038;redir_esc=y\" target=\"_blank\" rel=\"noopener\"><img decoding=\"async\" src=\"https:\/\/editura-unibuc.ro\/wp-content\/uploads\/2025\/04\/goo.png\" \/>Google Books<\/a><\/strong><br \/>&nbsp;<\/p>\n<hr \/>\n<p><em>\u201eLITERE \u2013 160\u201d. ACTELE COLOCVIULUI ANIVERSAR AL FACULT\u0102\u021aII DE LITERE, UNIVERSITATEA DIN BUCURE\u0218TI (2\u20134 NOIEMBRIE 2023)<\/em><br \/>\nThe volume includes a series of scientific papers presented in advance at the Letters Colloquium \u2013 160 at the end of 2023, along with five event-interviews with writers-professors of the Faculty of Letters. The first section groups together dialogues with Mircea C\u0103rt\u0103rescu, Ioana P\u00e2rvulescu, Simona Popescu, Caius Dobrescu and Ion Manolescu. The second section is dedicated to the history of the institution and some literary historians who have taught at the faculty over time. The third illustrates several contemporary theoretical and critical trends, connecting literary studies with other areas of research, from <em>hard<\/em> and <em>soft sciences<\/em>.<\/p>\n","protected":false},"featured_media":49844,"comment_status":"open","ping_status":"closed","template":"","meta":[],"product_brand":[],"product_cat":[1464,979],"product_tag":[3983],"class_list":{"0":"post-49273","1":"product","2":"type-product","3":"status-publish","4":"has-post-thumbnail","6":"product_cat-filologie","7":"product_cat-limba-romana","8":"product_tag-colocviu-aniversar","10":"first","11":"instock","12":"shipping-taxable","13":"purchasable","14":"product-type-simple"},"_links":{"self":[{"href":"https:\/\/editura-unibuc.ro\/en\/wp-json\/wp\/v2\/product\/49273","targetHints":{"allow":["GET"]}}],"collection":[{"href":"https:\/\/editura-unibuc.ro\/en\/wp-json\/wp\/v2\/product"}],"about":[{"href":"https:\/\/editura-unibuc.ro\/en\/wp-json\/wp\/v2\/types\/product"}],"replies":[{"embeddable":true,"href":"https:\/\/editura-unibuc.ro\/en\/wp-json\/wp\/v2\/comments?post=49273"}],"wp:featuredmedia":[{"embeddable":true,"href":"https:\/\/editura-unibuc.ro\/en\/wp-json\/wp\/v2\/media\/49844"}],"wp:attachment":[{"href":"https:\/\/editura-unibuc.ro\/en\/wp-json\/wp\/v2\/media?parent=49273"}],"wp:term":[{"taxonomy":"product_brand","embeddable":true,"href":"https:\/\/editura-unibuc.ro\/en\/wp-json\/wp\/v2\/product_brand?post=49273"},{"taxonomy":"product_cat","embeddable":true,"href":"https:\/\/editura-unibuc.ro\/en\/wp-json\/wp\/v2\/product_cat?post=49273"},{"taxonomy":"product_tag","embeddable":true,"href":"https:\/\/editura-unibuc.ro\/en\/wp-json\/wp\/v2\/product_tag?post=49273"}],"curies":[{"name":"wp","href":"https:\/\/api.w.org\/{rel}","templated":true}]}}