{"id":49424,"date":"2025-02-20T14:45:57","date_gmt":"2025-02-20T12:45:57","guid":{"rendered":"https:\/\/editura-unibuc.ro\/?post_type=product&#038;p=49424"},"modified":"2025-02-21T12:45:23","modified_gmt":"2025-02-21T10:45:23","slug":"revista-cercurilor-studentesti-limba-si-literatura-franceza","status":"publish","type":"product","link":"https:\/\/editura-unibuc.ro\/en\/revista-cercurilor-studentesti-limba-si-literatura-franceza\/","title":{"rendered":"Revista Cercurilor studen\u0163e\u015fti ale Departamentului de Limba \u015fi Literatura Francez\u0103"},"content":{"rendered":"","protected":false},"excerpt":{"rendered":"<p>Hosted by the Bucharest University Press, Revista Cercurilor studen\u0163e\u015fti ale Departamentului de Limba \u015fi Literatura Francez\u0103 (RCSDLLF) \u2013 \u2018The French Department\u2019s Student Research Group Journal\u2019 \u2013 is a yearly publication of the French Language and Literature Department (Faculty of Foreign Languages and Literatures, University of Bucharest), founded in 2012 and opened to contributors among the students of all 3 education degrees the Department provides (bachelor\u2019s degree \u2013 licence, master\u2019s degree and doctorate). The journal gathers the best papers authored by members of the Department\u2019s five student scientific research groups: French Literature, Culture and Civilization; French theoretical and applied linguistics; ContrasTER (Contrastive analysis, specialized translations and terminology), CENTRAL (literary translations), and The extreme contemporary literature: the Prix Goncourt. Selections by Romanian Students (a research group organized around the works of the Bucharest Jury that designates the Romanian laureate of the Prix Goncourt, an international cultural event the French Language and Literature Department is part of since 2013). Other contributions presented by our students in all kinds of national or international scientific events are also included. Each contribution is validated by an expert who officially endorses its coordination as well as by a prestigious international scientific committee.<br \/>\nDuring the past years, RCSDLLF \u2013 a unique undertaking in student scientific research on the international level \u2013 set rather high standards of excellence for the youngest generation of true researchers, and it was recognized as such not only in Romania, but also abroad. In effect, the journal gained more and more international visibility due to the direct involvement of the French Language and Literature Department, through some elite student teams, in the Jury for the Goncourt Prize. Since 2017, the journal is also open to contributors from other French departments in Romanian universities.<\/p>\n<p><span style=\"color: #ff0000; font-family:Arial, Helvetica, sans-serif; font-size: 16px; font-weight:bold\"><a href=\"https:\/\/journals.unibuc.ro\/index.php\/rcsdllf\" rel=\"noopener\" target=\"_blank\"><img decoding=\"async\" src=\"https:\/\/editura-unibuc.ro\/wp-content\/uploads\/2025\/02\/j.png\" border=0>&nbsp;&nbsp;See journal<\/a><\/p>\n","protected":false},"featured_media":42378,"comment_status":"open","ping_status":"closed","template":"","meta":[],"product_brand":[],"product_cat":[3944,1469,1893],"product_tag":[],"class_list":{"0":"post-49424","1":"product","2":"type-product","3":"status-publish","4":"has-post-thumbnail","6":"product_cat-revista-cercurilor-studentesti-limba-si-literatura-franceza","7":"product_cat-periodice","8":"product_cat-reviste-academice","10":"first","11":"instock","12":"shipping-taxable","13":"product-type-simple"},"_links":{"self":[{"href":"https:\/\/editura-unibuc.ro\/en\/wp-json\/wp\/v2\/product\/49424","targetHints":{"allow":["GET"]}}],"collection":[{"href":"https:\/\/editura-unibuc.ro\/en\/wp-json\/wp\/v2\/product"}],"about":[{"href":"https:\/\/editura-unibuc.ro\/en\/wp-json\/wp\/v2\/types\/product"}],"replies":[{"embeddable":true,"href":"https:\/\/editura-unibuc.ro\/en\/wp-json\/wp\/v2\/comments?post=49424"}],"wp:featuredmedia":[{"embeddable":true,"href":"https:\/\/editura-unibuc.ro\/en\/wp-json\/wp\/v2\/media\/42378"}],"wp:attachment":[{"href":"https:\/\/editura-unibuc.ro\/en\/wp-json\/wp\/v2\/media?parent=49424"}],"wp:term":[{"taxonomy":"product_brand","embeddable":true,"href":"https:\/\/editura-unibuc.ro\/en\/wp-json\/wp\/v2\/product_brand?post=49424"},{"taxonomy":"product_cat","embeddable":true,"href":"https:\/\/editura-unibuc.ro\/en\/wp-json\/wp\/v2\/product_cat?post=49424"},{"taxonomy":"product_tag","embeddable":true,"href":"https:\/\/editura-unibuc.ro\/en\/wp-json\/wp\/v2\/product_tag?post=49424"}],"curies":[{"name":"wp","href":"https:\/\/api.w.org\/{rel}","templated":true}]}}