{"id":49451,"date":"2025-02-21T12:39:07","date_gmt":"2025-02-21T10:39:07","guid":{"rendered":"https:\/\/editura-unibuc.ro\/?post_type=product&#038;p=49451"},"modified":"2025-08-07T13:47:24","modified_gmt":"2025-08-07T10:47:24","slug":"istorie","status":"publish","type":"product","link":"https:\/\/editura-unibuc.ro\/en\/istorie\/","title":{"rendered":"Analele Universit\u0103\u021bii din Bucure\u0219ti &#8211; Istorie"},"content":{"rendered":"","protected":false},"excerpt":{"rendered":"<p>Analele Universit\u0103\u0163ii din Bucure\u015fti &#8211; Istorie or The Historical Journal of the University of Bucharest is a fully refereed periodical published by Editura Universit\u0103\u0163ii din Bucure\u015fti and one of eldest of its kind in Romania. It is published in one issue every year since 1956 and in two issues per year starting 2011.<br \/>\nThe Historical Journal of the University of Bucharest was devoted, from the moment if its inception, to promoting original research. It published a number of the most reputed Romanian historians of the last decades, but it also welcomed many contributions from international scholars. Open to topics covering all periods of history since Antiquity to the present times and all field of historical research, Analele Universit\u0103\u0163ii din Bucure\u015fti &#8211; Istorie also hosted opinions on the theoretical and methodological approaches to researching, interpreting and writing history.<br \/>\nThe journal publishes articles of original and significant research and interpretation, reviews of scholarly books and topical review essays. In the last years, the journal encouraged quality submissions from graduate students and young reseachers.<\/p>\n<p><span style=\"color: #ff0000;font-family:Arial, Helvetica, sans-serif;font-size: 16px;font-weight:bold\"><a href=\"https:\/\/journals.unibuc.ro\/index.php\/aub-history\" rel=\"noopener\" target=\"_blank\"><img decoding=\"async\" src=\"https:\/\/editura-unibuc.ro\/wp-content\/uploads\/2025\/02\/j.png\" border=\"0\">&nbsp;&nbsp;See journal<\/a><\/p>\n","protected":false},"featured_media":46306,"comment_status":"open","ping_status":"closed","template":"","meta":[],"product_brand":[],"product_cat":[3935,1469,1892],"product_tag":[],"class_list":{"0":"post-49451","1":"product","2":"type-product","3":"status-publish","4":"has-post-thumbnail","6":"product_cat-anale-istorie","7":"product_cat-periodice","8":"product_cat-anale","10":"first","11":"outofstock","12":"shipping-taxable","13":"product-type-simple"},"_links":{"self":[{"href":"https:\/\/editura-unibuc.ro\/en\/wp-json\/wp\/v2\/product\/49451","targetHints":{"allow":["GET"]}}],"collection":[{"href":"https:\/\/editura-unibuc.ro\/en\/wp-json\/wp\/v2\/product"}],"about":[{"href":"https:\/\/editura-unibuc.ro\/en\/wp-json\/wp\/v2\/types\/product"}],"replies":[{"embeddable":true,"href":"https:\/\/editura-unibuc.ro\/en\/wp-json\/wp\/v2\/comments?post=49451"}],"wp:featuredmedia":[{"embeddable":true,"href":"https:\/\/editura-unibuc.ro\/en\/wp-json\/wp\/v2\/media\/46306"}],"wp:attachment":[{"href":"https:\/\/editura-unibuc.ro\/en\/wp-json\/wp\/v2\/media?parent=49451"}],"wp:term":[{"taxonomy":"product_brand","embeddable":true,"href":"https:\/\/editura-unibuc.ro\/en\/wp-json\/wp\/v2\/product_brand?post=49451"},{"taxonomy":"product_cat","embeddable":true,"href":"https:\/\/editura-unibuc.ro\/en\/wp-json\/wp\/v2\/product_cat?post=49451"},{"taxonomy":"product_tag","embeddable":true,"href":"https:\/\/editura-unibuc.ro\/en\/wp-json\/wp\/v2\/product_tag?post=49451"}],"curies":[{"name":"wp","href":"https:\/\/api.w.org\/{rel}","templated":true}]}}