{"id":50241,"date":"2025-05-12T10:58:05","date_gmt":"2025-05-12T07:58:05","guid":{"rendered":"https:\/\/editura-unibuc.ro\/?post_type=product&#038;p=50241"},"modified":"2025-09-02T10:45:10","modified_gmt":"2025-09-02T07:45:10","slug":"literatura-filosofia-y-traduccion-el-eco-de-autores-hispanoamericanos-en-rumania","status":"publish","type":"product","link":"https:\/\/editura-unibuc.ro\/en\/literatura-filosofia-y-traduccion-el-eco-de-autores-hispanoamericanos-en-rumania\/","title":{"rendered":"LITERATURA, FILOSOF\u00cdA Y TRADUCCI\u00d3N EL ECO DE AUTORES HISPANOAMERICANOS EN RUMAN\u00cdA"},"content":{"rendered":"","protected":false},"excerpt":{"rendered":"<hr \/>\n<p><strong><a href=\"https:\/\/books.google.ro\/books\/about?id=WctcEQAAQBAJ&amp;redir_esc=y\" target=\"_blank\" rel=\"noopener\"><img decoding=\"async\" src=\"https:\/\/editura-unibuc.ro\/wp-content\/uploads\/2025\/04\/goo.png\" \/>Google Books<\/a><\/strong><br \/>&nbsp;<strong>Digital version available on <a href=\"https:\/\/play.google.com\/store\/books\/details?id=Zc1cEQAAQBAJ\" rel=\"noopener\" target=\"_blank\"><img decoding=\"async\" src=\"https:\/\/editura-unibuc.ro\/wp-content\/uploads\/2024\/03\/gp.jpg\">Google Play<\/a><\/p>\n<p><\/strong><\/p>\n<hr \/>\n<p>The volume &#8220;Literatura, Filosof\u00eda y Traducci\u00f3n. El eco de autores hispanoamericanos en Ruman\u00eda&#8221; encompasses a variety of contributions that highlight the threads that connect literature, philosophy, history, memory, translation, form, and meaning. The focus is on translation, which facilitates understanding of the human experience in Romania and Latin America. Through their work, the translator brings cultures, societies, and ways of thinking closer together.<\/p>\n","protected":false},"featured_media":50243,"comment_status":"open","ping_status":"closed","template":"","meta":[],"product_brand":[],"product_cat":[3823,1464,980],"product_tag":[4004],"class_list":{"0":"post-50241","1":"product","2":"type-product","3":"status-publish","4":"has-post-thumbnail","6":"product_cat-stiinte-umane","7":"product_cat-filologie","8":"product_cat-limbi-romanice-clasice-si-orientale","9":"product_tag-autori-hispanoamericani","11":"first","12":"instock","13":"shipping-taxable","14":"purchasable","15":"product-type-simple"},"_links":{"self":[{"href":"https:\/\/editura-unibuc.ro\/en\/wp-json\/wp\/v2\/product\/50241","targetHints":{"allow":["GET"]}}],"collection":[{"href":"https:\/\/editura-unibuc.ro\/en\/wp-json\/wp\/v2\/product"}],"about":[{"href":"https:\/\/editura-unibuc.ro\/en\/wp-json\/wp\/v2\/types\/product"}],"replies":[{"embeddable":true,"href":"https:\/\/editura-unibuc.ro\/en\/wp-json\/wp\/v2\/comments?post=50241"}],"wp:featuredmedia":[{"embeddable":true,"href":"https:\/\/editura-unibuc.ro\/en\/wp-json\/wp\/v2\/media\/50243"}],"wp:attachment":[{"href":"https:\/\/editura-unibuc.ro\/en\/wp-json\/wp\/v2\/media?parent=50241"}],"wp:term":[{"taxonomy":"product_brand","embeddable":true,"href":"https:\/\/editura-unibuc.ro\/en\/wp-json\/wp\/v2\/product_brand?post=50241"},{"taxonomy":"product_cat","embeddable":true,"href":"https:\/\/editura-unibuc.ro\/en\/wp-json\/wp\/v2\/product_cat?post=50241"},{"taxonomy":"product_tag","embeddable":true,"href":"https:\/\/editura-unibuc.ro\/en\/wp-json\/wp\/v2\/product_tag?post=50241"}],"curies":[{"name":"wp","href":"https:\/\/api.w.org\/{rel}","templated":true}]}}