{"id":50420,"date":"2025-05-30T11:25:24","date_gmt":"2025-05-30T08:25:24","guid":{"rendered":"https:\/\/editura-unibuc.ro\/?post_type=product&#038;p=50420"},"modified":"2025-06-02T13:58:41","modified_gmt":"2025-06-02T10:58:41","slug":"teste-de-antrenament-pentru-examenul-de-licentabazele-cercetarilor-operationale-microeconomie-macroeconomie-cantitativa-cibernetica-economica2025","status":"publish","type":"product","link":"https:\/\/editura-unibuc.ro\/en\/teste-de-antrenament-pentru-examenul-de-licentabazele-cercetarilor-operationale-microeconomie-macroeconomie-cantitativa-cibernetica-economica2025\/","title":{"rendered":"TESTE DE ANTRENAMENT PENTRU EXAMENUL DE LICEN\u021a\u0102<br\/>BAZELE CERCET\u0102RILOR OPERA\u021aIONALE, MICROECONOMIE, MACROECONOMIE CANTITATIV\u0102, CIBERNETIC\u0102 ECONOMIC\u0102<br\/>2025"},"content":{"rendered":"","protected":false},"excerpt":{"rendered":"<hr \/>\n<p><strong><a href=\"https:\/\/books.google.ro\/books\/about?id=F3ZhEQAAQBAJ&#038;redir_esc=y\" target=\"_blank\" rel=\"noopener\"><img decoding=\"async\" src=\"https:\/\/editura-unibuc.ro\/wp-content\/uploads\/2025\/04\/goo.png\" \/>Google Books<\/a><\/strong><br \/>&nbsp;<\/p>\n<hr \/>\n<p>CUPRINS<br \/>\nBAZELE CERCET\u0102RILOR OPERA\u021aIONALE<br \/>\nMICROECONOMIE<br \/>\nMACROECONOMIE CANTITATIV\u0102<br \/>\nCIBERNETIC\u0102 ECONOMIC\u0102<\/p>\n","protected":false},"featured_media":50422,"comment_status":"open","ping_status":"closed","template":"","meta":[],"product_brand":[],"product_cat":[991,992],"product_tag":[4009],"class_list":{"0":"post-50420","1":"product","2":"type-product","3":"status-publish","4":"has-post-thumbnail","6":"product_cat-stiinte-sociale","7":"product_cat-administratie-si-afaceri","8":"product_tag-test","10":"first","11":"instock","12":"downloadable","13":"shipping-taxable","14":"product-type-simple"},"_links":{"self":[{"href":"https:\/\/editura-unibuc.ro\/en\/wp-json\/wp\/v2\/product\/50420","targetHints":{"allow":["GET"]}}],"collection":[{"href":"https:\/\/editura-unibuc.ro\/en\/wp-json\/wp\/v2\/product"}],"about":[{"href":"https:\/\/editura-unibuc.ro\/en\/wp-json\/wp\/v2\/types\/product"}],"replies":[{"embeddable":true,"href":"https:\/\/editura-unibuc.ro\/en\/wp-json\/wp\/v2\/comments?post=50420"}],"wp:featuredmedia":[{"embeddable":true,"href":"https:\/\/editura-unibuc.ro\/en\/wp-json\/wp\/v2\/media\/50422"}],"wp:attachment":[{"href":"https:\/\/editura-unibuc.ro\/en\/wp-json\/wp\/v2\/media?parent=50420"}],"wp:term":[{"taxonomy":"product_brand","embeddable":true,"href":"https:\/\/editura-unibuc.ro\/en\/wp-json\/wp\/v2\/product_brand?post=50420"},{"taxonomy":"product_cat","embeddable":true,"href":"https:\/\/editura-unibuc.ro\/en\/wp-json\/wp\/v2\/product_cat?post=50420"},{"taxonomy":"product_tag","embeddable":true,"href":"https:\/\/editura-unibuc.ro\/en\/wp-json\/wp\/v2\/product_tag?post=50420"}],"curies":[{"name":"wp","href":"https:\/\/api.w.org\/{rel}","templated":true}]}}