{"id":50462,"date":"2025-06-02T12:40:25","date_gmt":"2025-06-02T09:40:25","guid":{"rendered":"https:\/\/editura-unibuc.ro\/?post_type=product&#038;p=50462"},"modified":"2025-09-02T10:31:31","modified_gmt":"2025-09-02T07:31:31","slug":"ecce-romoo-perspectiva-teologica-a-transformarii-comunitatilor-de-romi-din-romania-dupa-1990","status":"publish","type":"product","link":"https:\/\/editura-unibuc.ro\/en\/ecce-romoo-perspectiva-teologica-a-transformarii-comunitatilor-de-romi-din-romania-dupa-1990\/","title":{"rendered":"ECCE ROMO<br\/>O PERSPECTIV\u0102 TEOLOGIC\u0102 A TRANSFORM\u0102RII COMUNIT\u0102\u021aILOR DE ROMI DIN ROM\u00c2NIA DUP\u0102 1990"},"content":{"rendered":"","protected":false},"excerpt":{"rendered":"<hr \/>\n<p><strong><a href=\"https:\/\/books.google.ro\/books\/about?id=tcpwEQAAQBAJ&#038;redir_esc=y\" target=\"_blank\" rel=\"noopener\"><img decoding=\"async\" src=\"https:\/\/editura-unibuc.ro\/wp-content\/uploads\/2025\/04\/goo.png\" \/>Google Books<\/a><\/strong><br \/>&nbsp;<\/p>\n<hr \/>\n<p>This book is both the result of academic work and the effect of personal visits made by the researcher over the past 20 years to various evangelical Roma communities in Romania.<br \/>\nHis personal experiences \u2013 sleeping in tents in some of their yards, eating with them, observing their hopelessness and disappointment, listening to their life stories, music and prayers to God \u2013 all led to the emergence of this book.<br \/>\nAs a result of ethnographic research, it was possible to see the change within these communities: the corners of the scarves wet with the tears shed by the Roma mothers and wives reflected their despair and disappointment. Now, the Roma enjoy prestige in their workplaces, the Roma children in the evangelical communities have a higher school education, and the living conditions in their homes have improved. Evangelical Roma families \u2013 not at all extravagant \u2013 now have joy and much good cheer.<br \/>\nHow is this possible? The answer is: God! Similar to the Early Church, the evangelical Roma, by reading the Bible, discovered God and thus their values \u200b\u200bwere changed: they care for their fellow men and their families, they pray (they say many prayers) and offer a holistic perspective of the individual and their community. God becomes the answer for every village and individual in need.<br \/>\nIt is possible that the Church is the answer to the problems found in many areas and to many individuals in need, regardless of nationality or language, if biblical values \u200b\u200band principles are implemented correctly.<\/p>\n","protected":false},"featured_media":50767,"comment_status":"open","ping_status":"closed","template":"","meta":[],"product_brand":[],"product_cat":[3823,999],"product_tag":[3858,3981],"class_list":{"0":"post-50462","1":"product","2":"type-product","3":"status-publish","4":"has-post-thumbnail","6":"product_cat-stiinte-umane","7":"product_cat-teologie","8":"product_tag-istoria-romilor","9":"product_tag-romi","11":"first","12":"instock","13":"shipping-taxable","14":"purchasable","15":"product-type-simple"},"_links":{"self":[{"href":"https:\/\/editura-unibuc.ro\/en\/wp-json\/wp\/v2\/product\/50462","targetHints":{"allow":["GET"]}}],"collection":[{"href":"https:\/\/editura-unibuc.ro\/en\/wp-json\/wp\/v2\/product"}],"about":[{"href":"https:\/\/editura-unibuc.ro\/en\/wp-json\/wp\/v2\/types\/product"}],"replies":[{"embeddable":true,"href":"https:\/\/editura-unibuc.ro\/en\/wp-json\/wp\/v2\/comments?post=50462"}],"wp:featuredmedia":[{"embeddable":true,"href":"https:\/\/editura-unibuc.ro\/en\/wp-json\/wp\/v2\/media\/50767"}],"wp:attachment":[{"href":"https:\/\/editura-unibuc.ro\/en\/wp-json\/wp\/v2\/media?parent=50462"}],"wp:term":[{"taxonomy":"product_brand","embeddable":true,"href":"https:\/\/editura-unibuc.ro\/en\/wp-json\/wp\/v2\/product_brand?post=50462"},{"taxonomy":"product_cat","embeddable":true,"href":"https:\/\/editura-unibuc.ro\/en\/wp-json\/wp\/v2\/product_cat?post=50462"},{"taxonomy":"product_tag","embeddable":true,"href":"https:\/\/editura-unibuc.ro\/en\/wp-json\/wp\/v2\/product_tag?post=50462"}],"curies":[{"name":"wp","href":"https:\/\/api.w.org\/{rel}","templated":true}]}}