{"id":50806,"date":"2025-07-22T11:58:26","date_gmt":"2025-07-22T08:58:26","guid":{"rendered":"https:\/\/editura-unibuc.ro\/?post_type=product&#038;p=50806"},"modified":"2026-02-11T09:36:36","modified_gmt":"2026-02-11T07:36:36","slug":"metafora-afectivitatii-in-poezia-romaneasca-editia-a-doua-revizuita-si-adaugita","status":"publish","type":"product","link":"https:\/\/editura-unibuc.ro\/en\/metafora-afectivitatii-in-poezia-romaneasca-editia-a-doua-revizuita-si-adaugita\/","title":{"rendered":"METAFORA AFECTIVIT\u0102\u021aII \u00ceN POEZIA ROM\u00c2NEASC\u0102 \u2013 EDI\u021aIA A DOUA REVIZUIT\u0102 \u0218I AD\u0102UGIT\u0102 \u2013"},"content":{"rendered":"","protected":false},"excerpt":{"rendered":"<hr \/>\n<p><strong><a href=\"https:\/\/books.google.ro\/books\/about?id=YRR2EQAAQBAJ&amp;redir_esc=y\" target=\"_blank\" rel=\"noopener\"><img decoding=\"async\" src=\"https:\/\/editura-unibuc.ro\/wp-content\/uploads\/2025\/04\/goo.png\" \/>Google Books<\/a><\/strong><br \/>&nbsp;<\/p>\n<hr \/>\n<p>The present volume is a continuation of a research that I published a few years ago, dedicated to the lexicon of affectivity in the literary text. The current approach, more restricted, considers a single tranche of this lexical field, its realization in metaphor. Given the fact that it is an emblematic trope, an immutable constant of poetic language, the conclusions formulated may be important for the general characterization of the poetry of an author, a period or a literature.<br \/>\nBy analyzing this poetic figure in relation to the semantic sphere of affectivity, we actually come into contact with the two fundamental springs of lyric poetry from all times and from all meridians.<br \/>\nIn this second edition, we have added a chapter dedicated to contemporary poetry (Nichita St\u0103nescu, Mihai Ursachi, \u0218t. Aug. Doina\u0219, Emil Brumaru, Ana Blandiana, Mircea C\u0103rt\u0103rescu, Ileana M\u0103l\u0103ncioiu, etc.).<br \/>\nThis work is not a history of Romanian poetry, although its chapters follow a chronological thread, throughout two centuries of literature. But it attempts to establish, through a concrete analysis, to what extent the establishment of a specific metaphorical scheme was the basis for the existence of an original Romanian poetic discourse.<br \/>\nThis second edition also brings a new chapter, dedicated to contemporary poetry. The metaphor of affectivity in the poetic work of the most important writers of the last 50 years is analyzed. Thus, the historical perspective on the emblematic trope, metaphor, offers a complete picture of the evolution of Romanian poetic language.<\/p>\n","protected":false},"featured_media":50871,"comment_status":"open","ping_status":"closed","template":"","meta":[],"product_brand":[],"product_cat":[3823,1531,2756,1464],"product_tag":[4015],"class_list":{"0":"post-50806","1":"product","2":"type-product","3":"status-publish","4":"has-post-thumbnail","6":"product_cat-stiinte-umane","7":"product_cat-colectii","8":"product_cat-lingvistica-lingua","9":"product_cat-filologie","10":"product_tag-poezie-romaneasca","12":"first","13":"instock","14":"shipping-taxable","15":"purchasable","16":"product-type-simple"},"_links":{"self":[{"href":"https:\/\/editura-unibuc.ro\/en\/wp-json\/wp\/v2\/product\/50806","targetHints":{"allow":["GET"]}}],"collection":[{"href":"https:\/\/editura-unibuc.ro\/en\/wp-json\/wp\/v2\/product"}],"about":[{"href":"https:\/\/editura-unibuc.ro\/en\/wp-json\/wp\/v2\/types\/product"}],"replies":[{"embeddable":true,"href":"https:\/\/editura-unibuc.ro\/en\/wp-json\/wp\/v2\/comments?post=50806"}],"wp:featuredmedia":[{"embeddable":true,"href":"https:\/\/editura-unibuc.ro\/en\/wp-json\/wp\/v2\/media\/50871"}],"wp:attachment":[{"href":"https:\/\/editura-unibuc.ro\/en\/wp-json\/wp\/v2\/media?parent=50806"}],"wp:term":[{"taxonomy":"product_brand","embeddable":true,"href":"https:\/\/editura-unibuc.ro\/en\/wp-json\/wp\/v2\/product_brand?post=50806"},{"taxonomy":"product_cat","embeddable":true,"href":"https:\/\/editura-unibuc.ro\/en\/wp-json\/wp\/v2\/product_cat?post=50806"},{"taxonomy":"product_tag","embeddable":true,"href":"https:\/\/editura-unibuc.ro\/en\/wp-json\/wp\/v2\/product_tag?post=50806"}],"curies":[{"name":"wp","href":"https:\/\/api.w.org\/{rel}","templated":true}]}}