{"id":50903,"date":"2025-08-07T09:25:21","date_gmt":"2025-08-07T06:25:21","guid":{"rendered":"https:\/\/editura-unibuc.ro\/?post_type=product&#038;p=50903"},"modified":"2025-09-25T10:18:58","modified_gmt":"2025-09-25T07:18:58","slug":"libertatea-religioasa-intre-politica-si-politicio-analiza-politica-a-standardelor-internationale-legislatiei-nationale-si-practicii-guvernamentale-in-pandemie","status":"publish","type":"product","link":"https:\/\/editura-unibuc.ro\/en\/libertatea-religioasa-intre-politica-si-politicio-analiza-politica-a-standardelor-internationale-legislatiei-nationale-si-practicii-guvernamentale-in-pandemie\/","title":{"rendered":"LIBERTATEA RELIGIOAS\u0102 \u00ceNTRE POLITIC\u0102 \u0218I POLITICI. O analiz\u0103 politic\u0103 a standardelor interna\u021bionale, legisla\u021biei na\u021bionale \u0219i practicii guvernamentale \u00een pandemie"},"content":{"rendered":"","protected":false},"excerpt":{"rendered":"<hr \/>\n<p><strong><a href=\"https:\/\/books.google.ro\/books\/about?id=8aF3EQAAQBAJ&amp;redir_esc=y\" target=\"_blank\" rel=\"noopener\"><img decoding=\"async\" src=\"https:\/\/editura-unibuc.ro\/wp-content\/uploads\/2025\/04\/goo.png\" \/>Google Books<\/a><\/strong><\/p>\n<p><strong>Available for purchase only from the EUB-BUP Bookstore<\/strong><br \/>&nbsp;<\/p>\n<hr \/>\n<p>Second edition, revised and expanded<br \/>\nFreedom of thought, conscience and religion is a condition of good governance, important for believers and non-believers alike. It is a goal and a criterion of civilization. Why? Development is another name for peace.<br \/>\nPeace is the fruit of justice. Justice is based on respect for fundamental human rights for all. Freedom of religion or belief (FoRB) is a central right. Article 18 of the Universal Declaration of Human Rights is at the heart of all universal human rights. It combines our freedom exercised individually and in community, in the private space and in the public space.<br \/>\nIt is also a litmus test for all human rights: if religious freedom is not respected, the other rights will suffer the same fate. Freedom of religion or belief (FoRB1) represents human dignity \u2013 the basic principle of human rights. Dignity represents my uniqueness, originality, my rights, but also my duties towards others and the community in which I live.<\/p>\n","protected":false},"featured_media":50904,"comment_status":"open","ping_status":"closed","template":"","meta":[],"product_brand":[],"product_cat":[991,995],"product_tag":[3946],"class_list":{"0":"post-50903","1":"product","2":"type-product","3":"status-publish","4":"has-post-thumbnail","6":"product_cat-stiinte-sociale","7":"product_cat-istorie-stiinte-politice","8":"product_tag-libertate-religioasa","10":"first","11":"outofstock","12":"shipping-taxable","13":"purchasable","14":"product-type-simple"},"_links":{"self":[{"href":"https:\/\/editura-unibuc.ro\/en\/wp-json\/wp\/v2\/product\/50903","targetHints":{"allow":["GET"]}}],"collection":[{"href":"https:\/\/editura-unibuc.ro\/en\/wp-json\/wp\/v2\/product"}],"about":[{"href":"https:\/\/editura-unibuc.ro\/en\/wp-json\/wp\/v2\/types\/product"}],"replies":[{"embeddable":true,"href":"https:\/\/editura-unibuc.ro\/en\/wp-json\/wp\/v2\/comments?post=50903"}],"wp:featuredmedia":[{"embeddable":true,"href":"https:\/\/editura-unibuc.ro\/en\/wp-json\/wp\/v2\/media\/50904"}],"wp:attachment":[{"href":"https:\/\/editura-unibuc.ro\/en\/wp-json\/wp\/v2\/media?parent=50903"}],"wp:term":[{"taxonomy":"product_brand","embeddable":true,"href":"https:\/\/editura-unibuc.ro\/en\/wp-json\/wp\/v2\/product_brand?post=50903"},{"taxonomy":"product_cat","embeddable":true,"href":"https:\/\/editura-unibuc.ro\/en\/wp-json\/wp\/v2\/product_cat?post=50903"},{"taxonomy":"product_tag","embeddable":true,"href":"https:\/\/editura-unibuc.ro\/en\/wp-json\/wp\/v2\/product_tag?post=50903"}],"curies":[{"name":"wp","href":"https:\/\/api.w.org\/{rel}","templated":true}]}}