{"id":51190,"date":"2025-10-15T09:17:33","date_gmt":"2025-10-15T06:17:33","guid":{"rendered":"https:\/\/editura-unibuc.ro\/?post_type=product&#038;p=51190"},"modified":"2026-02-03T08:58:04","modified_gmt":"2026-02-03T06:58:04","slug":"pasiune-abnegatie-daruire-o-viata-intre-doua-culturiconf-dr-mariana-mangiulea-jatop-la-65-de-ani","status":"publish","type":"product","link":"https:\/\/editura-unibuc.ro\/en\/pasiune-abnegatie-daruire-o-viata-intre-doua-culturiconf-dr-mariana-mangiulea-jatop-la-65-de-ani\/","title":{"rendered":"PASIUNE, ABNEGA\u021aIE, D\u0102RUIRE \u2013 O VIA\u021a\u0102 \u00ceNTRE DOU\u0102 CULTURI<br\/>CONF. DR. MARIANA MANGIULEA JATOP LA 65 DE ANI"},"content":{"rendered":"","protected":false},"excerpt":{"rendered":"<hr \/>\n<p><strong><a href=\"https:\/\/books.google.ro\/books\/about?id=I0a8EQAAQBAJ&#038;redir_esc=y\" target=\"_blank\" rel=\"noopener\"><img decoding=\"async\" src=\"https:\/\/editura-unibuc.ro\/wp-content\/uploads\/2025\/04\/goo.png\" \/>Google Books<\/a><\/strong><br \/>&nbsp;<\/p>\n<hr \/>\n<p>The present volume is dedicated to Associate Professor Dr. Mariana Mangiulea Jatop, former professor of the Department of Bulgarian Language and Literature (Faculty of Foreign Languages \u200b\u200band Literatures, University of Bucharest), on the occasion of her 65th birthday. The work was born from the desire of colleagues, friends and former students to offer Professor Mangiulea Jatop a proof of the appreciation, admiration and respect they have for her. This undertaking is not only a manifestation of gratitude for her tireless and long-term teaching and research activity in the field of Bulgarian studies, but also an attempt to bring together in a single volume scientific contributions on various topics, which will arouse the interest of readers and the academic community. The volume is structured in four sections \u2013 literary studies, linguistic studies, reviews and personal life. The themes addressed are varied \u2013 from classical to postmodern literature, studies of translation studies and visual representations in Byzantine art, from the ethnogenesis of the Balkan peoples to the organization of the courts of the Russian princes in feudal Russia, from translations of old Slavonic manuscripts into Romanian, to studies of phraseology, pragmatics, syntax and media discourse. The authors who collaborated on the volume are specialists in the field of Slavic languages \u200b\u200b(Bulgarian, Russian, Croatian, Czech, Serbian, Polish) or Romanian language and literature and work in Romania or abroad, in various educational and research institutions.<\/p>\n","protected":false},"featured_media":51191,"comment_status":"open","ping_status":"closed","template":"","meta":[],"product_brand":[],"product_cat":[3823,1531,2509,1464,981],"product_tag":[4026],"class_list":{"0":"post-51190","1":"product","2":"type-product","3":"status-publish","4":"has-post-thumbnail","6":"product_cat-stiinte-umane","7":"product_cat-colectii","8":"product_cat-personalitati-ale-universitatii-din-bucuresti","9":"product_cat-filologie","10":"product_cat-limbi-slave","11":"product_tag-mariana-mangiulea-jatop","13":"first","14":"instock","15":"shipping-taxable","16":"purchasable","17":"product-type-simple"},"_links":{"self":[{"href":"https:\/\/editura-unibuc.ro\/en\/wp-json\/wp\/v2\/product\/51190","targetHints":{"allow":["GET"]}}],"collection":[{"href":"https:\/\/editura-unibuc.ro\/en\/wp-json\/wp\/v2\/product"}],"about":[{"href":"https:\/\/editura-unibuc.ro\/en\/wp-json\/wp\/v2\/types\/product"}],"replies":[{"embeddable":true,"href":"https:\/\/editura-unibuc.ro\/en\/wp-json\/wp\/v2\/comments?post=51190"}],"wp:featuredmedia":[{"embeddable":true,"href":"https:\/\/editura-unibuc.ro\/en\/wp-json\/wp\/v2\/media\/51191"}],"wp:attachment":[{"href":"https:\/\/editura-unibuc.ro\/en\/wp-json\/wp\/v2\/media?parent=51190"}],"wp:term":[{"taxonomy":"product_brand","embeddable":true,"href":"https:\/\/editura-unibuc.ro\/en\/wp-json\/wp\/v2\/product_brand?post=51190"},{"taxonomy":"product_cat","embeddable":true,"href":"https:\/\/editura-unibuc.ro\/en\/wp-json\/wp\/v2\/product_cat?post=51190"},{"taxonomy":"product_tag","embeddable":true,"href":"https:\/\/editura-unibuc.ro\/en\/wp-json\/wp\/v2\/product_tag?post=51190"}],"curies":[{"name":"wp","href":"https:\/\/api.w.org\/{rel}","templated":true}]}}