{"id":51374,"date":"2025-11-26T12:07:29","date_gmt":"2025-11-26T10:07:29","guid":{"rendered":"https:\/\/editura-unibuc.ro\/?post_type=product&#038;p=51374"},"modified":"2026-02-03T09:11:44","modified_gmt":"2026-02-03T07:11:44","slug":"tanarul-mircea-eliade-de-la-scrierile-adolescentului-miop-la-prozele-din-ciclul-indian-1921-1935","status":"publish","type":"product","link":"https:\/\/editura-unibuc.ro\/en\/tanarul-mircea-eliade-de-la-scrierile-adolescentului-miop-la-prozele-din-ciclul-indian-1921-1935\/","title":{"rendered":"T\u00c2N\u0102RUL MIRCEA ELIADE. DE LA SCRIERILE ADOLESCENTULUI MIOP LA PROZELE DIN \u201eCICLUL INDIAN\u201d (1921\u20131935)"},"content":{"rendered":"","protected":false},"excerpt":{"rendered":"<hr \/>\n<p><strong><a href=\"https:\/\/books.google.ro\/books\/about?id=Ogi8EQAAQBAJ&#038;redir_esc=y\" target=\"_blank\" rel=\"noopener\"><img decoding=\"async\" src=\"https:\/\/editura-unibuc.ro\/wp-content\/uploads\/2025\/04\/goo.png\" \/>Google Books<\/a><\/strong><br \/>&nbsp;<br \/>\n<strong>Digital version available on <a href=\"https:\/\/play.google.com\/store\/books\/details?id=zAK8EQAAQBAJ\" rel=\"noopener\" target=\"_blank\"><img decoding=\"async\" src=\"https:\/\/editura-unibuc.ro\/wp-content\/uploads\/2024\/03\/gp.jpg\">Google Play<\/a><\/strong><\/p>\n<hr \/>\n<p>\u00cen volumul de fa\u021b\u0103, sunt analizate prozele literare ale lui Mircea Eliade p\u00e2n\u0103 la debutul editorial, \u00een 1930 \u0219i scrierile din ciclul indian (1930\u20131935), mai exact Isabel \u0219i apele diavolului, Maitreyi, Lumina ce se stinge&#8230;, India \u0219i \u0218antier. Astfel, \u00een prima sec\u021biune, se pot citi studii despre romanele de adolescen\u021b\u0103 r\u0103mase \u00een manuscris, de la cele fantastice la cele \u201eautenticiste\u201d, despre rela\u021bia lor cu publicistica de extrem\u0103 tinere\u021be, despre modelele intelectuale ale lui Eliade (cum ar fi, de pild\u0103, Hasdeu) sau despre \u00eensemn\u0103rile sale diaristice. \u00cen cea de a doua, o serie de articole despre prozele \u201eindiene\u201d, prezentate mai sus. Volumul se \u00eencheie cu un Excursus despre jurnalele \u0219i diferite articole mai pu\u021bin cunoscute ale t\u00e2n\u0103rului Eliade.<br \/>\nAcest volum este primul dintr-o serie de studii prilejuite de editarea critic\u0103 a prozei lui Mircea Eliade,<br \/>\n2023-2026 (seria \u201dOpere fundamentale\u201d, Academia Rom\u00e2n\u0103, Funda\u021bia Na\u021bional\u0103 pentru \u0218tiin\u021b\u0103 \u0219i Art\u0103).<br \/>\nMajoritatea autorilor sunt cercet\u0103tori la Institutul de Istorie \u0219i Teorie literar\u0103 \u201dG. C\u0103linescu\u201d; lor li se<br \/>\nal\u0103tur\u0103 diferi\u021bi speciali\u0219ti, rom\u00e2ni sau str\u0103ini.<br \/>\nVolum ap\u0103rut \u00een Colec\u021bia CESI\/EUB \u201eText \u0219i imagine\u201d: Coordonatori Sorin Alexandrescu \u0219i Laura Mesina.<br \/>\nParteneriat I.I.T.L. \u201eG. C\u0103linescu\u201d \u0219i CESI, Universitatea din Bucure\u0219ti.<\/p>\n","protected":false},"featured_media":51375,"comment_status":"open","ping_status":"closed","template":"","meta":[],"product_brand":[],"product_cat":[1531,851],"product_tag":[874],"class_list":{"0":"post-51374","1":"product","2":"type-product","3":"status-publish","4":"has-post-thumbnail","6":"product_cat-colectii","7":"product_cat-cesi-text-imagine","8":"product_tag-mircea-eliade","10":"first","11":"instock","12":"shipping-taxable","13":"purchasable","14":"product-type-simple"},"_links":{"self":[{"href":"https:\/\/editura-unibuc.ro\/en\/wp-json\/wp\/v2\/product\/51374","targetHints":{"allow":["GET"]}}],"collection":[{"href":"https:\/\/editura-unibuc.ro\/en\/wp-json\/wp\/v2\/product"}],"about":[{"href":"https:\/\/editura-unibuc.ro\/en\/wp-json\/wp\/v2\/types\/product"}],"replies":[{"embeddable":true,"href":"https:\/\/editura-unibuc.ro\/en\/wp-json\/wp\/v2\/comments?post=51374"}],"wp:featuredmedia":[{"embeddable":true,"href":"https:\/\/editura-unibuc.ro\/en\/wp-json\/wp\/v2\/media\/51375"}],"wp:attachment":[{"href":"https:\/\/editura-unibuc.ro\/en\/wp-json\/wp\/v2\/media?parent=51374"}],"wp:term":[{"taxonomy":"product_brand","embeddable":true,"href":"https:\/\/editura-unibuc.ro\/en\/wp-json\/wp\/v2\/product_brand?post=51374"},{"taxonomy":"product_cat","embeddable":true,"href":"https:\/\/editura-unibuc.ro\/en\/wp-json\/wp\/v2\/product_cat?post=51374"},{"taxonomy":"product_tag","embeddable":true,"href":"https:\/\/editura-unibuc.ro\/en\/wp-json\/wp\/v2\/product_tag?post=51374"}],"curies":[{"name":"wp","href":"https:\/\/api.w.org\/{rel}","templated":true}]}}