{"id":51396,"date":"2025-12-03T09:15:41","date_gmt":"2025-12-03T07:15:41","guid":{"rendered":"https:\/\/editura-unibuc.ro\/?post_type=product&#038;p=51396"},"modified":"2025-12-08T12:15:06","modified_gmt":"2025-12-08T10:15:06","slug":"los-cigarrales-de-toledo-de-tirso-de-molinaespacios-de-la-representacion-y-polifonia-novelesca-en-una-miscelanea-postcervantina","status":"publish","type":"product","link":"https:\/\/editura-unibuc.ro\/en\/los-cigarrales-de-toledo-de-tirso-de-molinaespacios-de-la-representacion-y-polifonia-novelesca-en-una-miscelanea-postcervantina\/","title":{"rendered":"LOS CIGARRALES DE TOLEDO DE TIRSO DE MOLINA<br\/>ESPACIOS DE LA REPRESENTACI\u00d3N Y POLIFON\u00cdA NOVELESCA EN UNA MISCEL\u00c1NEA POSTCERVANTINA"},"content":{"rendered":"","protected":false},"excerpt":{"rendered":"<hr \/>\n<p><strong><a href=\"https:\/\/books.google.ro\/books\/about?id=jt-cEQAAQBAJ&#038;redir_esc=y\" target=\"_blank\" rel=\"noopener\"><img decoding=\"async\" src=\"https:\/\/editura-unibuc.ro\/wp-content\/uploads\/2025\/04\/goo.png\" \/>Google Books<\/a><\/strong><br \/>&nbsp;<\/p>\n<hr \/>\n<p>Este trabajo es fruto de la necesidad y del deseo de sacar a luz un texto muy poco le\u00eddo en la actualidad (y a\u00fan menos estudiado) dentro del campo de investigaci\u00f3n de la literatura espa\u00f1ola. Se ha intentado valorizar tanto la singularidad de la obra como la capacidad de la escritura tirsiana de acopiar una diversidad de fuentes y g\u00e9neros en una unidad abarcadora. Esta polifon\u00eda constituye un punto de inter\u00e9s para el estudio de los albores de la novela moderna, con especial ah\u00ednco en la herencia cervantina.<br \/>\nLa miscel\u00e1nea tirsiana tiene todav\u00eda mucho que ofrecerle al lector moderno, interesado en el origen y en la evoluci\u00f3n de la tipolog\u00eda novelesca, as\u00ed como deseoso de indagar el caudal de recursos imaginativos propios del ethos cortesano y de sumergirse en su funci\u00f3n recreadora.<\/p>\n","protected":false},"featured_media":51400,"comment_status":"open","ping_status":"closed","template":"","meta":[],"product_brand":[],"product_cat":[3823,1464,980],"product_tag":[],"class_list":{"0":"post-51396","1":"product","2":"type-product","3":"status-publish","4":"has-post-thumbnail","6":"product_cat-stiinte-umane","7":"product_cat-filologie","8":"product_cat-limbi-romanice-clasice-si-orientale","10":"first","11":"instock","12":"shipping-taxable","13":"purchasable","14":"product-type-simple"},"_links":{"self":[{"href":"https:\/\/editura-unibuc.ro\/en\/wp-json\/wp\/v2\/product\/51396","targetHints":{"allow":["GET"]}}],"collection":[{"href":"https:\/\/editura-unibuc.ro\/en\/wp-json\/wp\/v2\/product"}],"about":[{"href":"https:\/\/editura-unibuc.ro\/en\/wp-json\/wp\/v2\/types\/product"}],"replies":[{"embeddable":true,"href":"https:\/\/editura-unibuc.ro\/en\/wp-json\/wp\/v2\/comments?post=51396"}],"wp:featuredmedia":[{"embeddable":true,"href":"https:\/\/editura-unibuc.ro\/en\/wp-json\/wp\/v2\/media\/51400"}],"wp:attachment":[{"href":"https:\/\/editura-unibuc.ro\/en\/wp-json\/wp\/v2\/media?parent=51396"}],"wp:term":[{"taxonomy":"product_brand","embeddable":true,"href":"https:\/\/editura-unibuc.ro\/en\/wp-json\/wp\/v2\/product_brand?post=51396"},{"taxonomy":"product_cat","embeddable":true,"href":"https:\/\/editura-unibuc.ro\/en\/wp-json\/wp\/v2\/product_cat?post=51396"},{"taxonomy":"product_tag","embeddable":true,"href":"https:\/\/editura-unibuc.ro\/en\/wp-json\/wp\/v2\/product_tag?post=51396"}],"curies":[{"name":"wp","href":"https:\/\/api.w.org\/{rel}","templated":true}]}}