{"id":51502,"date":"2025-12-17T14:10:20","date_gmt":"2025-12-17T12:10:20","guid":{"rendered":"https:\/\/editura-unibuc.ro\/?post_type=product&#038;p=51502"},"modified":"2026-02-04T08:53:04","modified_gmt":"2026-02-04T06:53:04","slug":"intre-realitati-si-posibilitati-primul-an-universitar-dupa-reforma-invatamantului-1948-1949","status":"publish","type":"product","link":"https:\/\/editura-unibuc.ro\/en\/intre-realitati-si-posibilitati-primul-an-universitar-dupa-reforma-invatamantului-1948-1949\/","title":{"rendered":"\u00ceNTRE REALIT\u0102\u021aI \u0218I POSIBILIT\u0102\u021aI. PRIMUL AN UNIVERSITAR DUP\u0102 REFORMA \u00ceNV\u0102\u021a\u0102M\u00c2NTULUI (1948\/1949)"},"content":{"rendered":"","protected":false},"excerpt":{"rendered":"<hr \/>\n<p><strong><a href=\"https:\/\/books.google.ro\/books\/about?id=Fb28EQAAQBAJ&#038;redir_esc=y\" target=\"_blank\" rel=\"noopener\"><img decoding=\"async\" src=\"https:\/\/editura-unibuc.ro\/wp-content\/uploads\/2025\/04\/goo.png\" \/>Google Books<\/a><\/strong><br \/>&nbsp;<\/p>\n<hr \/>\n<p>We lack the documents on which to begin providing answers and building an argumentative historical narrative regarding what happened in Romanian higher education with the reform implemented in 1948. We need detailed knowledge of what happened to be able to generate in-depth analyses, but everything must be done in stages, and the documents selected in this volume have their role.<br \/>\nThis volume introduces into the scientific circuit the documents necessary for this purpose, even if they are only those from the Ministry of Public Education (archival fund no. 3435, with the name Ministry of Religions and Public Instruction, for the period 1947-1949, which can be consulted at the Central National Historical Archives Service). Obviously, the Ministry of Public Education was the essential institution for the higher education system and a lot of relevant documents were identified, enough for us to limit ourselves to them at this stage of research on the education reform. Documents from 1948 and 1949 were consulted and reproduced in this volume, which concern the period immediately preceding (April) Decree 175\/1948 (August), and the subsequent one (August 1948-August 1949), therefore with the primary focus on the first academic year after the education reform (1948\/1949).<\/p>\n","protected":false},"featured_media":51662,"comment_status":"open","ping_status":"closed","template":"","meta":[],"product_brand":[],"product_cat":[991,995],"product_tag":[4036],"class_list":{"0":"post-51502","1":"product","2":"type-product","3":"status-publish","4":"has-post-thumbnail","6":"product_cat-stiinte-sociale","7":"product_cat-istorie-stiinte-politice","8":"product_tag-istoria-invatamantului","10":"first","11":"instock","12":"shipping-taxable","13":"purchasable","14":"product-type-simple"},"_links":{"self":[{"href":"https:\/\/editura-unibuc.ro\/en\/wp-json\/wp\/v2\/product\/51502","targetHints":{"allow":["GET"]}}],"collection":[{"href":"https:\/\/editura-unibuc.ro\/en\/wp-json\/wp\/v2\/product"}],"about":[{"href":"https:\/\/editura-unibuc.ro\/en\/wp-json\/wp\/v2\/types\/product"}],"replies":[{"embeddable":true,"href":"https:\/\/editura-unibuc.ro\/en\/wp-json\/wp\/v2\/comments?post=51502"}],"wp:featuredmedia":[{"embeddable":true,"href":"https:\/\/editura-unibuc.ro\/en\/wp-json\/wp\/v2\/media\/51662"}],"wp:attachment":[{"href":"https:\/\/editura-unibuc.ro\/en\/wp-json\/wp\/v2\/media?parent=51502"}],"wp:term":[{"taxonomy":"product_brand","embeddable":true,"href":"https:\/\/editura-unibuc.ro\/en\/wp-json\/wp\/v2\/product_brand?post=51502"},{"taxonomy":"product_cat","embeddable":true,"href":"https:\/\/editura-unibuc.ro\/en\/wp-json\/wp\/v2\/product_cat?post=51502"},{"taxonomy":"product_tag","embeddable":true,"href":"https:\/\/editura-unibuc.ro\/en\/wp-json\/wp\/v2\/product_tag?post=51502"}],"curies":[{"name":"wp","href":"https:\/\/api.w.org\/{rel}","templated":true}]}}