{"id":51577,"date":"2026-01-19T09:17:19","date_gmt":"2026-01-19T07:17:19","guid":{"rendered":"https:\/\/editura-unibuc.ro\/?post_type=product&#038;p=51577"},"modified":"2026-02-03T08:45:55","modified_gmt":"2026-02-03T06:45:55","slug":"panimdespre-fata-in-biblia-ebraica-analiza-semnificatii-si-analogii-conceptuale","status":"publish","type":"product","link":"https:\/\/editura-unibuc.ro\/en\/panimdespre-fata-in-biblia-ebraica-analiza-semnificatii-si-analogii-conceptuale\/","title":{"rendered":"PANIM<br\/>DESPRE FA\u021a\u0102 \u00ceN BIBLIA EBRAIC\u0102: ANALIZ\u0102, SEMNIFICA\u021aII \u0218I ANALOGII CONCEPTUALE"},"content":{"rendered":"","protected":false},"excerpt":{"rendered":"<hr \/>\n<p><strong><a href=\"https:\/\/books.google.ro\/books\/about?id=1cG8EQAAQBAJ&#038;redir_esc=y\" target=\"_blank\" rel=\"noopener\"><img decoding=\"async\" src=\"https:\/\/editura-unibuc.ro\/wp-content\/uploads\/2025\/04\/goo.png\" \/>Google Books<\/a><\/strong><br \/>&nbsp;<\/p>\n<hr \/>\n<p>The present volume studies the Hebrew term <em>panim<\/em>, usually translated as &#8220;face&#8221;, but which has an extensive semantic field within the biblical Hebrew language, which goes beyond the bodily dimension. The analysis of this term reveals a particular complexity, since it designates not only features of the exteriority of the human person, but also notions related to presence, identity, relationship and manifestation, both on a human and divine level. In a monographic approach, the work aims to highlight the main meanings and semantic implications of the term panim in the context of the Hebrew Bible, through an interdisciplinary approach that combines philological and hermeneutic analysis, adding to them an original connection with mathematical analysis, by highlighting a series of similarities between the meanings of the term studied and the concept of vector, which allows ramifications towards philosophy and theology and opens a broad horizon of interpretation and re-signification of the biblical text.<\/p>\n","protected":false},"featured_media":51663,"comment_status":"open","ping_status":"closed","template":"","meta":[],"product_brand":[],"product_cat":[3961,1531],"product_tag":[4037],"class_list":{"0":"post-51577","1":"product","2":"type-product","3":"status-publish","4":"has-post-thumbnail","6":"product_cat-studii-religioase","7":"product_cat-colectii","8":"product_tag-biblia-ebraica","10":"first","11":"instock","12":"shipping-taxable","13":"purchasable","14":"product-type-simple"},"_links":{"self":[{"href":"https:\/\/editura-unibuc.ro\/en\/wp-json\/wp\/v2\/product\/51577","targetHints":{"allow":["GET"]}}],"collection":[{"href":"https:\/\/editura-unibuc.ro\/en\/wp-json\/wp\/v2\/product"}],"about":[{"href":"https:\/\/editura-unibuc.ro\/en\/wp-json\/wp\/v2\/types\/product"}],"replies":[{"embeddable":true,"href":"https:\/\/editura-unibuc.ro\/en\/wp-json\/wp\/v2\/comments?post=51577"}],"wp:featuredmedia":[{"embeddable":true,"href":"https:\/\/editura-unibuc.ro\/en\/wp-json\/wp\/v2\/media\/51663"}],"wp:attachment":[{"href":"https:\/\/editura-unibuc.ro\/en\/wp-json\/wp\/v2\/media?parent=51577"}],"wp:term":[{"taxonomy":"product_brand","embeddable":true,"href":"https:\/\/editura-unibuc.ro\/en\/wp-json\/wp\/v2\/product_brand?post=51577"},{"taxonomy":"product_cat","embeddable":true,"href":"https:\/\/editura-unibuc.ro\/en\/wp-json\/wp\/v2\/product_cat?post=51577"},{"taxonomy":"product_tag","embeddable":true,"href":"https:\/\/editura-unibuc.ro\/en\/wp-json\/wp\/v2\/product_tag?post=51577"}],"curies":[{"name":"wp","href":"https:\/\/api.w.org\/{rel}","templated":true}]}}