{"id":5173,"date":"2013-01-30T11:44:25","date_gmt":"2013-01-30T08:44:25","guid":{"rendered":"https:\/\/editura-unibuc.ro\/?p=5173"},"modified":"2024-04-11T11:05:33","modified_gmt":"2024-04-11T08:05:33","slug":"probleme-de-extrem-conditionat-in-geometria-riemanniana","status":"publish","type":"product","link":"https:\/\/editura-unibuc.ro\/en\/probleme-de-extrem-conditionat-in-geometria-riemanniana\/","title":{"rendered":"CONSTRAINED EXTREMUM PROBLEMS IN RIEMANNIAN GEOMETRY"},"content":{"rendered":"<p>Programare neliniar\u0103 geometric\u0103. Elemente de geometrie Riemannian\u0103. Optimiz\u0103ri pe variet\u0103\u021bi Riemanniene. Optimiz\u0103ri pe subvariet\u0103\u021bi Riemanniene. Inegalit\u0103\u021bi geometrice. Subvariet\u0103\u021bi Riemanniene convexe. 201 titluri bibliografice \u00eencheie volumul.<\/p>\n","protected":false},"excerpt":{"rendered":"<p>Programare neliniar\u0103 geometric\u0103. Elemente de geometrie Riemannian\u0103. Optimiz\u0103ri pe variet\u0103\u021bi Riemanniene. Optimiz\u0103ri pe subvariet\u0103\u021bi Riemanniene. Inegalit\u0103\u021bi geometrice. Subvariet\u0103\u021bi Riemanniene convexe. 201 titluri bibliografice \u00eencheie volumul.<\/p>\n","protected":false},"featured_media":8914,"comment_status":"open","ping_status":"closed","template":"","meta":[],"product_brand":[],"product_cat":[982,986],"product_tag":[898],"class_list":{"0":"post-5173","1":"product","2":"type-product","3":"status-publish","4":"has-post-thumbnail","6":"product_cat-stiinte-exacte","7":"product_cat-matematica","8":"product_tag-matematica","10":"first","11":"instock","12":"shipping-taxable","13":"purchasable","14":"product-type-simple"},"_links":{"self":[{"href":"https:\/\/editura-unibuc.ro\/en\/wp-json\/wp\/v2\/product\/5173","targetHints":{"allow":["GET"]}}],"collection":[{"href":"https:\/\/editura-unibuc.ro\/en\/wp-json\/wp\/v2\/product"}],"about":[{"href":"https:\/\/editura-unibuc.ro\/en\/wp-json\/wp\/v2\/types\/product"}],"replies":[{"embeddable":true,"href":"https:\/\/editura-unibuc.ro\/en\/wp-json\/wp\/v2\/comments?post=5173"}],"wp:featuredmedia":[{"embeddable":true,"href":"https:\/\/editura-unibuc.ro\/en\/wp-json\/wp\/v2\/media\/8914"}],"wp:attachment":[{"href":"https:\/\/editura-unibuc.ro\/en\/wp-json\/wp\/v2\/media?parent=5173"}],"wp:term":[{"taxonomy":"product_brand","embeddable":true,"href":"https:\/\/editura-unibuc.ro\/en\/wp-json\/wp\/v2\/product_brand?post=5173"},{"taxonomy":"product_cat","embeddable":true,"href":"https:\/\/editura-unibuc.ro\/en\/wp-json\/wp\/v2\/product_cat?post=5173"},{"taxonomy":"product_tag","embeddable":true,"href":"https:\/\/editura-unibuc.ro\/en\/wp-json\/wp\/v2\/product_tag?post=5173"}],"curies":[{"name":"wp","href":"https:\/\/api.w.org\/{rel}","templated":true}]}}