{"id":5177,"date":"2013-01-30T11:51:12","date_gmt":"2013-01-30T08:51:12","guid":{"rendered":"https:\/\/editura-unibuc.ro\/?p=5177"},"modified":"2025-04-24T14:57:04","modified_gmt":"2025-04-24T11:57:04","slug":"serii-de-timp","status":"publish","type":"product","link":"https:\/\/editura-unibuc.ro\/en\/serii-de-timp\/","title":{"rendered":"TIME SERIES"},"content":{"rendered":"<p>Seriile de timp sunt \u0219iruri finite de numere reale ce reprezint\u0103 rezultatul observa\u021biilor asupra unor fenomene din domenii foarte variate: date macro-economice (PIB-uri, cre\u0219teri de pre\u021buri, infla\u021bia, exporturi, importuri); date micro-economice referitoare la una sau mai multe \u00eentreprinderi (varia\u021bia num\u0103rului de angaja\u021bi, a salariilor, a v\u00e2nz\u0103rilor, a exportului, a valorii materiei prime folosite); financiare (cursurile ac\u021biunilor); statistica mediului (date asupra schimb\u0103rilor climaterice, asupra polu\u0103rii, asupra cantit\u0103\u021bii de gaze eliberate de motoare); inginerie (m\u0103sur\u0103toriale diverselor m\u0103rimi); medicin\u0103 (datele ob\u021binute din analize, statistici ale medicinei muncii, statistici epidemiologice); demografie (varia\u021bia speran\u021bei de v\u00e2rst\u0103, a \u00een\u0103l\u021bimii, a greut\u0103\u021bii); astronomie (indicele activit\u0103\u021bii solare); meteorologie (varia\u021bia temperaturii, a pluviometriei, a num\u0103rului de zile \u00eensorite, a vitezei v\u00e2ntului); oceanografie (varia\u021bia \u00een\u0103l\u021bimii valurilor, viteza de succesiune a lor); biologie (m\u0103sur\u0103tori ale compozi\u021biei culturilor de bacterii).<\/p>\n","protected":false},"excerpt":{"rendered":"<p>Seriile de timp sunt \u0219iruri finite de numere reale ce reprezint\u0103 rezultatul observa\u021biilor asupra unor fenomene din domenii foarte variate: date macro-economice (PIB-uri, cre\u0219teri de pre\u021buri, infla\u021bia, exporturi, importuri); date micro-economice referitoare la una sau mai multe \u00eentreprinderi (varia\u021bia num\u0103rului de angaja\u021bi, a salariilor, a v\u00e2nz\u0103rilor, a exportului, a valorii materiei prime folosite); financiare (cursurile [&hellip;]<\/p>\n","protected":false},"featured_media":8912,"comment_status":"open","ping_status":"closed","template":"","meta":[],"product_brand":[],"product_cat":[982,986],"product_tag":[898],"class_list":{"0":"post-5177","1":"product","2":"type-product","3":"status-publish","4":"has-post-thumbnail","6":"product_cat-stiinte-exacte","7":"product_cat-matematica","8":"product_tag-matematica","10":"first","11":"outofstock","12":"shipping-taxable","13":"purchasable","14":"product-type-simple"},"_links":{"self":[{"href":"https:\/\/editura-unibuc.ro\/en\/wp-json\/wp\/v2\/product\/5177","targetHints":{"allow":["GET"]}}],"collection":[{"href":"https:\/\/editura-unibuc.ro\/en\/wp-json\/wp\/v2\/product"}],"about":[{"href":"https:\/\/editura-unibuc.ro\/en\/wp-json\/wp\/v2\/types\/product"}],"replies":[{"embeddable":true,"href":"https:\/\/editura-unibuc.ro\/en\/wp-json\/wp\/v2\/comments?post=5177"}],"wp:featuredmedia":[{"embeddable":true,"href":"https:\/\/editura-unibuc.ro\/en\/wp-json\/wp\/v2\/media\/8912"}],"wp:attachment":[{"href":"https:\/\/editura-unibuc.ro\/en\/wp-json\/wp\/v2\/media?parent=5177"}],"wp:term":[{"taxonomy":"product_brand","embeddable":true,"href":"https:\/\/editura-unibuc.ro\/en\/wp-json\/wp\/v2\/product_brand?post=5177"},{"taxonomy":"product_cat","embeddable":true,"href":"https:\/\/editura-unibuc.ro\/en\/wp-json\/wp\/v2\/product_cat?post=5177"},{"taxonomy":"product_tag","embeddable":true,"href":"https:\/\/editura-unibuc.ro\/en\/wp-json\/wp\/v2\/product_tag?post=5177"}],"curies":[{"name":"wp","href":"https:\/\/api.w.org\/{rel}","templated":true}]}}