{"id":51902,"date":"2026-03-30T09:24:22","date_gmt":"2026-03-30T06:24:22","guid":{"rendered":"https:\/\/editura-unibuc.ro\/?post_type=product&#038;p=51902"},"modified":"2026-04-08T12:55:45","modified_gmt":"2026-04-08T09:55:45","slug":"intre-tacerea-chiliei-si-glasul-cetatiitraditie-si-innoire-duhovniceasca-in-vremea-sfintilor-nil-sorski-si-iosif-de-volokolamsk","status":"publish","type":"product","link":"https:\/\/editura-unibuc.ro\/en\/intre-tacerea-chiliei-si-glasul-cetatiitraditie-si-innoire-duhovniceasca-in-vremea-sfintilor-nil-sorski-si-iosif-de-volokolamsk\/","title":{"rendered":"\u00ceNTRE T\u0102CEREA CHILIEI \u0218I GLASUL CET\u0102\u021aII<br\/>Tradi\u021bie \u0219i \u00eennoire duhovniceasc\u0103 \u00een vremea Sfin\u021bilor Nil Sorski \u0219i Iosif de Volokolamsk"},"content":{"rendered":"","protected":false},"excerpt":{"rendered":"<hr \/>\n<p><strong><a href=\"https:\/\/books.google.ro\/books\/about?id=27vOEQAAQBAJ&#038;redir_esc=y\" target=\"_blank\" rel=\"noopener\"><img decoding=\"async\" src=\"https:\/\/editura-unibuc.ro\/wp-content\/uploads\/2025\/04\/goo.png\" \/>Google Books<\/a><\/strong><br \/>&nbsp;<\/p>\n<hr \/>\n<p>The present work concerns a telling episode in the history and spirituality of the Russian Church, marked by the luminous traces left by two key personalities of the time \u2013 the Venerable Saints Nil Sorsky (1433-1508) and Joseph of Volokolamsk (1439-1515) \u2013 in a turbulent period, full of transformations and reforms in both the political and religious life of the country. They renounced the world with a clear, righteous and pure intention, becoming ardent defenders of monasticism and dedicating themselves with all their strength to achieving a reform of thought and morality in the society of that time. These great Orthodox saints particularly distinguished themselves and remained in history as two pedagogues, defenders and reformers of Russian monasticism, representatives of two sides of monastic life and ministry (mystical, contemplative life and external, social action), considered for a long time to be in complete contradiction, and the abbots Nile and Joseph \u2013 seen as two enemies. The present research effort was initiated with the intention of re-evaluating and emphasizing the special role of the two truly emblematic figures \u2013 not only for Russian spirituality, but also for the entire Orthodox tradition \u2013, out of the desire to make them known to the Romanian public. The volume aims to combat some clich\u00e9s propagated in older historiography \u2013 which suggested the existence of an alleged controversy or even hostility between the pious Nil and Joseph \u2013 by capitalizing on and interpreting the more nuanced perspectives offered by recent historiographical research. Highlighting the fact that they do not deny each other, but have the same goal, each fulfilling their tasks in their own way; emphasizing the good relationship that existed between them, as well as the way in which they cooperated, in terms of solving various problems in public life &#8211; are among the main objectives of the research. The work aims to bring additional knowledge to the field of Romanian historical theology, constituting a first attempt at a systematic and comprehensive analysis and presentation of the life, activity and spiritual heritage of the two enlightened figures of holiness in the Russian Church \u2013 Nil Sorski and Joseph of Volokolamsk \u2013, highlighting both their anchoring in the tradition of the Holy Fathers, as well as those elements of spiritual renewal, promoted through monastic reforms and through the social-philanthropic initiatives proposed by them.<\/p>\n","protected":false},"featured_media":51930,"comment_status":"open","ping_status":"closed","template":"","meta":[],"product_brand":[],"product_cat":[3823,1531,2597,999],"product_tag":[4042],"class_list":{"0":"post-51902","1":"product","2":"type-product","3":"status-publish","4":"has-post-thumbnail","6":"product_cat-stiinte-umane","7":"product_cat-colectii","8":"product_cat-studia-theologica","9":"product_cat-teologie","10":"product_tag-biserica-rusa","12":"first","13":"instock","14":"shipping-taxable","15":"purchasable","16":"product-type-simple"},"_links":{"self":[{"href":"https:\/\/editura-unibuc.ro\/en\/wp-json\/wp\/v2\/product\/51902","targetHints":{"allow":["GET"]}}],"collection":[{"href":"https:\/\/editura-unibuc.ro\/en\/wp-json\/wp\/v2\/product"}],"about":[{"href":"https:\/\/editura-unibuc.ro\/en\/wp-json\/wp\/v2\/types\/product"}],"replies":[{"embeddable":true,"href":"https:\/\/editura-unibuc.ro\/en\/wp-json\/wp\/v2\/comments?post=51902"}],"wp:featuredmedia":[{"embeddable":true,"href":"https:\/\/editura-unibuc.ro\/en\/wp-json\/wp\/v2\/media\/51930"}],"wp:attachment":[{"href":"https:\/\/editura-unibuc.ro\/en\/wp-json\/wp\/v2\/media?parent=51902"}],"wp:term":[{"taxonomy":"product_brand","embeddable":true,"href":"https:\/\/editura-unibuc.ro\/en\/wp-json\/wp\/v2\/product_brand?post=51902"},{"taxonomy":"product_cat","embeddable":true,"href":"https:\/\/editura-unibuc.ro\/en\/wp-json\/wp\/v2\/product_cat?post=51902"},{"taxonomy":"product_tag","embeddable":true,"href":"https:\/\/editura-unibuc.ro\/en\/wp-json\/wp\/v2\/product_tag?post=51902"}],"curies":[{"name":"wp","href":"https:\/\/api.w.org\/{rel}","templated":true}]}}