{"id":51933,"date":"2026-04-07T11:40:47","date_gmt":"2026-04-07T08:40:47","guid":{"rendered":"https:\/\/editura-unibuc.ro\/?post_type=product&#038;p=51933"},"modified":"2026-04-21T15:02:28","modified_gmt":"2026-04-21T12:02:28","slug":"continuidade-e-descontinuidade-no-espaco-ibero-americanoestudos-lusofonos","status":"publish","type":"product","link":"https:\/\/editura-unibuc.ro\/en\/continuidade-e-descontinuidade-no-espaco-ibero-americanoestudos-lusofonos\/","title":{"rendered":"CONTINUIDADE E DESCONTINUIDADE NO ESPA\u00c7O IBERO-AMERICANOESTUDOS LUS\u00d3FONOS"},"content":{"rendered":"","protected":false},"excerpt":{"rendered":"<p class=\"qtranxs-available-languages-message qtranxs-available-languages-message-en\">Sorry, this entry is only available in <a href=\"https:\/\/editura-unibuc.ro\/ro\/wp-json\/wp\/v2\/product\/51933\" class=\"qtranxs-available-language-link qtranxs-available-language-link-ro\" title=\"Rom\u00e2n\u0103\">Rom\u00e2n\u0103<\/a>. For the sake of viewer convenience, the content is shown below in the alternative language. You may click the link to switch the active language.<\/p>\n<p>O presente volume re\u00fane estudos dedicados \u00e0s din\u00e2micas de continuidade e descontinuidade no espa\u00e7o lus\u00f3fono, explorando fen\u00f3menos culturais marcados pelo sincretismo, pela mesclagem e pelas m\u00faltiplas formas de intera\u00e7\u00e3o que caracterizam este diverso espa\u00e7o cultural.<br \/>\nA diversidade de perspetivas aqui representadas evidencia a riqueza de um universo em constante transforma\u00e7\u00e3o, onde perman\u00eancia e rutura coexistem em planos diacr\u00f3nico e sincr\u00f3nico, gerando encontros, tens\u00f5es e reinven\u00e7\u00f5es identit\u00e1rias.<br \/>\nOs trabalhos distribuem-se por quatro eixos fundamentais: literatura, lingu\u00edstica, did\u00e1tica e tradutologia, oferecendo uma vis\u00e3o ampla e atualizada sobre as din\u00e2micas culturais e discursivas que atravessam o universo lus\u00f3fono.<\/p>\n","protected":false},"featured_media":51976,"comment_status":"open","ping_status":"closed","template":"","meta":[],"product_brand":[],"product_cat":[3823,1464,980],"product_tag":[2029],"class_list":{"0":"post-51933","1":"product","2":"type-product","3":"status-publish","4":"has-post-thumbnail","6":"product_cat-stiinte-umane","7":"product_cat-filologie","8":"product_cat-limbi-romanice-clasice-si-orientale","9":"product_tag-limba-portugheza","11":"first","12":"instock","13":"shipping-taxable","14":"purchasable","15":"product-type-simple"},"_links":{"self":[{"href":"https:\/\/editura-unibuc.ro\/en\/wp-json\/wp\/v2\/product\/51933","targetHints":{"allow":["GET"]}}],"collection":[{"href":"https:\/\/editura-unibuc.ro\/en\/wp-json\/wp\/v2\/product"}],"about":[{"href":"https:\/\/editura-unibuc.ro\/en\/wp-json\/wp\/v2\/types\/product"}],"replies":[{"embeddable":true,"href":"https:\/\/editura-unibuc.ro\/en\/wp-json\/wp\/v2\/comments?post=51933"}],"wp:featuredmedia":[{"embeddable":true,"href":"https:\/\/editura-unibuc.ro\/en\/wp-json\/wp\/v2\/media\/51976"}],"wp:attachment":[{"href":"https:\/\/editura-unibuc.ro\/en\/wp-json\/wp\/v2\/media?parent=51933"}],"wp:term":[{"taxonomy":"product_brand","embeddable":true,"href":"https:\/\/editura-unibuc.ro\/en\/wp-json\/wp\/v2\/product_brand?post=51933"},{"taxonomy":"product_cat","embeddable":true,"href":"https:\/\/editura-unibuc.ro\/en\/wp-json\/wp\/v2\/product_cat?post=51933"},{"taxonomy":"product_tag","embeddable":true,"href":"https:\/\/editura-unibuc.ro\/en\/wp-json\/wp\/v2\/product_tag?post=51933"}],"curies":[{"name":"wp","href":"https:\/\/api.w.org\/{rel}","templated":true}]}}