{"id":51939,"date":"2026-04-08T09:05:15","date_gmt":"2026-04-08T06:05:15","guid":{"rendered":"https:\/\/editura-unibuc.ro\/?post_type=product&#038;p=51939"},"modified":"2026-04-21T15:01:34","modified_gmt":"2026-04-21T12:01:34","slug":"senderos-del-cerebro-bilinguen-enfoque-relacional-de-los-fenomenos-de-contacto-linguistico","status":"publish","type":"product","link":"https:\/\/editura-unibuc.ro\/en\/senderos-del-cerebro-bilinguen-enfoque-relacional-de-los-fenomenos-de-contacto-linguistico\/","title":{"rendered":"SENDEROS DEL CEREBRO BILING\u00dcEN ENFOQUE RELACIONAL DE LOS FEN\u00d3MENOS DE CONTACTO LING\u00dc\u00cdSTICO"},"content":{"rendered":"","protected":false},"excerpt":{"rendered":"<p class=\"qtranxs-available-languages-message qtranxs-available-languages-message-en\">Sorry, this entry is only available in <a href=\"https:\/\/editura-unibuc.ro\/ro\/wp-json\/wp\/v2\/product\/51939\" class=\"qtranxs-available-language-link qtranxs-available-language-link-ro\" title=\"Rom\u00e2n\u0103\">Rom\u00e2n\u0103<\/a>. For the sake of viewer convenience, the content is shown below in the alternative language. You may click the link to switch the active language.<\/p>\n<p>Este trabajo se ha venido gestando con bastante dificultad. Inici\u00e9 el proyecto en 2016, despu\u00e9s de haber publicado un libro sobre el contacto ling\u00fc\u00edstico rumanoespa\u00f1ol cuando, frustrado por el planteamiento socioling\u00fc\u00edstico, que se contenta con analizar los fen\u00f3menos de contacto desde fuera, empec\u00e9 a interesarme por los mecanismos mentales de dichos fen\u00f3menos. Inevitablemente, esto me llev\u00f3 a investigar varios modelos te\u00f3ricos del lenguaje como proceso cognitivo y a dar, entre ellos, con la Teor\u00eda de Redes Relacionales (TRR) de Lamb (1999). Me fascin\u00f3 la posibilidad de reconciliar la ling\u00fc\u00edstica con la neuroling\u00fc\u00edstica y las neurociencias, en general, y empec\u00e9 a documentarme m\u00e1s.<\/p>\n","protected":false},"featured_media":51975,"comment_status":"open","ping_status":"closed","template":"","meta":[],"product_brand":[],"product_cat":[3823,1464,980],"product_tag":[1545,3446],"class_list":{"0":"post-51939","1":"product","2":"type-product","3":"status-publish","4":"has-post-thumbnail","6":"product_cat-stiinte-umane","7":"product_cat-filologie","8":"product_cat-limbi-romanice-clasice-si-orientale","9":"product_tag-bilingvism","10":"product_tag-limba-spaniola","12":"first","13":"instock","14":"shipping-taxable","15":"purchasable","16":"product-type-simple"},"_links":{"self":[{"href":"https:\/\/editura-unibuc.ro\/en\/wp-json\/wp\/v2\/product\/51939","targetHints":{"allow":["GET"]}}],"collection":[{"href":"https:\/\/editura-unibuc.ro\/en\/wp-json\/wp\/v2\/product"}],"about":[{"href":"https:\/\/editura-unibuc.ro\/en\/wp-json\/wp\/v2\/types\/product"}],"replies":[{"embeddable":true,"href":"https:\/\/editura-unibuc.ro\/en\/wp-json\/wp\/v2\/comments?post=51939"}],"wp:featuredmedia":[{"embeddable":true,"href":"https:\/\/editura-unibuc.ro\/en\/wp-json\/wp\/v2\/media\/51975"}],"wp:attachment":[{"href":"https:\/\/editura-unibuc.ro\/en\/wp-json\/wp\/v2\/media?parent=51939"}],"wp:term":[{"taxonomy":"product_brand","embeddable":true,"href":"https:\/\/editura-unibuc.ro\/en\/wp-json\/wp\/v2\/product_brand?post=51939"},{"taxonomy":"product_cat","embeddable":true,"href":"https:\/\/editura-unibuc.ro\/en\/wp-json\/wp\/v2\/product_cat?post=51939"},{"taxonomy":"product_tag","embeddable":true,"href":"https:\/\/editura-unibuc.ro\/en\/wp-json\/wp\/v2\/product_tag?post=51939"}],"curies":[{"name":"wp","href":"https:\/\/api.w.org\/{rel}","templated":true}]}}