{"id":5196,"date":"2013-01-30T12:53:03","date_gmt":"2013-01-30T09:53:03","guid":{"rendered":"https:\/\/editura-unibuc.ro\/?p=5196"},"modified":"2024-04-12T11:10:13","modified_gmt":"2024-04-12T08:10:13","slug":"metode-formale-si-de-clasificare-in-lingvistica-matematica-si-computationala","status":"publish","type":"product","link":"https:\/\/editura-unibuc.ro\/en\/metode-formale-si-de-clasificare-in-lingvistica-matematica-si-computationala\/","title":{"rendered":"FORMAL AND CLASSIFICATION METHODS IN MATHEMATICAL AND COMPUTATIONAL LINGUISTICS"},"content":{"rendered":"<p>\u201eLucrarea de fa\u021b\u0103 se refer\u0103 la unele aspecte cantitative \u0219i formale ale limbajului natural, cu aten\u021bie special\u0103 acordat\u0103 limbii rom\u00e2ne. Sunt c\u00e2teva decenii de c\u00e2nd nu am mai avut, la Facultatea de Matematic\u0103 a Universit\u0103\u021bii din Bucure\u0219ti, o tez\u0103 de doctorat cu aceast\u0103 tematic\u0103, \u00een ciuda faptului c\u0103 s-au prezentat numeroase teze referitoare la modelarea matematic\u0103 a limbajelor, domeniu \u00een care Rom\u00e2nia se manifest\u0103 puternic pe plan mondial. Sunt dou\u0103 p\u0103r\u021bi, bine distincte, chiar dac\u0103 \u00een str\u00e2ns\u0103 leg\u0103tur\u0103 \u00een aceast\u0103 lucrare: prima, caracterizat\u0103 prin obiectul ei, silaba, ocup\u0103 capitolele al doilea (Aspecte ale silabei) \u0219i al treilea (Un model contextual-Marcus al silabei); a doua, caracterizat\u0103 prin aten\u021bia \u00eendreptat\u0103 spre anumite probleme generale de similaritate, agregare \u0219i clasificare, dar care \u0219i ele sunt confruntate \u00een final cu situa\u021bii punctuale din studiul limbilor naturale, ocup\u0103 capitolele al patrulea (Despre similaritate), al cincilea (Metode multicriteriale de decizie) \u0219i al \u0219aselea (Aplica\u021bii \u0219i rezultate experimentale). O bogat\u0103 bibliografie de peste 120 de titluri (cele mai multe din ultimii 10 ani), folosit\u0103 cu maturitate de c\u0103tre autor, \u00eencheie lucrarea.\u201d(din prefa\u021ba semnat\u0103 Acad. prof. univ. dr. docent Solomon Marcus) \u201eAutorul prezint\u0103 rezultatele cercet\u0103rilor personale referitoare la raporturile dintre optimalitatea lungimii propozi\u021biilor \u0219i comprehensibilitatea textelor (\u2026). Una dintre nout\u0103\u021bile aduse de aceast\u0103 carte este reprezentat\u0103 de algoritmul propus de autor \u2013 utilizat \u00een prezent \u2013 pentru desp\u0103r\u021birea \u00een silabe a cuvintelor din limba rom\u00e2n\u0103 (\u2026). Liviu Dinu construie\u0219te un model matematic al silabei, pornind de la analogia dintre silabarea unui cuv\u00e2nt \u0219i modalitatea \u00een care este generat un cuv\u00e2nt de gramaticile contextuale-Marcus (\u2026). Autorul introduce un nou tip de gramatici contextuale, pe care le nume\u0219te gramatici silabice (\u2026). Autorul propune o m\u0103sur\u0103 a similarit\u0103\u021bii unor clasamente cu vocabulare diferite.\u201d (Mona Moldoveanu, \u201eUn nou studiu de lingvistic\u0103 matematic\u0103 \u0219i computa\u021bional\u0103\u201d, \u00een Observator Cultural, nr. 243, 19-25 octombrie 2004)<\/p>\n","protected":false},"excerpt":{"rendered":"<p>\u201eLucrarea de fa\u021b\u0103 se refer\u0103 la unele aspecte cantitative \u0219i formale ale limbajului natural, cu aten\u021bie special\u0103 acordat\u0103 limbii rom\u00e2ne. Sunt c\u00e2teva decenii de c\u00e2nd nu am mai avut, la Facultatea de Matematic\u0103 a Universit\u0103\u021bii din Bucure\u0219ti, o tez\u0103 de doctorat cu aceast\u0103 tematic\u0103, \u00een ciuda faptului c\u0103 s-au prezentat numeroase teze referitoare la modelarea [&hellip;]<\/p>\n","protected":false},"featured_media":8901,"comment_status":"open","ping_status":"closed","template":"","meta":[],"product_brand":[],"product_cat":[982,986],"product_tag":[898],"class_list":{"0":"post-5196","1":"product","2":"type-product","3":"status-publish","4":"has-post-thumbnail","6":"product_cat-stiinte-exacte","7":"product_cat-matematica","8":"product_tag-matematica","10":"first","11":"instock","12":"shipping-taxable","13":"purchasable","14":"product-type-simple"},"_links":{"self":[{"href":"https:\/\/editura-unibuc.ro\/en\/wp-json\/wp\/v2\/product\/5196","targetHints":{"allow":["GET"]}}],"collection":[{"href":"https:\/\/editura-unibuc.ro\/en\/wp-json\/wp\/v2\/product"}],"about":[{"href":"https:\/\/editura-unibuc.ro\/en\/wp-json\/wp\/v2\/types\/product"}],"replies":[{"embeddable":true,"href":"https:\/\/editura-unibuc.ro\/en\/wp-json\/wp\/v2\/comments?post=5196"}],"wp:featuredmedia":[{"embeddable":true,"href":"https:\/\/editura-unibuc.ro\/en\/wp-json\/wp\/v2\/media\/8901"}],"wp:attachment":[{"href":"https:\/\/editura-unibuc.ro\/en\/wp-json\/wp\/v2\/media?parent=5196"}],"wp:term":[{"taxonomy":"product_brand","embeddable":true,"href":"https:\/\/editura-unibuc.ro\/en\/wp-json\/wp\/v2\/product_brand?post=5196"},{"taxonomy":"product_cat","embeddable":true,"href":"https:\/\/editura-unibuc.ro\/en\/wp-json\/wp\/v2\/product_cat?post=5196"},{"taxonomy":"product_tag","embeddable":true,"href":"https:\/\/editura-unibuc.ro\/en\/wp-json\/wp\/v2\/product_tag?post=5196"}],"curies":[{"name":"wp","href":"https:\/\/api.w.org\/{rel}","templated":true}]}}