{"id":52070,"date":"2026-05-14T10:25:15","date_gmt":"2026-05-14T07:25:15","guid":{"rendered":"https:\/\/editura-unibuc.ro\/?post_type=product&#038;p=52070"},"modified":"2026-05-14T10:25:16","modified_gmt":"2026-05-14T07:25:16","slug":"mind-the-gap-4-transformarea-experientei-universitare-programe-integrate-de-formare-a-competentelor-transversale-pentru-studenti-si-cadre-didactice","status":"publish","type":"product","link":"https:\/\/editura-unibuc.ro\/en\/mind-the-gap-4-transformarea-experientei-universitare-programe-integrate-de-formare-a-competentelor-transversale-pentru-studenti-si-cadre-didactice\/","title":{"rendered":"MIND THE GAP 4 &#8211; TRANSFORMAREA EXPERIEN\u021aEI UNIVERSITARE: PROGRAME INTEGRATE DE FORMARE A COMPETEN\u021aELOR TRANSVERSALE PENTRU STUDEN\u021aI \u0218I CADRE DIDACTICE"},"content":{"rendered":"","protected":false},"excerpt":{"rendered":"<p>Volumul Transformarea experien\u021bei universitare propune o viziune integrat\u0103 \u0219i inovatoare asupra form\u0103rii competen\u021belor transversale \u00een \u00eenv\u0103\u021b\u0103m\u00e2ntul superior, plas\u00e2nd \u00een centrul demersului rela\u021bia complementar-reflexiv\u0103 dintre studen\u021bi \u0219i cadre didactice. Coordonat de conf. univ. dr. Camelia R\u0103dulescu \u0219i elaborat cu ajutorul coordonatorilor laboratoarelor Centrului de \u00cenv\u0103\u021bare al Universit\u0103\u021bii din Bucure\u0219ti, conf. univ. dr. Laura Ciolan, conf. univ. dr. Cosmina Mironov \u0219i conf. univ. dr. Anca Petrescu, volumul ofer\u0103 un cadru strategic \u0219i opera\u021bional pentru dezvoltarea holistic\u0103 a comunit\u0103\u021bii academice. Lucrarea este structurat\u0103 \u00een dou\u0103 mari direc\u021bii: un program dedicat studen\u021bilor \u0219i unul adresat personalului academic. Prima parte detaliaz\u0103 un parcurs modular progresiv \u2013 WELCOME PACK, MANAGE PACK \u0219i BOOST PACK \u2013 conceput pentru a sprijini tranzi\u021bia c\u0103tre mediul universitar, consolidarea autonomiei \u00een \u00eenv\u0103\u021bare, dezvoltarea g\u00e2ndirii critice, a competen\u021belor digitale \u0219i a abilit\u0103\u021bilor de management al carierei. Abordarea este una blended-learning, bazat\u0103 pe \u00eenv\u0103\u021bare activ\u0103, reflec\u021bie \u0219i colaborare, cu un accent clar pe adaptare, performan\u021b\u0103 \u0219i integrare profesional\u0103. Cea de-a doua parte extinde aceast\u0103 perspectiv\u0103 c\u0103tre formarea continu\u0103 a cadrelor didactice, prin module dedicate pedagogiei competen\u021belor transversale, comunic\u0103rii educa\u021bionale, reflec\u021biei critice, digitaliz\u0103rii \u0219i leadershipului academic. Volumul sus\u021bine ideea c\u0103 dezvoltarea competen\u021belor studen\u021bilor este inseparabil\u0103 de dezvoltarea profesional\u0103 \u0219i reflexiv\u0103 a profesorilor. Prin fundamentare teoretic\u0103 solid\u0103, instrumente aplicative \u0219i exemple concrete de implementare, lucrarea se constituie \u00eentr-un ghid strategic pentru transformarea universit\u0103\u021bii \u00eentr-un spa\u021biu incluziv, reflexiv \u0219i orientat spre dezvoltarea integral\u0103 a individului. Astfel, volumul ofer\u0103 nu doar un program de formare, ci o direc\u021bie coerent\u0103 de modernizare a experien\u021bei universitare.<\/p>\n","protected":false},"featured_media":52071,"comment_status":"open","ping_status":"closed","template":"","meta":[],"product_brand":[],"product_cat":[3924,1531,2687,991,997],"product_tag":[3960],"class_list":{"0":"post-52070","1":"product","2":"type-product","3":"status-publish","4":"has-post-thumbnail","6":"product_cat-educatie-formare-si-dezvoltare-umana","7":"product_cat-colectii","8":"product_cat-stiintele-educatiei","9":"product_cat-stiinte-sociale","10":"product_cat-psihologie-stiintele-educatiei-si-pedagogie","11":"product_tag-competente-transversale","13":"first","14":"onbackorder","15":"shipping-taxable","16":"product-type-simple"},"_links":{"self":[{"href":"https:\/\/editura-unibuc.ro\/en\/wp-json\/wp\/v2\/product\/52070","targetHints":{"allow":["GET"]}}],"collection":[{"href":"https:\/\/editura-unibuc.ro\/en\/wp-json\/wp\/v2\/product"}],"about":[{"href":"https:\/\/editura-unibuc.ro\/en\/wp-json\/wp\/v2\/types\/product"}],"replies":[{"embeddable":true,"href":"https:\/\/editura-unibuc.ro\/en\/wp-json\/wp\/v2\/comments?post=52070"}],"wp:featuredmedia":[{"embeddable":true,"href":"https:\/\/editura-unibuc.ro\/en\/wp-json\/wp\/v2\/media\/52071"}],"wp:attachment":[{"href":"https:\/\/editura-unibuc.ro\/en\/wp-json\/wp\/v2\/media?parent=52070"}],"wp:term":[{"taxonomy":"product_brand","embeddable":true,"href":"https:\/\/editura-unibuc.ro\/en\/wp-json\/wp\/v2\/product_brand?post=52070"},{"taxonomy":"product_cat","embeddable":true,"href":"https:\/\/editura-unibuc.ro\/en\/wp-json\/wp\/v2\/product_cat?post=52070"},{"taxonomy":"product_tag","embeddable":true,"href":"https:\/\/editura-unibuc.ro\/en\/wp-json\/wp\/v2\/product_tag?post=52070"}],"curies":[{"name":"wp","href":"https:\/\/api.w.org\/{rel}","templated":true}]}}