{"id":5249,"date":"2013-02-22T12:09:38","date_gmt":"2013-02-22T09:09:38","guid":{"rendered":"https:\/\/editura-unibuc.ro\/?p=5249"},"modified":"2025-08-06T14:23:18","modified_gmt":"2025-08-06T11:23:18","slug":"lecturi-etnologice-asupra-ocupatiilor-traditionale","status":"publish","type":"product","link":"https:\/\/editura-unibuc.ro\/en\/lecturi-etnologice-asupra-ocupatiilor-traditionale\/","title":{"rendered":"ETHNOLOGICAL READINGS OF TRADITIONAL ACTIVITIES"},"content":{"rendered":"<p>Lucrarea de fa\u021b\u0103 se adreseaz\u0103 studen\u021bilor, masteranzilor \u0219i doctoranzilor care sunt preocupa\u021bi de valorile culturii populare rom\u00e2ne\u0219ti. Sunt prezentate doar acele ocupa\u021bii tradi\u021bionale a c\u0103ror prestare a generat valori spirituale notabile, apreciate ca veritabile documente ce p\u0103streaz\u0103 \u00eencrusta\u021bii arhaice. Prin urmare, nu se discut\u0103 dec\u00e2t tangen\u021bial despre ocupa\u021biile anexe \u0219i me\u0219te\u0219uguri, ci doar despre p\u0103storit, agricultur\u0103, v\u00e2n\u0103toare, pescuit \u0219i relativ succint, despre \u00eendeletnicirile casnice feminine. \u00cen alc\u0103tuirea sintezei s-a pornit de la o abordare descriptiv\u0103, istorico-etnografic\u0103, \u00eembog\u0103\u021bit\u0103 cu interpret\u0103ri etnologice, antropologice \u0219i folcloristice sugerate de tradi\u021biile orale generate de ocupa\u021biile dominante \u00een societatea \u021b\u0103r\u0103neasc\u0103. (Cf. <strong>Argument, <\/strong>Conf. Dr. Narcisa Alexandra \u0218tiuc\u0103)<\/p>\n","protected":false},"excerpt":{"rendered":"<p>Lucrarea de fa\u021b\u0103 se adreseaz\u0103 studen\u021bilor, masteranzilor \u0219i doctoranzilor care sunt preocupa\u021bi de valorile culturii populare rom\u00e2ne\u0219ti. Sunt prezentate doar acele ocupa\u021bii tradi\u021bionale a c\u0103ror prestare a generat valori spirituale notabile, apreciate ca veritabile documente ce p\u0103streaz\u0103 \u00eencrusta\u021bii arhaice. Prin urmare, nu se discut\u0103 dec\u00e2t tangen\u021bial despre ocupa\u021biile anexe \u0219i me\u0219te\u0219uguri, ci doar despre p\u0103storit, [&hellip;]<\/p>\n","protected":false},"featured_media":8834,"comment_status":"open","ping_status":"closed","template":"","meta":[],"product_brand":[],"product_cat":[1464,979],"product_tag":[957,958],"class_list":{"0":"post-5249","1":"product","2":"type-product","3":"status-publish","4":"has-post-thumbnail","6":"product_cat-filologie","7":"product_cat-limba-romana","8":"product_tag-etnologie","9":"product_tag-folclor","11":"first","12":"outofstock","13":"shipping-taxable","14":"purchasable","15":"product-type-simple"},"_links":{"self":[{"href":"https:\/\/editura-unibuc.ro\/en\/wp-json\/wp\/v2\/product\/5249","targetHints":{"allow":["GET"]}}],"collection":[{"href":"https:\/\/editura-unibuc.ro\/en\/wp-json\/wp\/v2\/product"}],"about":[{"href":"https:\/\/editura-unibuc.ro\/en\/wp-json\/wp\/v2\/types\/product"}],"replies":[{"embeddable":true,"href":"https:\/\/editura-unibuc.ro\/en\/wp-json\/wp\/v2\/comments?post=5249"}],"wp:featuredmedia":[{"embeddable":true,"href":"https:\/\/editura-unibuc.ro\/en\/wp-json\/wp\/v2\/media\/8834"}],"wp:attachment":[{"href":"https:\/\/editura-unibuc.ro\/en\/wp-json\/wp\/v2\/media?parent=5249"}],"wp:term":[{"taxonomy":"product_brand","embeddable":true,"href":"https:\/\/editura-unibuc.ro\/en\/wp-json\/wp\/v2\/product_brand?post=5249"},{"taxonomy":"product_cat","embeddable":true,"href":"https:\/\/editura-unibuc.ro\/en\/wp-json\/wp\/v2\/product_cat?post=5249"},{"taxonomy":"product_tag","embeddable":true,"href":"https:\/\/editura-unibuc.ro\/en\/wp-json\/wp\/v2\/product_tag?post=5249"}],"curies":[{"name":"wp","href":"https:\/\/api.w.org\/{rel}","templated":true}]}}