{"id":5258,"date":"2013-02-22T12:20:41","date_gmt":"2013-02-22T09:20:41","guid":{"rendered":"https:\/\/editura-unibuc.ro\/?p=5258"},"modified":"2015-03-13T15:34:59","modified_gmt":"2015-03-13T13:34:59","slug":"evolutia-spatiala-si-temporala-a-peisajelor-rurale-din-subcarpatii-cuprinsi-intre-buzau-si-ramnicu-sarat","status":"publish","type":"product","link":"https:\/\/editura-unibuc.ro\/en\/evolutia-spatiala-si-temporala-a-peisajelor-rurale-din-subcarpatii-cuprinsi-intre-buzau-si-ramnicu-sarat\/","title":{"rendered":"SPACE AND TIME EVOLUTION OF RURAL LANDSCAPES IN BETWEEN BUZ\u0102U AND R\u00c2MNICU-S\u0102RAT SUBCARPATHIAN MOUNTAINS"},"content":{"rendered":"<p>Noutatea metodologic\u0103 introdus\u0103 de dr. Niculae Iulian \u00een lucrare, ce o recomand\u0103m spre lecturare, o reprezint\u0103 estimarea dinamicii peisajului rural subcarpatic prin calcul \u0219i analiza valorilor metricilor peisajului . \u0218tiut fiind c\u0103 \u00een organizarea sistemelor ecologice, heterogenitatea \u0219i fragmentarea peisajelor sunt factori determinan\u021bi, autorul a utilizat metricii peisajului ca metod\u0103 de analiz\u0103 cantitativ\u0103 a structurii peisajului rural. \u00cen ansamblul s\u0103u, demersul d-lui dr. Niculae Iulian exceleaz\u0103 prin originalitatea abord\u0103rii peisajului rural subcarpatic, claritatea prezent\u0103rii metodologiei utilizate, vocabularul \u0219tiin\u021bific, larga informare bibliografic\u0103, la care se adaug\u0103 analiza pertinent\u0103 a datelor \u0219i observa\u021biilor din teren. (Prof. univ. dr. Maria P\u0103troescu)<\/p>\n","protected":false},"excerpt":{"rendered":"<p>Noutatea metodologic\u0103 introdus\u0103 de dr. Niculae Iulian \u00een lucrare, ce o recomand\u0103m spre lecturare, o reprezint\u0103 estimarea dinamicii peisajului rural subcarpatic prin calcul \u0219i analiza valorilor metricilor peisajului . \u0218tiut fiind c\u0103 \u00een organizarea sistemelor ecologice, heterogenitatea \u0219i fragmentarea peisajelor sunt factori determinan\u021bi, autorul a utilizat metricii peisajului ca metod\u0103 de analiz\u0103 cantitativ\u0103 a structurii [&hellip;]<\/p>\n","protected":false},"featured_media":8828,"comment_status":"open","ping_status":"closed","template":"","meta":[],"product_brand":[],"product_cat":[1466,989],"product_tag":[903],"class_list":{"0":"post-5258","1":"product","2":"type-product","3":"status-publish","4":"has-post-thumbnail","6":"product_cat-stiinte-ale-naturii","7":"product_cat-geografie","8":"product_tag-geografie","10":"first","11":"instock","12":"shipping-taxable","13":"purchasable","14":"product-type-simple"},"_links":{"self":[{"href":"https:\/\/editura-unibuc.ro\/en\/wp-json\/wp\/v2\/product\/5258","targetHints":{"allow":["GET"]}}],"collection":[{"href":"https:\/\/editura-unibuc.ro\/en\/wp-json\/wp\/v2\/product"}],"about":[{"href":"https:\/\/editura-unibuc.ro\/en\/wp-json\/wp\/v2\/types\/product"}],"replies":[{"embeddable":true,"href":"https:\/\/editura-unibuc.ro\/en\/wp-json\/wp\/v2\/comments?post=5258"}],"wp:featuredmedia":[{"embeddable":true,"href":"https:\/\/editura-unibuc.ro\/en\/wp-json\/wp\/v2\/media\/8828"}],"wp:attachment":[{"href":"https:\/\/editura-unibuc.ro\/en\/wp-json\/wp\/v2\/media?parent=5258"}],"wp:term":[{"taxonomy":"product_brand","embeddable":true,"href":"https:\/\/editura-unibuc.ro\/en\/wp-json\/wp\/v2\/product_brand?post=5258"},{"taxonomy":"product_cat","embeddable":true,"href":"https:\/\/editura-unibuc.ro\/en\/wp-json\/wp\/v2\/product_cat?post=5258"},{"taxonomy":"product_tag","embeddable":true,"href":"https:\/\/editura-unibuc.ro\/en\/wp-json\/wp\/v2\/product_tag?post=5258"}],"curies":[{"name":"wp","href":"https:\/\/api.w.org\/{rel}","templated":true}]}}