{"id":5301,"date":"2013-02-27T15:16:13","date_gmt":"2013-02-27T12:16:13","guid":{"rendered":"https:\/\/editura-unibuc.ro\/?p=5301"},"modified":"2015-03-13T15:34:19","modified_gmt":"2015-03-13T13:34:19","slug":"creatori-si-mituri-personale","status":"publish","type":"product","link":"https:\/\/editura-unibuc.ro\/en\/creatori-si-mituri-personale\/","title":{"rendered":"ARTISTS AND PERSONAL LEGENDS"},"content":{"rendered":"<p>Volumul reune\u0219te o serie de studii de literatur\u0103 comparat\u0103, iconologie \u0219i ekphrastic\u0103 ce exploreaz\u0103, \u00een marea lor majoritate, tema enun\u021bat\u0103 de titlu. \u201eCreatori \u0219i mituri personale\u201d a fost direc\u021bia de cercetare a celei de-a VII-a sesiuni de studii \u0219i comunic\u0103ri organizate de colectivul de literatur\u0103 comparat\u0103 din cadrul Departamentului de studii literare \u2013 singura manifestare din Facultatea de Litere adresat\u0103 \u00een special studen\u021bilor. Volumul este, \u00een fond, o incursiune \u00een literatur\u0103 \u0219i arte, axat\u0103 pe deschidere de tip comparatist, pe abord\u0103ri interdisciplinare \u0219i pe diversitatea mijloacelor de investigare a crea\u021biei artistice. Aduc\u00e2nd \u00een aten\u021bie scriitori cu profiluri din cele mai variate, paginile de fa\u021b\u0103 traseaz\u0103, \u00een cercetarea temelor \u0219i miturilor literare, liniile de continuitate \u00eentre epoci \u0219i culturi diferite. Textele autorilor \u2013 studen\u021bi, masteranzi, doctoranzi \u0219i profesori \u2013 dovedesc nu doar interesul pentru domeniul\u00a0 comparatist, ci \u0219i mobilitatea, intrinsec\u0103 disciplinei, \u00een abordarea fenomenelor literare \u0219i artistice. Demonstr\u00e2nd propensiunea c\u0103tre studiu, pasiune \u0219i capacitatea de a trata serios \u0219i uneori cu subtilitate subiectele alese, comunic\u0103rile din acest volum sunt semnul fast al contur\u0103rii unei tinere genera\u021bii de cercet\u0103tori \u00een aria comparatismului.<\/p>\n","protected":false},"excerpt":{"rendered":"<p>Volumul reune\u0219te o serie de studii de literatur\u0103 comparat\u0103, iconologie \u0219i ekphrastic\u0103 ce exploreaz\u0103, \u00een marea lor majoritate, tema enun\u021bat\u0103 de titlu. \u201eCreatori \u0219i mituri personale\u201d a fost direc\u021bia de cercetare a celei de-a VII-a sesiuni de studii \u0219i comunic\u0103ri organizate de colectivul de literatur\u0103 comparat\u0103 din cadrul Departamentului de studii literare \u2013 singura manifestare [&hellip;]<\/p>\n","protected":false},"featured_media":8824,"comment_status":"open","ping_status":"closed","template":"","meta":[],"product_brand":[],"product_cat":[1464,979],"product_tag":[919,925],"class_list":{"0":"post-5301","1":"product","2":"type-product","3":"status-publish","4":"has-post-thumbnail","6":"product_cat-filologie","7":"product_cat-limba-romana","8":"product_tag-literatura","9":"product_tag-romana","11":"first","12":"instock","13":"shipping-taxable","14":"purchasable","15":"product-type-simple"},"_links":{"self":[{"href":"https:\/\/editura-unibuc.ro\/en\/wp-json\/wp\/v2\/product\/5301","targetHints":{"allow":["GET"]}}],"collection":[{"href":"https:\/\/editura-unibuc.ro\/en\/wp-json\/wp\/v2\/product"}],"about":[{"href":"https:\/\/editura-unibuc.ro\/en\/wp-json\/wp\/v2\/types\/product"}],"replies":[{"embeddable":true,"href":"https:\/\/editura-unibuc.ro\/en\/wp-json\/wp\/v2\/comments?post=5301"}],"wp:featuredmedia":[{"embeddable":true,"href":"https:\/\/editura-unibuc.ro\/en\/wp-json\/wp\/v2\/media\/8824"}],"wp:attachment":[{"href":"https:\/\/editura-unibuc.ro\/en\/wp-json\/wp\/v2\/media?parent=5301"}],"wp:term":[{"taxonomy":"product_brand","embeddable":true,"href":"https:\/\/editura-unibuc.ro\/en\/wp-json\/wp\/v2\/product_brand?post=5301"},{"taxonomy":"product_cat","embeddable":true,"href":"https:\/\/editura-unibuc.ro\/en\/wp-json\/wp\/v2\/product_cat?post=5301"},{"taxonomy":"product_tag","embeddable":true,"href":"https:\/\/editura-unibuc.ro\/en\/wp-json\/wp\/v2\/product_tag?post=5301"}],"curies":[{"name":"wp","href":"https:\/\/api.w.org\/{rel}","templated":true}]}}