{"id":5384,"date":"2013-03-05T12:45:09","date_gmt":"2013-03-05T09:45:09","guid":{"rendered":"https:\/\/editura-unibuc.ro\/?p=5384"},"modified":"2015-03-13T15:33:25","modified_gmt":"2015-03-13T13:33:25","slug":"toxicologia-mercurului","status":"publish","type":"product","link":"https:\/\/editura-unibuc.ro\/en\/toxicologia-mercurului\/","title":{"rendered":"MERCURY&#8217;S TOXICOLOGY"},"content":{"rendered":"<p>Cuprins: \u00cen loc de prefa\u021b\u0103; I. Mercurul, stare natural\u0103, propriet\u0103\u021bi, utiliz\u0103ri; II. Mercurul \u0219i mediul \u00eenconjur\u0103tor; III. Cazuri de intoxica\u021bie colectiv\u0103 cu mercur; IV. Toxicocinetica mercurului. C\u0103ile de p\u0103trundere, absorb\u021bia \u0219i distribu\u021bia mercurului \u00een organism; V. Ac\u021biunea toxicodinamic\u0103 a mercurului; VI. Metode de tratament ale intoxica\u021biei cu mercur; Bibliografie.<\/p>\n","protected":false},"excerpt":{"rendered":"<p>Cuprins: \u00cen loc de prefa\u021b\u0103; I. Mercurul, stare natural\u0103, propriet\u0103\u021bi, utiliz\u0103ri; II. Mercurul \u0219i mediul \u00eenconjur\u0103tor; III. Cazuri de intoxica\u021bie colectiv\u0103 cu mercur; IV. Toxicocinetica mercurului. C\u0103ile de p\u0103trundere, absorb\u021bia \u0219i distribu\u021bia mercurului \u00een organism; V. Ac\u021biunea toxicodinamic\u0103 a mercurului; VI. Metode de tratament ale intoxica\u021biei cu mercur; Bibliografie.<\/p>\n","protected":false},"featured_media":8821,"comment_status":"closed","ping_status":"closed","template":"","meta":[],"product_brand":[],"product_cat":[982,983],"product_tag":[907],"class_list":{"0":"post-5384","1":"product","2":"type-product","3":"status-publish","4":"has-post-thumbnail","6":"product_cat-stiinte-exacte","7":"product_cat-chimie","8":"product_tag-chimie","10":"first","11":"instock","12":"shipping-taxable","13":"purchasable","14":"product-type-simple"},"_links":{"self":[{"href":"https:\/\/editura-unibuc.ro\/en\/wp-json\/wp\/v2\/product\/5384","targetHints":{"allow":["GET"]}}],"collection":[{"href":"https:\/\/editura-unibuc.ro\/en\/wp-json\/wp\/v2\/product"}],"about":[{"href":"https:\/\/editura-unibuc.ro\/en\/wp-json\/wp\/v2\/types\/product"}],"replies":[{"embeddable":true,"href":"https:\/\/editura-unibuc.ro\/en\/wp-json\/wp\/v2\/comments?post=5384"}],"wp:featuredmedia":[{"embeddable":true,"href":"https:\/\/editura-unibuc.ro\/en\/wp-json\/wp\/v2\/media\/8821"}],"wp:attachment":[{"href":"https:\/\/editura-unibuc.ro\/en\/wp-json\/wp\/v2\/media?parent=5384"}],"wp:term":[{"taxonomy":"product_brand","embeddable":true,"href":"https:\/\/editura-unibuc.ro\/en\/wp-json\/wp\/v2\/product_brand?post=5384"},{"taxonomy":"product_cat","embeddable":true,"href":"https:\/\/editura-unibuc.ro\/en\/wp-json\/wp\/v2\/product_cat?post=5384"},{"taxonomy":"product_tag","embeddable":true,"href":"https:\/\/editura-unibuc.ro\/en\/wp-json\/wp\/v2\/product_tag?post=5384"}],"curies":[{"name":"wp","href":"https:\/\/api.w.org\/{rel}","templated":true}]}}