{"id":5407,"date":"2013-03-05T13:02:53","date_gmt":"2013-03-05T10:02:53","guid":{"rendered":"https:\/\/editura-unibuc.ro\/?p=5407"},"modified":"2015-10-16T12:03:50","modified_gmt":"2015-10-16T09:03:50","slug":"managementul-bibliotecilor-suport-de-curs","status":"publish","type":"product","link":"https:\/\/editura-unibuc.ro\/en\/managementul-bibliotecilor-suport-de-curs\/","title":{"rendered":"LIBRARY MANAGEMENT. COURSE TEXTBOOK"},"content":{"rendered":"<p>Lucrarea de fa\u021b\u0103 constituie un ghid de management pentru cei care lucreaz\u0103 \u00een servicii de informare (biblioteci, centre de informare, arhive) \u00een structuri de dimensiuni mici, mijlocii sau mari dar \u0219i un suport de curs pentru studen\u021bi. Ea se concentreaz\u0103 pe managementul serviciilor de informare \u00eentr-un mediu dinamic unde informa\u021bia este esen\u021bial\u0103 pentru men\u021binerea competi\u021biei organiza\u021bionale prin satisfacerea clien\u021bilor, cre\u0219terea productivit\u0103\u021bii, performan\u021bei \u0219i viabilit\u0103\u021bii financiare. (Introducere, Ionel Enache)<\/p>","protected":false},"excerpt":{"rendered":"<p>Lucrarea de fa\u021b\u0103 constituie un ghid de management pentru cei care lucreaz\u0103 \u00een servicii de informare (biblioteci, centre de informare, arhive) \u00een structuri de dimensiuni mici, mijlocii sau mari dar \u0219i un suport de curs pentru studen\u021bi. Ea se concentreaz\u0103 pe managementul serviciilor de informare \u00eentr-un mediu dinamic unde informa\u021bia este esen\u021bial\u0103 pentru men\u021binerea competi\u021biei [&hellip;]<\/p>\n","protected":false},"featured_media":8809,"comment_status":"closed","ping_status":"closed","template":"","meta":[],"product_brand":[],"product_cat":[1464,979],"product_tag":[1297,1291],"class_list":{"0":"post-5407","1":"product","2":"type-product","3":"status-publish","4":"has-post-thumbnail","6":"product_cat-filologie","7":"product_cat-limba-romana","8":"product_tag-biblioteca","9":"product_tag-biblioteci","11":"first","12":"outofstock","13":"shipping-taxable","14":"purchasable","15":"product-type-simple"},"_links":{"self":[{"href":"https:\/\/editura-unibuc.ro\/en\/wp-json\/wp\/v2\/product\/5407","targetHints":{"allow":["GET"]}}],"collection":[{"href":"https:\/\/editura-unibuc.ro\/en\/wp-json\/wp\/v2\/product"}],"about":[{"href":"https:\/\/editura-unibuc.ro\/en\/wp-json\/wp\/v2\/types\/product"}],"replies":[{"embeddable":true,"href":"https:\/\/editura-unibuc.ro\/en\/wp-json\/wp\/v2\/comments?post=5407"}],"wp:featuredmedia":[{"embeddable":true,"href":"https:\/\/editura-unibuc.ro\/en\/wp-json\/wp\/v2\/media\/8809"}],"wp:attachment":[{"href":"https:\/\/editura-unibuc.ro\/en\/wp-json\/wp\/v2\/media?parent=5407"}],"wp:term":[{"taxonomy":"product_brand","embeddable":true,"href":"https:\/\/editura-unibuc.ro\/en\/wp-json\/wp\/v2\/product_brand?post=5407"},{"taxonomy":"product_cat","embeddable":true,"href":"https:\/\/editura-unibuc.ro\/en\/wp-json\/wp\/v2\/product_cat?post=5407"},{"taxonomy":"product_tag","embeddable":true,"href":"https:\/\/editura-unibuc.ro\/en\/wp-json\/wp\/v2\/product_tag?post=5407"}],"curies":[{"name":"wp","href":"https:\/\/api.w.org\/{rel}","templated":true}]}}