{"id":5412,"date":"2013-03-05T13:07:33","date_gmt":"2013-03-05T10:07:33","guid":{"rendered":"https:\/\/editura-unibuc.ro\/?p=5412"},"modified":"2016-05-11T11:35:52","modified_gmt":"2016-05-11T08:35:52","slug":"problema-minte-creier-in-neurostiinta-cognitiei","status":"publish","type":"product","link":"https:\/\/editura-unibuc.ro\/en\/problema-minte-creier-in-neurostiinta-cognitiei\/","title":{"rendered":"MIND-BRAIN CONTROVERSY IN COGNITIVE NEUROSCIENCE"},"content":{"rendered":"<p>Volumul de fa\u021b\u0103 cuprinde contribu\u021bii rom\u00e2ne\u0219ti originale \u00een domeniile neuro\u0219tiin\u021bei cogni\u021biei, precum \u0219i filosofiei min\u021bii \u0219i a limbajului, caracterul s\u0103u interdisciplinar fiind datorat naturii cercet\u0103rilor recente cu privire la rela\u021bia minte-corp. Sper\u0103m ca prin aceast\u0103 apari\u021bie s\u0103 stimul\u0103m dezvoltarea acestor cercet\u0103ri interdisciplinare \u00een mediul academic din Rom\u00e2nia. (Editorii)<\/p>","protected":false},"excerpt":{"rendered":"<p>Volumul de fa\u021b\u0103 cuprinde contribu\u021bii rom\u00e2ne\u0219ti originale \u00een domeniile neuro\u0219tiin\u021bei cogni\u021biei, precum \u0219i filosofiei min\u021bii \u0219i a limbajului, caracterul s\u0103u interdisciplinar fiind datorat naturii cercet\u0103rilor recente cu privire la rela\u021bia minte-corp. Sper\u0103m ca prin aceast\u0103 apari\u021bie s\u0103 stimul\u0103m dezvoltarea acestor cercet\u0103ri interdisciplinare \u00een mediul academic din Rom\u00e2nia. (Editorii)<\/p>\n","protected":false},"featured_media":8806,"comment_status":"closed","ping_status":"closed","template":"","meta":[],"product_brand":[],"product_cat":[991,994],"product_tag":[921,1111],"class_list":{"0":"post-5412","1":"product","2":"type-product","3":"status-publish","4":"has-post-thumbnail","6":"product_cat-stiinte-sociale","7":"product_cat-filosofie","8":"product_tag-filosofie","9":"product_tag-psihologie","11":"first","12":"outofstock","13":"shipping-taxable","14":"purchasable","15":"product-type-simple"},"_links":{"self":[{"href":"https:\/\/editura-unibuc.ro\/en\/wp-json\/wp\/v2\/product\/5412","targetHints":{"allow":["GET"]}}],"collection":[{"href":"https:\/\/editura-unibuc.ro\/en\/wp-json\/wp\/v2\/product"}],"about":[{"href":"https:\/\/editura-unibuc.ro\/en\/wp-json\/wp\/v2\/types\/product"}],"replies":[{"embeddable":true,"href":"https:\/\/editura-unibuc.ro\/en\/wp-json\/wp\/v2\/comments?post=5412"}],"wp:featuredmedia":[{"embeddable":true,"href":"https:\/\/editura-unibuc.ro\/en\/wp-json\/wp\/v2\/media\/8806"}],"wp:attachment":[{"href":"https:\/\/editura-unibuc.ro\/en\/wp-json\/wp\/v2\/media?parent=5412"}],"wp:term":[{"taxonomy":"product_brand","embeddable":true,"href":"https:\/\/editura-unibuc.ro\/en\/wp-json\/wp\/v2\/product_brand?post=5412"},{"taxonomy":"product_cat","embeddable":true,"href":"https:\/\/editura-unibuc.ro\/en\/wp-json\/wp\/v2\/product_cat?post=5412"},{"taxonomy":"product_tag","embeddable":true,"href":"https:\/\/editura-unibuc.ro\/en\/wp-json\/wp\/v2\/product_tag?post=5412"}],"curies":[{"name":"wp","href":"https:\/\/api.w.org\/{rel}","templated":true}]}}