{"id":5422,"date":"2013-03-05T13:16:29","date_gmt":"2013-03-05T10:16:29","guid":{"rendered":"https:\/\/editura-unibuc.ro\/?p=5422"},"modified":"2025-08-07T10:51:40","modified_gmt":"2025-08-07T07:51:40","slug":"revista-romana-de-filosofie-analitica-vol-v-nr-2-iulie-decembrie-2011","status":"publish","type":"product","link":"https:\/\/editura-unibuc.ro\/en\/revista-romana-de-filosofie-analitica-vol-v-nr-2-iulie-decembrie-2011\/","title":{"rendered":"ANALYTICAL PHILOSOPHY ROMANIAN REVIEW, Vol. V, Nr.2, July-December 2011"},"content":{"rendered":"<p>Cuprins: Jasper Doomen, Conceptualizing meaning; Radu Dud\u0103u, Algorithmic rivals: do they pose a threat to scientific realism? Peter G\u00e4rdenfors, Inductive reasoning: from Carnap to cognitive science; Vlad Andreica, The ontological argument and the problem of existence in analytic philosophy; Vlad Andreica, Argumentul ontologic \u0219i problema existen\u021bei \u00een filosofia analitic\u0103; Walther Prager, Aristotel: non-contadic\u021bie \u0219i unitate \u00een Metafizica \u0393 (Aristotle: non-contradiction and unity in Metaphysics \u0393); Jaakko Hintikka: \u201eM\u0103 tem c\u0103, \u00een domeniile centrale ale filosofiei, s-a ajuns la stagnare, la paralizie\u201d.<\/p>\n","protected":false},"excerpt":{"rendered":"<p>Cuprins: Jasper Doomen, Conceptualizing meaning; Radu Dud\u0103u, Algorithmic rivals: do they pose a threat to scientific realism? Peter G\u00e4rdenfors, Inductive reasoning: from Carnap to cognitive science; Vlad Andreica, The ontological argument and the problem of existence in analytic philosophy; Vlad Andreica, Argumentul ontologic \u0219i problema existen\u021bei \u00een filosofia analitic\u0103; Walther Prager, Aristotel: non-contadic\u021bie \u0219i unitate [&hellip;]<\/p>\n","protected":false},"featured_media":8799,"comment_status":"closed","ping_status":"closed","template":"","meta":[],"product_brand":[],"product_cat":[3919,1469,1893,991,994],"product_tag":[921],"class_list":{"0":"post-5422","1":"product","2":"type-product","3":"status-publish","4":"has-post-thumbnail","6":"product_cat-revista-romana-de-filosofie-analitica","7":"product_cat-periodice","8":"product_cat-reviste-academice","9":"product_cat-stiinte-sociale","10":"product_cat-filosofie","11":"product_tag-filosofie","13":"first","14":"outofstock","15":"purchasable","16":"product-type-simple"},"_links":{"self":[{"href":"https:\/\/editura-unibuc.ro\/en\/wp-json\/wp\/v2\/product\/5422","targetHints":{"allow":["GET"]}}],"collection":[{"href":"https:\/\/editura-unibuc.ro\/en\/wp-json\/wp\/v2\/product"}],"about":[{"href":"https:\/\/editura-unibuc.ro\/en\/wp-json\/wp\/v2\/types\/product"}],"replies":[{"embeddable":true,"href":"https:\/\/editura-unibuc.ro\/en\/wp-json\/wp\/v2\/comments?post=5422"}],"wp:featuredmedia":[{"embeddable":true,"href":"https:\/\/editura-unibuc.ro\/en\/wp-json\/wp\/v2\/media\/8799"}],"wp:attachment":[{"href":"https:\/\/editura-unibuc.ro\/en\/wp-json\/wp\/v2\/media?parent=5422"}],"wp:term":[{"taxonomy":"product_brand","embeddable":true,"href":"https:\/\/editura-unibuc.ro\/en\/wp-json\/wp\/v2\/product_brand?post=5422"},{"taxonomy":"product_cat","embeddable":true,"href":"https:\/\/editura-unibuc.ro\/en\/wp-json\/wp\/v2\/product_cat?post=5422"},{"taxonomy":"product_tag","embeddable":true,"href":"https:\/\/editura-unibuc.ro\/en\/wp-json\/wp\/v2\/product_tag?post=5422"}],"curies":[{"name":"wp","href":"https:\/\/api.w.org\/{rel}","templated":true}]}}