{"id":5429,"date":"2013-03-05T13:23:02","date_gmt":"2013-03-05T10:23:02","guid":{"rendered":"https:\/\/editura-unibuc.ro\/?p=5429"},"modified":"2017-08-04T10:09:19","modified_gmt":"2017-08-04T07:09:19","slug":"chimie","status":"publish","type":"product","link":"https:\/\/editura-unibuc.ro\/en\/chimie\/","title":{"rendered":"CHEMISTRY"},"content":{"rendered":"<p>Destinat\u0103 studen\u021bilor Facult\u0103\u021bii de Geologie \u0219i Geofizic\u0103, prezenta carte con\u021bine no\u021biuni de chimie general\u0103 \u0219i chimie anorganic\u0103 predate \u00een semestrul I al primul an de studiu la disciplina Chimie. Includerea \u00eentr-un singur curs at\u00e2t a no\u021biunilor de baz\u0103 ale chimiei, c\u00e2t \u0219i a unor no\u021biuni specifice, care s\u0103 se adreseze unor viitori geologi, este extrem de dificil de realizat. Din acest motiv, este absolut necesar a prezenta chimia \u00eentr-o manier\u0103 logic\u0103, ce porne\u0219te de la \u00een\u021belegerea structurii materiei, a periodicit\u0103\u021bii propriet\u0103\u021bilor atomilor, continu\u00e2nd cu leg\u0103turi chimice \u0219i for\u021be de interac\u021bie intermoleculare \u0219i, pe baza acestora, explicarea reactivit\u0103\u021bii chimice a elementelor. Apari\u021bia celei de-a doua edi\u021bii a c\u0103r\u021bii a fost impus\u0103 de necesitatea revizuirii \u0219i actualiz\u0103rii permanente a no\u021biunilor generale \u0219i specifice \u00een orice \u0219tiin\u021b\u0103 exact\u0103. Cartea r\u0103spunde solicit\u0103rilor studen\u021bilor de a avea la dispozi\u021bie un material didactic sistematizat, care s\u0103 constituie un fundament pentru studii aprofundate \u00een chimie. (Autoarea)<\/p>\n","protected":false},"excerpt":{"rendered":"<p>Destinat\u0103 studen\u021bilor Facult\u0103\u021bii de Geologie \u0219i Geofizic\u0103, prezenta carte con\u021bine no\u021biuni de chimie general\u0103 \u0219i chimie anorganic\u0103 predate \u00een semestrul I al primul an de studiu la disciplina Chimie. Includerea \u00eentr-un singur curs at\u00e2t a no\u021biunilor de baz\u0103 ale chimiei, c\u00e2t \u0219i a unor no\u021biuni specifice, care s\u0103 se adreseze unor viitori geologi, este extrem [&hellip;]<\/p>\n","protected":false},"featured_media":8796,"comment_status":"closed","ping_status":"closed","template":"","meta":[],"product_brand":[],"product_cat":[1466,990],"product_tag":[907,909],"class_list":{"0":"post-5429","1":"product","2":"type-product","3":"status-publish","4":"has-post-thumbnail","6":"product_cat-stiinte-ale-naturii","7":"product_cat-geologie","8":"product_tag-chimie","9":"product_tag-geologie","11":"first","12":"outofstock","13":"shipping-taxable","14":"purchasable","15":"product-type-simple"},"_links":{"self":[{"href":"https:\/\/editura-unibuc.ro\/en\/wp-json\/wp\/v2\/product\/5429","targetHints":{"allow":["GET"]}}],"collection":[{"href":"https:\/\/editura-unibuc.ro\/en\/wp-json\/wp\/v2\/product"}],"about":[{"href":"https:\/\/editura-unibuc.ro\/en\/wp-json\/wp\/v2\/types\/product"}],"replies":[{"embeddable":true,"href":"https:\/\/editura-unibuc.ro\/en\/wp-json\/wp\/v2\/comments?post=5429"}],"wp:featuredmedia":[{"embeddable":true,"href":"https:\/\/editura-unibuc.ro\/en\/wp-json\/wp\/v2\/media\/8796"}],"wp:attachment":[{"href":"https:\/\/editura-unibuc.ro\/en\/wp-json\/wp\/v2\/media?parent=5429"}],"wp:term":[{"taxonomy":"product_brand","embeddable":true,"href":"https:\/\/editura-unibuc.ro\/en\/wp-json\/wp\/v2\/product_brand?post=5429"},{"taxonomy":"product_cat","embeddable":true,"href":"https:\/\/editura-unibuc.ro\/en\/wp-json\/wp\/v2\/product_cat?post=5429"},{"taxonomy":"product_tag","embeddable":true,"href":"https:\/\/editura-unibuc.ro\/en\/wp-json\/wp\/v2\/product_tag?post=5429"}],"curies":[{"name":"wp","href":"https:\/\/api.w.org\/{rel}","templated":true}]}}