{"id":5445,"date":"2013-03-11T12:57:09","date_gmt":"2013-03-11T09:57:09","guid":{"rendered":"https:\/\/editura-unibuc.ro\/?p=5445"},"modified":"2015-03-13T15:25:53","modified_gmt":"2015-03-13T13:25:53","slug":"bazinul-hidrografic-olanesti-studiu-de-geomorfologie","status":"publish","type":"product","link":"https:\/\/editura-unibuc.ro\/en\/bazinul-hidrografic-olanesti-studiu-de-geomorfologie\/","title":{"rendered":"OL\u0102NE\u0218TI HYDROGRAPHIC BASIN. Geomorphology Study"},"content":{"rendered":"<p>Scopul principal al lucr\u0103rii este stabilirea leg\u0103turilor func\u021bionale dintre cadrul fizic, procesele \u0219i fenomenele geomorfologice generate \u0219i amprenta factorului antropic, integrate \u00eentr-un spa\u021biu aflat sub controlul sistemului hidrografic unitar ca element de echilibru. (Cf. Argument: Laura T\u00ceRL\u0102) ; Cuprins: I. Individualitatea geomorfologic\u0103 a bazinului hidrografic Ol\u0103ne\u0219ti; II. Morfografia \u0219i morfometria bazinului hidrografic Ol\u0103ne\u0219ti; III. Evolu\u021bia paleogeografic\u0103 \u0219i formarea sistemului hidrografic; IV. Factorii de control \u00een morfogenez\u0103 \u0219i tipurile de relief asociate; V. Poten\u021bialul de exploatare a reliefului \u0219i dinamica actual\u0103 \u00een condi\u021biile interven\u021biei antropice; Bibliografie; Siteografie; Ilustra\u021bie de calitate \u00een forme diverse de redare, inclusiv sistemul digital ArcGIS \u0219i combina\u021bia dintre grafic\u0103, fotografie \u0219i profile de sintez\u0103.<\/p>\n","protected":false},"excerpt":{"rendered":"<p>Scopul principal al lucr\u0103rii este stabilirea leg\u0103turilor func\u021bionale dintre cadrul fizic, procesele \u0219i fenomenele geomorfologice generate \u0219i amprenta factorului antropic, integrate \u00eentr-un spa\u021biu aflat sub controlul sistemului hidrografic unitar ca element de echilibru. (Cf. Argument: Laura T\u00ceRL\u0102) ; Cuprins: I. Individualitatea geomorfologic\u0103 a bazinului hidrografic Ol\u0103ne\u0219ti; II. Morfografia \u0219i morfometria bazinului hidrografic Ol\u0103ne\u0219ti; III. Evolu\u021bia [&hellip;]<\/p>\n","protected":false},"featured_media":8793,"comment_status":"closed","ping_status":"closed","template":"","meta":[],"product_brand":[],"product_cat":[1466,989],"product_tag":[903],"class_list":{"0":"post-5445","1":"product","2":"type-product","3":"status-publish","4":"has-post-thumbnail","6":"product_cat-stiinte-ale-naturii","7":"product_cat-geografie","8":"product_tag-geografie","10":"first","11":"instock","12":"shipping-taxable","13":"purchasable","14":"product-type-simple"},"_links":{"self":[{"href":"https:\/\/editura-unibuc.ro\/en\/wp-json\/wp\/v2\/product\/5445","targetHints":{"allow":["GET"]}}],"collection":[{"href":"https:\/\/editura-unibuc.ro\/en\/wp-json\/wp\/v2\/product"}],"about":[{"href":"https:\/\/editura-unibuc.ro\/en\/wp-json\/wp\/v2\/types\/product"}],"replies":[{"embeddable":true,"href":"https:\/\/editura-unibuc.ro\/en\/wp-json\/wp\/v2\/comments?post=5445"}],"wp:featuredmedia":[{"embeddable":true,"href":"https:\/\/editura-unibuc.ro\/en\/wp-json\/wp\/v2\/media\/8793"}],"wp:attachment":[{"href":"https:\/\/editura-unibuc.ro\/en\/wp-json\/wp\/v2\/media?parent=5445"}],"wp:term":[{"taxonomy":"product_brand","embeddable":true,"href":"https:\/\/editura-unibuc.ro\/en\/wp-json\/wp\/v2\/product_brand?post=5445"},{"taxonomy":"product_cat","embeddable":true,"href":"https:\/\/editura-unibuc.ro\/en\/wp-json\/wp\/v2\/product_cat?post=5445"},{"taxonomy":"product_tag","embeddable":true,"href":"https:\/\/editura-unibuc.ro\/en\/wp-json\/wp\/v2\/product_tag?post=5445"}],"curies":[{"name":"wp","href":"https:\/\/api.w.org\/{rel}","templated":true}]}}